{"id":4496,"date":"2019-11-28T00:55:25","date_gmt":"2019-11-27T23:55:25","guid":{"rendered":"https:\/\/barnmissionen.se\/?page_id=4496"},"modified":"2025-09-29T14:55:12","modified_gmt":"2025-09-29T12:55:12","slug":"contact-us","status":"publish","type":"page","link":"https:\/\/barnmissionen.se\/en\/contact-us\/","title":{"rendered":"Contact us"},"content":{"rendered":"\n<div style=\"height:26px\" aria-hidden=\"true\" class=\"wp-block-spacer\"><\/div>\n\n\n\n<p>Phone number: +46 (0)40 689 30 40<\/p>\n\n\n\n<p><strong>E-mail<\/strong>: <a href=\"info@barnmissionen.se\">info@barnmissionen.se<\/a><\/p>\n\n\n\n<p><strong>Address<\/strong>: Str\u00f6mgatan 14, 212 25 Malm\u00f6<\/p>\n\n\n\n<p><strong>Donations: Plusgiro:<\/strong> 901080-2 <strong>Bankgiro:<\/strong> 901-0802 <strong>Swish:<\/strong> 9010802  <strong>International Bank Account Number: Iban:<\/strong> SE9850000000055131091551 <strong>Bic:<\/strong> ESSESESS  <\/p>\n\n\n\n<p><strong>Opening Hours: <\/strong>Mon-Fri 9AM-3PM<\/p>\n\n\n\n<h1 class=\"wp-block-heading has-text-align-left\">Personnel in Sweden<\/h1>\n\n\n\n<div class=\"wp-block-media-text alignwide is-stacked-on-mobile is-image-fill-element has-background\" style=\"background-color:#d9f1ff;grid-template-columns:18% auto\"><figure class=\"wp-block-media-text__media\"><img loading=\"lazy\" decoding=\"async\" width=\"600\" height=\"715\" src=\"https:\/\/barnmissionen.se\/wp-content\/uploads\/2020\/09\/Bosse600x715.jpg\" alt=\"\" class=\"wp-image-5489 size-full\" style=\"object-position:50% 50%\" srcset=\"https:\/\/barnmissionen.se\/wp-content\/uploads\/2020\/09\/Bosse600x715.jpg 600w, https:\/\/barnmissionen.se\/wp-content\/uploads\/2020\/09\/Bosse600x715-252x300.jpg 252w\" sizes=\"auto, (max-width: 600px) 100vw, 600px\" \/><\/figure><div class=\"wp-block-media-text__content\">\n<h4 class=\"wp-block-heading has-black-color has-text-color\">Bo Wallenberg<\/h4>\n\n\n\n<p><strong>Secretary General<\/strong><\/p>\n\n\n\n<p><em>Fundraising, communication, market<\/em><\/p>\n\n\n\n<p><a href=\"mailto:bo.wallenberg@barnmissionen.se\">bo.wallenberg@barnmissionen.se<\/a><\/p>\n\n\n\n<p>+46 (0)40-689 30 40<\/p>\n<\/div><\/div>\n\n\n\n<div class=\"wp-block-media-text alignwide is-stacked-on-mobile is-image-fill-element has-pale-cyan-blue-background-color has-background\" style=\"grid-template-columns:18% auto\"><figure class=\"wp-block-media-text__media\"><img loading=\"lazy\" decoding=\"async\" width=\"600\" height=\"715\" src=\"https:\/\/barnmissionen.se\/wp-content\/uploads\/2020\/09\/Jennifer-600x715-1.jpg\" alt=\"\" class=\"wp-image-5496 size-full\" style=\"object-position:50% 50%\" srcset=\"https:\/\/barnmissionen.se\/wp-content\/uploads\/2020\/09\/Jennifer-600x715-1.jpg 600w, https:\/\/barnmissionen.se\/wp-content\/uploads\/2020\/09\/Jennifer-600x715-1-252x300.jpg 252w\" sizes=\"auto, (max-width: 600px) 100vw, 600px\" \/><\/figure><div class=\"wp-block-media-text__content\">\n<h4 class=\"wp-block-heading has-black-color has-text-color\">Jennifer Larsson<\/h4>\n\n\n\n<p><strong>Administration manager<\/strong><\/p>\n\n\n\n<p><em>HR Executive<\/em><\/p>\n\n\n\n<p><a href=\"mailto:jennifer.larsson@barnmissionen.se\">jennifer.larsson@barnmissionen.se<\/a><\/p>\n\n\n\n<p>+46 (0)040-608 48 43<\/p>\n<\/div><\/div>\n\n\n\n<div class=\"wp-block-media-text alignwide is-stacked-on-mobile is-image-fill-element has-background\" style=\"background-color:#d9f1ff;grid-template-columns:18% auto\"><figure class=\"wp-block-media-text__media\"><img loading=\"lazy\" decoding=\"async\" width=\"600\" height=\"715\" src=\"https:\/\/barnmissionen.se\/wp-content\/uploads\/2020\/09\/Eva-R-600x715-1.jpg\" alt=\"\" class=\"wp-image-5493 size-full\" style=\"object-position:50% 50%\" srcset=\"https:\/\/barnmissionen.se\/wp-content\/uploads\/2020\/09\/Eva-R-600x715-1.jpg 600w, https:\/\/barnmissionen.se\/wp-content\/uploads\/2020\/09\/Eva-R-600x715-1-252x300.jpg 252w\" sizes=\"auto, (max-width: 600px) 100vw, 600px\" \/><\/figure><div class=\"wp-block-media-text__content\">\n<h4 class=\"wp-block-heading has-black-color has-text-color\">Eva Ruderstam <\/h4>\n\n\n\n<p><strong>Communicator<\/strong><\/p>\n\n\n\n<p><em>Responsible for magazine, website, social media and press contacts<\/em><\/p>\n\n\n\n<p><a href=\"mailto:eva.ruderstam@barnmissionen.se\">eva.ruderstam@barnmissionen.se<\/a><\/p>\n\n\n\n<p>+46 (0)40-608 61 31<\/p>\n<\/div><\/div>\n\n\n\n<div class=\"wp-block-media-text alignwide is-stacked-on-mobile is-image-fill-element has-pale-cyan-blue-background-color has-background\" style=\"grid-template-columns:18% auto\"><figure class=\"wp-block-media-text__media\"><img loading=\"lazy\" decoding=\"async\" width=\"142\" height=\"179\" src=\"https:\/\/barnmissionen.se\/wp-content\/uploads\/2019\/04\/Anders-M\u00e5rtensson142.jpg\" alt=\"\" class=\"wp-image-883 size-full\" style=\"object-position:50% 50%\"\/><\/figure><div class=\"wp-block-media-text__content\">\n<h4 class=\"wp-block-heading has-black-color has-text-color\">Anders M\u00e5rtensson <\/h4>\n\n\n\n<p><strong>Head of International Department<\/strong><\/p>\n\n\n\n<p><a href=\"mailto:anders.martensson@barnmissionen.se\">anders.martensson@barnmissionen.se<\/a><\/p>\n\n\n\n<p>+46 (0)40-608 61 33<\/p>\n<\/div><\/div>\n\n\n\n<div class=\"wp-block-media-text alignwide is-stacked-on-mobile is-image-fill-element has-black-color has-text-color has-background\" style=\"background-color:#d9f1ff;grid-template-columns:18% auto\"><figure class=\"wp-block-media-text__media\"><img loading=\"lazy\" decoding=\"async\" width=\"600\" height=\"715\" src=\"https:\/\/barnmissionen.se\/wp-content\/uploads\/2025\/09\/Maria-Owiredu600x715.jpg\" alt=\"\" class=\"wp-image-12145 size-full\" style=\"object-position:50% 50%\" srcset=\"https:\/\/barnmissionen.se\/wp-content\/uploads\/2025\/09\/Maria-Owiredu600x715.jpg 600w, https:\/\/barnmissionen.se\/wp-content\/uploads\/2025\/09\/Maria-Owiredu600x715-252x300.jpg 252w\" sizes=\"auto, (max-width: 600px) 100vw, 600px\" \/><\/figure><div class=\"wp-block-media-text__content\">\n<h4 class=\"wp-block-heading has-black-color has-text-color\">Maria Owiredu<\/h4>\n\n\n\n<p><strong>Project Coordinator<\/strong><\/p>\n\n\n\n<p><a href=\"mailto:maria.owiredu@barnmissionen.se\">maria.owiredu@barnmissionen.se<\/a><\/p>\n\n\n\n<p>+46 (0)40-608 48 42<\/p>\n<\/div><\/div>\n\n\n\n<div class=\"wp-block-media-text alignwide is-stacked-on-mobile is-image-fill-element has-black-color has-pale-cyan-blue-background-color has-text-color has-background\" style=\"grid-template-columns:18% auto\"><figure class=\"wp-block-media-text__media\"><img loading=\"lazy\" decoding=\"async\" width=\"600\" height=\"715\" src=\"https:\/\/barnmissionen.se\/wp-content\/uploads\/2025\/09\/Anna-600x715-1.jpg\" alt=\"\" class=\"wp-image-12154 size-full\" style=\"object-position:50% 50%\" srcset=\"https:\/\/barnmissionen.se\/wp-content\/uploads\/2025\/09\/Anna-600x715-1.jpg 600w, https:\/\/barnmissionen.se\/wp-content\/uploads\/2025\/09\/Anna-600x715-1-252x300.jpg 252w\" sizes=\"auto, (max-width: 600px) 100vw, 600px\" \/><\/figure><div class=\"wp-block-media-text__content\">\n<h4 class=\"wp-block-heading has-black-color has-text-color\">Anna Lundberg<\/h4>\n\n\n\n<p><strong>Project Coordinator<\/strong><\/p>\n\n\n\n<p><a href=\"mailto:anna.lundberg@barnmissionen.se\">anna.lundberg@barnmissionen.se<\/a><\/p>\n\n\n\n<p>+46 (0)40-608 61 34<\/p>\n<\/div><\/div>\n\n\n\n<div class=\"wp-block-media-text alignwide is-stacked-on-mobile is-image-fill-element has-background\" style=\"background-color:#d9f1ff;grid-template-columns:18% auto\"><figure class=\"wp-block-media-text__media\"><img loading=\"lazy\" decoding=\"async\" width=\"599\" height=\"713\" src=\"https:\/\/barnmissionen.se\/wp-content\/uploads\/2022\/09\/Lynni-Ramdeen2-600x715-1.jpg\" alt=\"\" class=\"wp-image-8348 size-full\" style=\"object-position:50% 50%\" srcset=\"https:\/\/barnmissionen.se\/wp-content\/uploads\/2022\/09\/Lynni-Ramdeen2-600x715-1.jpg 599w, https:\/\/barnmissionen.se\/wp-content\/uploads\/2022\/09\/Lynni-Ramdeen2-600x715-1-252x300.jpg 252w\" sizes=\"auto, (max-width: 599px) 100vw, 599px\" \/><\/figure><div class=\"wp-block-media-text__content\">\n<h4 class=\"wp-block-heading has-black-color has-text-color\">Lynni Ramdeen<\/h4>\n\n\n\n<p><strong>Program Coordinator<\/strong><\/p>\n\n\n\n<p><a href=\"mailto:lynni.ramdeen@barnmissionen.se\" data-type=\"mailto\" data-id=\"mailto:lynni.ramdeen@barnmissionen.se\">lynni.ramdeen@barnmissionen.se<\/a><\/p>\n\n\n\n<p>+46 (0)40-608 48 41<\/p>\n<\/div><\/div>\n\n\n\n<div class=\"wp-block-media-text alignwide is-stacked-on-mobile is-image-fill-element has-pale-cyan-blue-background-color has-background\" style=\"grid-template-columns:18% auto\"><figure class=\"wp-block-media-text__media\"><img loading=\"lazy\" decoding=\"async\" width=\"600\" height=\"715\" src=\"https:\/\/barnmissionen.se\/wp-content\/uploads\/2024\/09\/Camilla600x715.jpg\" alt=\"\" class=\"wp-image-10994 size-full\" style=\"object-position:50% 50%\" srcset=\"https:\/\/barnmissionen.se\/wp-content\/uploads\/2024\/09\/Camilla600x715.jpg 600w, https:\/\/barnmissionen.se\/wp-content\/uploads\/2024\/09\/Camilla600x715-252x300.jpg 252w\" sizes=\"auto, (max-width: 600px) 100vw, 600px\" \/><\/figure><div class=\"wp-block-media-text__content\">\n<h4 class=\"wp-block-heading has-black-color has-text-color\">Camilla Andersson<\/h4>\n\n\n\n<p><strong>Project Economist<\/strong><\/p>\n\n\n\n<p><a href=\"mailto:camilla.andersson@barnmissionen.se\">camilla.andersson@barnmissionen.se<\/a><\/p>\n\n\n\n<p>+46 (0)40-608 48 40<\/p>\n<\/div><\/div>\n\n\n\n<div class=\"wp-block-media-text alignwide is-stacked-on-mobile is-image-fill-element has-background\" style=\"background-color:#d9f1ff;grid-template-columns:18% auto\"><figure class=\"wp-block-media-text__media\"><img loading=\"lazy\" decoding=\"async\" width=\"600\" height=\"715\" src=\"https:\/\/barnmissionen.se\/wp-content\/uploads\/2020\/09\/Elif-600x715-2.jpg\" alt=\"\" class=\"wp-image-5504 size-full\" style=\"object-position:50% 50%\" srcset=\"https:\/\/barnmissionen.se\/wp-content\/uploads\/2020\/09\/Elif-600x715-2.jpg 600w, https:\/\/barnmissionen.se\/wp-content\/uploads\/2020\/09\/Elif-600x715-2-252x300.jpg 252w\" sizes=\"auto, (max-width: 600px) 100vw, 600px\" \/><\/figure><div class=\"wp-block-media-text__content\">\n<h4 class=\"wp-block-heading has-black-color has-text-color\">Elif Alindri<\/h4>\n\n\n\n<p><strong>Finance Accountant<\/strong><\/p>\n\n\n\n<p><a href=\"elif.alindri@barnmissionen.se\">elif.alindri@barnmissionen.se<\/a><\/p>\n\n\n\n<p>040-620 69 20<\/p>\n<\/div><\/div>\n\n\n\n<div class=\"wp-block-media-text alignwide is-stacked-on-mobile is-image-fill-element has-pale-cyan-blue-background-color has-background\" style=\"grid-template-columns:18% auto\"><figure class=\"wp-block-media-text__media\"><img loading=\"lazy\" decoding=\"async\" width=\"515\" height=\"773\" src=\"https:\/\/barnmissionen.se\/wp-content\/uploads\/2024\/01\/Linda-Carlsson515x773.jpg\" alt=\"\" class=\"wp-image-10242 size-full\" style=\"object-position:50% 50%\" srcset=\"https:\/\/barnmissionen.se\/wp-content\/uploads\/2024\/01\/Linda-Carlsson515x773.jpg 515w, https:\/\/barnmissionen.se\/wp-content\/uploads\/2024\/01\/Linda-Carlsson515x773-200x300.jpg 200w\" sizes=\"auto, (max-width: 515px) 100vw, 515px\" \/><\/figure><div class=\"wp-block-media-text__content\">\n<h4 class=\"wp-block-heading has-black-color has-text-color\">Linda Carlsson<\/h4>\n\n\n\n<p><strong>Secretary, project leader<\/strong><\/p>\n\n\n\n<p><em>Reception, sponsorships, gifts, volunteer<\/em><\/p>\n\n\n\n<p><a href=\"mailto:linda.carlsson@barnmissionen.se\">linda.carlsson@barnmissionen.se<\/a><\/p>\n\n\n\n<p>+46 (0)40-620 04 44<\/p>\n<\/div><\/div>\n\n\n\n<div class=\"wp-block-media-text alignwide is-stacked-on-mobile is-image-fill-element has-background\" style=\"background-color:#d9f1ff;grid-template-columns:18% auto\"><figure class=\"wp-block-media-text__media\"><img loading=\"lazy\" decoding=\"async\" width=\"600\" height=\"715\" src=\"https:\/\/barnmissionen.se\/wp-content\/uploads\/2023\/01\/Annica-Larsson600x715.jpg\" alt=\"\" class=\"wp-image-8897 size-full\" style=\"object-position:50% 50%\" srcset=\"https:\/\/barnmissionen.se\/wp-content\/uploads\/2023\/01\/Annica-Larsson600x715.jpg 600w, https:\/\/barnmissionen.se\/wp-content\/uploads\/2023\/01\/Annica-Larsson600x715-252x300.jpg 252w\" sizes=\"auto, (max-width: 600px) 100vw, 600px\" \/><\/figure><div class=\"wp-block-media-text__content\">\n<h4 class=\"wp-block-heading has-black-color has-text-color\">Annica Larsson<\/h4>\n\n\n\n<p><strong>Administrator<\/strong><\/p>\n\n\n\n<p><em>Donor service, webshop, administration<\/em><\/p>\n\n\n\n<p><a href=\"mailto:annica.larsson@barnmissionen.se\">annica.larsson@barnmissionen.se<\/a><\/p>\n\n\n\n<p>+46 (0)40-620 04 45<\/p>\n<\/div><\/div>\n\n\n\n<h1 class=\"wp-block-heading has-text-align-left\">Children\u00b4s Mission in the Northern countries<\/h1>\n\n\n\n<div class=\"wp-block-columns has-2-columns is-layout-flex wp-container-core-columns-is-layout-9d6595d7 wp-block-columns-is-layout-flex\">\n<div class=\"wp-block-column is-layout-flow wp-block-column-is-layout-flow\">\n<h4 class=\"wp-block-heading\">Barnmissionen Finland <\/h4>\n\n\n\n<p>Inger Sj\u00f6berg<\/p>\n\n\n\n<p>Phone Number: 0035 85 05 67 31 39<\/p>\n\n\n\n<p>E-mail: <a href=\"mailto:info@barnmissionen.fi\">info@barnmissionen.fi<\/a><\/p>\n\n\n\n<p>Bank account: OP Bank FI8856713420011455<\/p>\n\n\n\n<p>Fundraising permission Number: RA\/2021\/1615<\/p>\n<\/div>\n\n\n\n<div class=\"wp-block-column is-layout-flow wp-block-column-is-layout-flow\">\n<h4 class=\"wp-block-heading\">Children\u00b4s Mission Danmark <\/h4>\n\n\n\n<p>Arne Panduro<\/p>\n\n\n\n<p>Phone Number: 0045 53 53 73 04<\/p>\n\n\n\n<p>E-mail: <a href=\"mailto:info@childrensmission.dk\">info@childrensmission.dk<\/a><\/p>\n\n\n\n<p>Website: <a href=\"http:\/\/www.childrensmission.dk\/\">www.childrensmission.dk<\/a><\/p>\n\n\n\n<p>Bank account: Netbank: Reg.nr: 2256 Account Number: 6445 550 599. <\/p>\n\n\n\n<p>Mobile Pay: 80 574 <\/p>\n\n\n\n<p>Girokort: 921-6464 <\/p>\n<\/div>\n<\/div>\n\n\n\n<div class=\"wp-block-columns has-2-columns is-layout-flex wp-container-core-columns-is-layout-9d6595d7 wp-block-columns-is-layout-flex\">\n<div class=\"wp-block-column is-layout-flow wp-block-column-is-layout-flow\">\n<h4 class=\"wp-block-heading\">Barnemisjonen Norge <\/h4>\n\n\n\n<p>Harry Haraldsen<\/p>\n\n\n\n<p>Phone Number: 0047 990 93 360<\/p>\n\n\n\n<p>E-mail: <a href=\"mailto:post@barnemisjonen.no\">post@barnemisjonen.no<\/a><\/p>\n\n\n\n<p>Website: <a href=\"http:\/\/www.barnemisjonen.no\/\">www.barnemisjonen.no<\/a><\/p>\n\n\n\n<p>Bank account: 5082 06 05842<\/p>\n\n\n\n<p>Vipps nr: 54239 <\/p>\n<\/div>\n\n\n\n<div class=\"wp-block-column is-layout-flow wp-block-column-is-layout-flow\">\n<h4 class=\"wp-block-heading\">Barnamissi\u00f3nin F\u00f8royar <\/h4>\n\n\n\n<p>Ella Niclasen<\/p>\n\n\n\n<p>E-mail: <a href=\"mailto:skandinaviskabarnamissionen@hotmail.com\">skandinaviskabarnamissionen@hotmail.com<\/a><\/p>\n\n\n\n<p><a href=\"http:\/\/www.facebook.com\/Skandinaviska-Barnamissi\u00f3nin-vi\u00f0-Jesusi-fyri-b\u00f8rnini-195520977146391\/\">Facebook<\/a> <\/p>\n\n\n\n<p>Bank account: Postgiro: 9870-431.047.1 <\/p>\n\n\n\n<p>Nor\u00f0oya Sparikassi: 9865-101.620.7 <\/p>\n\n\n\n<p>Betri Banki: 9181-120.980.0<\/p>\n\n\n\n<p>BankNordik: 6460-101.594.1<\/p>\n\n\n\n<p> Su\u00f0uroyar Sparikassi: 9870-101.148.1<\/p>\n<\/div>\n<\/div>\n\n\n\n<h2 class=\"wp-block-heading\">Children&#8217;s Mission on Social Media:<\/h2>\n\n\n\n<p><a href=\"https:\/\/www.facebook.com\/barnmissionen\/\">Facebook<\/a><\/p>\n\n\n\n<p><a href=\"https:\/\/www.instagram.com\/skandinaviska_barnmissionen\/\">Instagram<\/a><\/p>\n\n\n\n<p><a href=\"https:\/\/www.youtube.com\/@Barnmissionen-777\">Youtube<\/a><\/p>\n\n\n\n<p><a href=\"https:\/\/www.linkedin.com\/company\/28634994\/\">LinkedIn<\/a><\/p>\n","protected":false},"excerpt":{"rendered":"<p>Phone number: +46 (0)40 689 30 40 E-mail: info@barnmissionen.se Address: Str\u00f6mgatan 14, 212 25 Malm\u00f6 Donations: Plusgiro: 901080-2 Bankgiro: 901-0802 Swish: 9010802 International Bank Account Number: Iban: SE9850000000055131091551 Bic: ESSESESS Opening Hours: Mon-Fri 9AM-3PM Personnel in Sweden Bo Wallenberg Secretary General Fundraising, communication, market bo.wallenberg@barnmissionen.se +46 (0)40-689 30 40 Jennifer Larsson Administration manager HR Executive [&hellip;]<\/p>\n","protected":false},"author":1,"featured_media":0,"parent":0,"menu_order":0,"comment_status":"closed","ping_status":"closed","template":"","meta":{"footnotes":""},"class_list":["post-4496","page","type-page","status-publish","hentry"],"_links":{"self":[{"href":"https:\/\/barnmissionen.se\/en\/wp-json\/wp\/v2\/pages\/4496","targetHints":{"allow":["GET"]}}],"collection":[{"href":"https:\/\/barnmissionen.se\/en\/wp-json\/wp\/v2\/pages"}],"about":[{"href":"https:\/\/barnmissionen.se\/en\/wp-json\/wp\/v2\/types\/page"}],"author":[{"embeddable":true,"href":"https:\/\/barnmissionen.se\/en\/wp-json\/wp\/v2\/users\/1"}],"replies":[{"embeddable":true,"href":"https:\/\/barnmissionen.se\/en\/wp-json\/wp\/v2\/comments?post=4496"}],"version-history":[{"count":61,"href":"https:\/\/barnmissionen.se\/en\/wp-json\/wp\/v2\/pages\/4496\/revisions"}],"predecessor-version":[{"id":12394,"href":"https:\/\/barnmissionen.se\/en\/wp-json\/wp\/v2\/pages\/4496\/revisions\/12394"}],"wp:attachment":[{"href":"https:\/\/barnmissionen.se\/en\/wp-json\/wp\/v2\/media?parent=4496"}],"curies":[{"name":"wp","href":"https:\/\/api.w.org\/{rel}","templated":true}]}}