{"id":4440,"date":"2019-05-22T19:49:34","date_gmt":"2019-05-22T17:49:34","guid":{"rendered":"https:\/\/barnmissionen.se\/produkt\/where-its-most-needed\/"},"modified":"2025-03-18T11:06:10","modified_gmt":"2025-03-18T10:06:10","slug":"where-its-most-needed","status":"publish","type":"product","link":"https:\/\/barnmissionen.se\/en\/produkt\/where-its-most-needed\/","title":{"rendered":"Where it\u00b4s most needed"},"content":{"rendered":"<h2>Children\u00b4s Mission\u00b4s emergency relief<\/h2>\n<p>Natural disasters, catastrophes or war. In a short time, a person can lose everything and be in urgent need of help from other people. This is where you can make a contribution.<\/p>\n<p>Every year, disasters that are difficult to predict occur. In natural disasters, droughts and accidents, Children&#8217;s Mission will with short notice help people in need.<\/p>\n<p>We will make sure that your gift helps where it\u00b4s the most needed at the moment.<\/p>\n<p>If you want to give a gift from abroad, you can use: <strong>Iban:<\/strong>\u00a0SE9850000000055131091551\u00a0<strong>Bic:<\/strong>\u00a0ESSESESS<\/p>\n<div id=\"metaslider-id-1395\" style=\"width: 100%; margin: 0 auto;\" class=\"ml-slider-3-105-0 metaslider metaslider-flex metaslider-1395 ml-slider ms-theme-jenga nav-hidden\" role=\"region\" aria-label=\"D\u00e4r det b\u00e4st beh\u00f6vs\" data-height=\"400\" data-width=\"1000\">\n    <div id=\"metaslider_container_1395\">\n        <div id=\"metaslider_1395\">\n            <ul class='slides'>\n                <li style=\"display: block; width: 100%;\" class=\"slide-1397 ms-image \" aria-roledescription=\"slide\" data-date=\"2019-05-22 19:53:23\" data-filename=\"DSC07148-1900-1000x400.jpg\" data-slide-type=\"image\"><img loading=\"lazy\" decoding=\"async\" src=\"https:\/\/barnmissionen.se\/wp-content\/uploads\/2019\/05\/DSC07148-1900-1000x400.jpg\" height=\"400\" width=\"1000\" alt=\"Barn i afrika\" class=\"slider-1395 slide-1397 msDefaultImage\" title=\"DSC07148-1900\" \/><\/li>\n            <\/ul>\n        <\/div>\n        \n    <\/div>\n<\/div>\n","protected":false},"excerpt":{"rendered":"<p>Children\u00b4s Mission\u00b4s emergency relief Natural disasters, catastrophes or war. In a short time, a person can lose everything and be in urgent need of help from other people. This is where you can make a contribution. Every year, disasters that are difficult to predict occur. In natural disasters, droughts and accidents, Children&#8217;s Mission will with [&hellip;]<\/p>\n","protected":false},"featured_media":4030,"template":"","meta":[],"product_brand":[],"product_cat":[149],"product_tag":[],"class_list":{"0":"post-4440","1":"product","2":"type-product","3":"status-publish","4":"has-post-thumbnail","6":"product_cat-engangsgava-en","8":"first","9":"instock","10":"featured","11":"sold-individually","12":"shipping-taxable","13":"purchasable","14":"product-type-variable","15":"has-default-attributes","16":"nyp-product"},"_links":{"self":[{"href":"https:\/\/barnmissionen.se\/en\/wp-json\/wp\/v2\/product\/4440","targetHints":{"allow":["GET"]}}],"collection":[{"href":"https:\/\/barnmissionen.se\/en\/wp-json\/wp\/v2\/product"}],"about":[{"href":"https:\/\/barnmissionen.se\/en\/wp-json\/wp\/v2\/types\/product"}],"wp:featuredmedia":[{"embeddable":true,"href":"https:\/\/barnmissionen.se\/en\/wp-json\/wp\/v2\/media\/4030"}],"wp:attachment":[{"href":"https:\/\/barnmissionen.se\/en\/wp-json\/wp\/v2\/media?parent=4440"}],"wp:term":[{"taxonomy":"product_brand","embeddable":true,"href":"https:\/\/barnmissionen.se\/en\/wp-json\/wp\/v2\/product_brand?post=4440"},{"taxonomy":"product_cat","embeddable":true,"href":"https:\/\/barnmissionen.se\/en\/wp-json\/wp\/v2\/product_cat?post=4440"},{"taxonomy":"product_tag","embeddable":true,"href":"https:\/\/barnmissionen.se\/en\/wp-json\/wp\/v2\/product_tag?post=4440"}],"curies":[{"name":"wp","href":"https:\/\/api.w.org\/{rel}","templated":true}]}}