{"id":11758,"date":"2025-03-30T14:41:45","date_gmt":"2025-03-30T12:41:45","guid":{"rendered":"https:\/\/barnmissionen.se\/finland\/"},"modified":"2025-07-01T10:26:58","modified_gmt":"2025-07-01T08:26:58","slug":"finland","status":"publish","type":"page","link":"https:\/\/barnmissionen.se\/fi\/finland\/","title":{"rendered":"Finland"},"content":{"rendered":"\n<div style=\"height:26px\" aria-hidden=\"true\" class=\"wp-block-spacer\"><\/div>\n\n<h1 class=\"wp-block-heading has-text-align-left\">Barnmissionen Finland<\/h1>\n\n<p>Arbetet f\u00f6r Barnmissionen i Finland sker helt och h\u00e5llet p\u00e5 frivillig basis, f\u00f6rutom bokf\u00f6ring och revision. G\u00e5vor och bidrag som samlas in i v\u00e5rt land \u00f6verf\u00f6rs till Sverige, som ansvarar f\u00f6r missionsarbetet. Hela styrelsen i Finland \u00f6nskar m\u00e5nga fler v\u00e4lkomna med i detta viktiga arbete f\u00f6r utsatta barn och familjer p\u00e5 missionsf\u00e4lten.<\/p>\n\n<p>Om du vill bli fadder kan du skicka in en anm\u00e4lan p\u00e5 hemsidan.<\/p>\n\n<p>Vill du ge en g\u00e5va kan du betala via OP Bank till kontonumret FI8856713420011455.<\/p>\n\n<p>Insamlingstillst\u00e5ndsnummer RA\/2021\/1615<\/p>\n\n<h1 class=\"wp-block-heading has-text-align-left\"><strong><em>Lapsil\u00e4hetys Suomi<\/em><\/strong><\/h1>\n\n<p><em>Ty\u00f6 Lapsil\u00e4hetyksen puolesta tehd\u00e4\u00e4n Suomessa t\u00e4ysin vapaaehtoisin voimin, paitsi yhdistyksen kirjanpito ja tilintarkastus.\u00a0 Lahjoitukset ohjataan Ruotsiin, joka vastaa l\u00e4hetysty\u00f6st\u00e4. Koko Suomen johtokunta toivottaa monet muut tervetulleiksi t\u00e4h\u00e4n t\u00e4rke\u00e4\u00e4n ty\u00f6h\u00f6n l\u00e4hetyskentill\u00e4 haavoittuvien lasten ja perheiden hyv\u00e4ksi.<\/em><\/p>\n\n<p><em>Jos haluat ryhty\u00e4 kummiksi, voit j\u00e4tt\u00e4\u00e4 hakemuksen verkkosivuilla.<\/em><\/p>\n\n<p><em>Jos haluat antaa lahjan, voit maksaa Op pankin tilinumeroon\u00a0 FI8856713420011455.<\/em><\/p>\n\n<p><em>Ker\u00e4yslupanumero RA\/2021\/1615<\/em><\/p>\n\n<h1 class=\"wp-block-heading has-text-align-left\">Styrelsen<em> \/<\/em><strong> <em>Johtokunta<\/em><\/strong><\/h1>\n\n<div class=\"wp-block-media-text alignwide is-stacked-on-mobile is-image-fill-element has-pale-cyan-blue-background-color has-background\" style=\"grid-template-columns:17% auto\"><figure class=\"wp-block-media-text__media\"><img loading=\"lazy\" decoding=\"async\" width=\"600\" height=\"716\" src=\"https:\/\/barnmissionen.se\/wp-content\/uploads\/2022\/09\/Sjoberg-Inger-600x715-1.jpg\" alt=\"\" class=\"wp-image-8430 size-full\" style=\"object-position:50% 50%\" srcset=\"https:\/\/barnmissionen.se\/wp-content\/uploads\/2022\/09\/Sjoberg-Inger-600x715-1.jpg 600w, https:\/\/barnmissionen.se\/wp-content\/uploads\/2022\/09\/Sjoberg-Inger-600x715-1-251x300.jpg 251w\" sizes=\"auto, (max-width: 600px) 100vw, 600px\" \/><\/figure><div class=\"wp-block-media-text__content\">\n<h4 class=\"wp-block-heading\">Inger Sj\u00f6berg<\/h4>\n\n\n\n<p>Ordf\u00f6rande, Esbo \/ <em>Puheenjohtaja, Espoo<\/em><\/p>\n\n\n\n<p>Pedagog med m\u00e5ng\u00e5rig erfarenhet av arbete f\u00f6r att utveckla samarbete mellan skola och kyrka i Borg\u00e5 stift och i Kyrkostyrelsen. Aktiv i Barnmissionen sedan starten i b\u00f6rjan p\u00e5 80-talet.<\/p>\n\n\n\n<p><em>Kasvatustiet\u00e4j\u00e4, jolla on monen vuoden kokemus koulun ja kirkon yhteisty\u00f6n kehitt\u00e4misest\u00e4 Porvoon hiippakunnassa ja Kirkkohallituksessa. Aktiivinen Lapsil\u00e4hetyksess\u00e4 80-luvun alusta l\u00e4htien.<\/em><\/p>\n\n\n\n<p>Telefon: 00358 (0)505 673 139<\/p>\n<\/div><\/div>\n\n<div class=\"wp-block-media-text alignwide is-stacked-on-mobile is-image-fill-element has-background\" style=\"background-color:#d9f1ff;grid-template-columns:17% auto\"><figure class=\"wp-block-media-text__media\"><img loading=\"lazy\" decoding=\"async\" width=\"600\" height=\"715\" src=\"https:\/\/barnmissionen.se\/wp-content\/uploads\/2023\/08\/Tua-Langnabba600x715.jpg\" alt=\"\" class=\"wp-image-9449 size-full\" style=\"object-position:50% 50%\" srcset=\"https:\/\/barnmissionen.se\/wp-content\/uploads\/2023\/08\/Tua-Langnabba600x715.jpg 600w, https:\/\/barnmissionen.se\/wp-content\/uploads\/2023\/08\/Tua-Langnabba600x715-252x300.jpg 252w\" sizes=\"auto, (max-width: 600px) 100vw, 600px\" \/><\/figure><div class=\"wp-block-media-text__content\">\n<h4 class=\"wp-block-heading\">Tua L\u00e5ngnabba<\/h4>\n\n\n\n<p>Ledamot, Jakobstad \/ <em>J\u00e4sen Pietarsaari<\/em><\/p>\n\n\n\n<p>L\u00e4rare inom sm\u00e5barnspedagogik. Engagerad i Baptistkyrkan och aktiv i Barnmissionen sedan starten i b\u00f6rjan p\u00e5 80-talet.<\/p>\n\n\n\n<p><em>Varhaiskasvatuksen opettaja. Mukana baptistikirkossa ja aktiivinen Lapsil\u00e4hetyksess\u00e4 80-luvun alusta l\u00e4htien<\/em><\/p>\n<\/div><\/div>\n\n<div class=\"wp-block-media-text alignwide is-stacked-on-mobile is-image-fill-element has-pale-cyan-blue-background-color has-background\" style=\"background-color:#d9f1ff;grid-template-columns:17% auto\"><figure class=\"wp-block-media-text__media\"><img loading=\"lazy\" decoding=\"async\" width=\"800\" height=\"800\" src=\"https:\/\/barnmissionen.se\/wp-content\/uploads\/2024\/01\/Mikael-Norrback.jpg\" alt=\"\" class=\"wp-image-10213 size-full\" style=\"object-position:50% 50%\" srcset=\"https:\/\/barnmissionen.se\/wp-content\/uploads\/2024\/01\/Mikael-Norrback.jpg 800w, https:\/\/barnmissionen.se\/wp-content\/uploads\/2024\/01\/Mikael-Norrback-300x300.jpg 300w, https:\/\/barnmissionen.se\/wp-content\/uploads\/2024\/01\/Mikael-Norrback-100x100.jpg 100w, https:\/\/barnmissionen.se\/wp-content\/uploads\/2024\/01\/Mikael-Norrback-600x600.jpg 600w, https:\/\/barnmissionen.se\/wp-content\/uploads\/2024\/01\/Mikael-Norrback-150x150.jpg 150w, https:\/\/barnmissionen.se\/wp-content\/uploads\/2024\/01\/Mikael-Norrback-768x768.jpg 768w\" sizes=\"auto, (max-width: 800px) 100vw, 800px\" \/><\/figure><div class=\"wp-block-media-text__content\">\n<h4 class=\"wp-block-heading\">Mikael Norrb\u00e4ck<\/h4>\n\n\n\n<p>Ledamot, Esbo \/ <em>J\u00e4sen Espoo<\/em><\/p>\n\n\n\n<p>Finansiell och strategikonsult inom f\u00f6rnybar energi.<\/p>\n\n\n\n<p><em>Uusiutuvan energian talous- ja strategiakonsultti.<\/em><\/p>\n<\/div><\/div>\n\n<div class=\"wp-block-media-text alignwide is-stacked-on-mobile is-image-fill-element has-background\" style=\"background-color:#d9f1ff;grid-template-columns:17% auto\"><figure class=\"wp-block-media-text__media\"><img loading=\"lazy\" decoding=\"async\" width=\"600\" height=\"715\" src=\"https:\/\/barnmissionen.se\/wp-content\/uploads\/2025\/06\/Ann-Sofi600x715.jpg\" alt=\"\" class=\"wp-image-12020 size-full\" style=\"object-position:50% 50%\" srcset=\"https:\/\/barnmissionen.se\/wp-content\/uploads\/2025\/06\/Ann-Sofi600x715.jpg 600w, https:\/\/barnmissionen.se\/wp-content\/uploads\/2025\/06\/Ann-Sofi600x715-252x300.jpg 252w\" sizes=\"auto, (max-width: 600px) 100vw, 600px\" \/><\/figure><div class=\"wp-block-media-text__content\">\n<h4 class=\"wp-block-heading\">Ann-Sofi Gull<\/h4>\n\n\n\n<p>Ledamot, Helsingfors \/ <em>J\u00e4sen Helsinki<\/em><\/p>\n\n\n\n<p>Pedagogie magister med m\u00e5ng\u00e5rig erfarenhet som l\u00e4rare. Har varit aktiv med administration inom och utanf\u00f6r kyrkan.\u00a0<\/p>\n\n\n\n<p><em>Minulla on kasvatustieteen maisterin tutkinto ja monivuotinen kokemus opettajana. Olen toiminut aktiivisesti hallinnollisissa teht\u00e4viss\u00e4 sek\u00e4 kirkon sis\u00e4ll\u00e4 ett\u00e4 ulkopuolella.<\/em><\/p>\n<\/div><\/div>\n\n<div class=\"wp-block-media-text alignwide is-stacked-on-mobile is-image-fill-element has-pale-cyan-blue-background-color has-background\" style=\"grid-template-columns:17% auto\"><figure class=\"wp-block-media-text__media\"><img loading=\"lazy\" decoding=\"async\" width=\"600\" height=\"715\" src=\"https:\/\/barnmissionen.se\/wp-content\/uploads\/2021\/03\/Bo-Wallenberg600x715.jpg\" alt=\"\" class=\"wp-image-6166 size-full\" style=\"object-position:50% 50%\" srcset=\"https:\/\/barnmissionen.se\/wp-content\/uploads\/2021\/03\/Bo-Wallenberg600x715.jpg 600w, https:\/\/barnmissionen.se\/wp-content\/uploads\/2021\/03\/Bo-Wallenberg600x715-350x417.jpg 350w, https:\/\/barnmissionen.se\/wp-content\/uploads\/2021\/03\/Bo-Wallenberg600x715-252x300.jpg 252w\" sizes=\"auto, (max-width: 600px) 100vw, 600px\" \/><\/figure><div class=\"wp-block-media-text__content\">\n<h4 class=\"wp-block-heading\">Bo Wallenberg<\/h4>\n\n\n\n<p>Ledamot, sakkunnig, Malm\u00f6, Sverige \/ <em>J\u00e4sen, asiantuntija, Malm\u00f6, Ruotsi<\/em><\/p>\n\n\n\n<p>Generalsekreterare f\u00f6r Barnmissionen<\/p>\n\n\n\n<p><em>Lapsil\u00e4hetyksen p\u00e4\u00e4sihteeri<\/em><\/p>\n\n\n\n<p>bo.wallenberg@barnmissionen.se<\/p>\n<\/div><\/div>\n\n<p><strong>Insamlingstillst\u00e5ndsnummer <\/strong>\/ <strong><em>Ker\u00e4yslupanumero:<\/em><\/strong> RA\/2021\/1615<\/p>\n\n<p><strong>Bank och kontonummer<\/strong> <em><strong>\/ Pankki ja tilinumero<\/strong><\/em> <strong>:<\/strong>\u00a0OP Bank<em>\/OP Pankki <\/em>FI8856713420011455<\/p>\n","protected":false},"excerpt":{"rendered":"<p>Barnmissionen Finland Arbetet f\u00f6r Barnmissionen i Finland sker helt och h\u00e5llet p\u00e5 frivillig basis, f\u00f6rutom bokf\u00f6ring och revision. G\u00e5vor och bidrag som samlas in i v\u00e5rt land \u00f6verf\u00f6rs till Sverige, som ansvarar f\u00f6r missionsarbetet. Hela styrelsen i Finland \u00f6nskar m\u00e5nga fler v\u00e4lkomna med i detta viktiga arbete f\u00f6r utsatta barn och familjer p\u00e5 missionsf\u00e4lten. Om [&hellip;]<\/p>\n","protected":false},"author":2,"featured_media":0,"parent":0,"menu_order":0,"comment_status":"closed","ping_status":"closed","template":"","meta":{"footnotes":""},"class_list":["post-11758","page","type-page","status-publish","hentry"],"_links":{"self":[{"href":"https:\/\/barnmissionen.se\/fi\/wp-json\/wp\/v2\/pages\/11758","targetHints":{"allow":["GET"]}}],"collection":[{"href":"https:\/\/barnmissionen.se\/fi\/wp-json\/wp\/v2\/pages"}],"about":[{"href":"https:\/\/barnmissionen.se\/fi\/wp-json\/wp\/v2\/types\/page"}],"author":[{"embeddable":true,"href":"https:\/\/barnmissionen.se\/fi\/wp-json\/wp\/v2\/users\/2"}],"replies":[{"embeddable":true,"href":"https:\/\/barnmissionen.se\/fi\/wp-json\/wp\/v2\/comments?post=11758"}],"version-history":[{"count":4,"href":"https:\/\/barnmissionen.se\/fi\/wp-json\/wp\/v2\/pages\/11758\/revisions"}],"predecessor-version":[{"id":12057,"href":"https:\/\/barnmissionen.se\/fi\/wp-json\/wp\/v2\/pages\/11758\/revisions\/12057"}],"wp:attachment":[{"href":"https:\/\/barnmissionen.se\/fi\/wp-json\/wp\/v2\/media?parent=11758"}],"curies":[{"name":"wp","href":"https:\/\/api.w.org\/{rel}","templated":true}]}}