{"id":11746,"date":"2019-04-21T14:52:09","date_gmt":"2019-04-21T12:52:09","guid":{"rendered":"https:\/\/barnmissionen.se\/produkt\/bli-fadder\/"},"modified":"2025-08-13T04:45:39","modified_gmt":"2025-08-13T02:45:39","slug":"bli-fadder","status":"publish","type":"product","link":"https:\/\/barnmissionen.se\/fi\/produkt\/bli-fadder\/","title":{"rendered":"Bli fadder\/Ryhdy kummiksi"},"content":{"rendered":"<h2>Fadder hos Barnmissionen<\/h2>\n<p>Den b\u00e4sta hj\u00e4lpen \u00e4r l\u00e5ngsiktig. Som fadder ger du ett bidrag varje m\u00e5nad f\u00f6r att f\u00f6rb\u00e4ttra livet f\u00f6r utsatta barn. Barnmissionen har ett kollektivt fadderskap, d\u00e4r vi gemensamt tar ansvar f\u00f6r Barnmissionens viktiga arbete. Du st\u00f6djer inte bara ett barn, utan hela v\u00e5r verksamhet. Det g\u00f6r att vi kan hj\u00e4lpa fler.<\/p>\n<p>N\u00e4r du tecknar dig som fadder f\u00e5r du v\u00e5rt v\u00e4lkomstpaket med information, tidning samt foto p\u00e5 ett av alla de barn som f\u00e5r g\u00e5 i skola tack vare Barnmissionens faddrar. Som fadder bidrar du till att barn f\u00e5r v\u00e5rd, skola och omsorg och att samh\u00e4llet d\u00e4r barnet bor utvecklas.<\/p>\n<p>Vill du veta mer om Barnmissionen Fadder? <a href=\"https:\/\/barnmissionen.se\/fragor-och-svar\/\">L\u00e4s fr\u00e5gor och svar h\u00e4r<\/a>.<\/p>\n<p>&nbsp;<\/p>\n<p>Paras apu on pitk\u00e4aikaista. Kummina teet joka kuukausi lahjoituksen haavoittavan asemassa olevien lasten el\u00e4m\u00e4n parantamiseksi. Lapsil\u00e4hetyksill\u00e4 on kollektiivinen sponsorointi, jossa otamme yhdess\u00e4 vastuun Lapsil\u00e4hetyksen t\u00e4rke\u00e4st\u00e4 ty\u00f6st\u00e4. Et tue vain yht\u00e4 lasta, vaan koko toimintaamme. T\u00e4m\u00e4 tarkoittaa, ett\u00e4 voimme auttaa useampia lapsia.<\/p>\n<p>Kun rekister\u00f6idyt kummiksi, saat tervetuliaispaketin, jossa on tiedot maksusta sek\u00e4 kuva yhdest\u00e4 kaikista lapsista, jotka saavat k\u00e4yd\u00e4 koulua Lapsil\u00e4hetyksen kummien ansiosta. Kummina osallistut lasten hoidon, koulutuksen ja sosiaalihuollon tarjoamiseen sek\u00e4 sen yhteiskunnan kehitt\u00e4miseen, jossa lapsi el\u00e4\u00e4.<\/p>\n<p>Haluatko tiet\u00e4\u00e4 lis\u00e4\u00e4 Lapsil\u00e4hetyksen sponsoroinnista? <a href=\"https:\/\/barnmissionen.se\/fragor-och-svar\/\">Lue kysymyksi\u00e4 ja vastauksia t\u00e4\u00e4lt\u00e4.<\/a><\/p>\n<!-- MetaSlider 738 not found -->\n","protected":false},"excerpt":{"rendered":"<p>Fadder hos Barnmissionen Den b\u00e4sta hj\u00e4lpen \u00e4r l\u00e5ngsiktig. Som fadder ger du ett bidrag varje m\u00e5nad f\u00f6r att f\u00f6rb\u00e4ttra livet f\u00f6r utsatta barn. Barnmissionen har ett kollektivt fadderskap, d\u00e4r vi gemensamt tar ansvar f\u00f6r Barnmissionens viktiga arbete. Du st\u00f6djer inte bara ett barn, utan hela v\u00e5r verksamhet. Det g\u00f6r att vi kan hj\u00e4lpa fler. N\u00e4r [&hellip;]<\/p>\n","protected":false},"featured_media":595,"template":"","meta":[],"product_brand":[],"product_cat":[241],"product_tag":[],"class_list":{"0":"post-11746","1":"product","2":"type-product","3":"status-publish","4":"has-post-thumbnail","6":"product_cat-fadder-fi","8":"first","9":"instock","10":"sold-individually","11":"shipping-taxable","12":"purchasable","13":"product-type-variable","14":"has-default-attributes","15":"nyp-product"},"_links":{"self":[{"href":"https:\/\/barnmissionen.se\/fi\/wp-json\/wp\/v2\/product\/11746","targetHints":{"allow":["GET"]}}],"collection":[{"href":"https:\/\/barnmissionen.se\/fi\/wp-json\/wp\/v2\/product"}],"about":[{"href":"https:\/\/barnmissionen.se\/fi\/wp-json\/wp\/v2\/types\/product"}],"wp:featuredmedia":[{"embeddable":true,"href":"https:\/\/barnmissionen.se\/fi\/wp-json\/wp\/v2\/media\/595"}],"wp:attachment":[{"href":"https:\/\/barnmissionen.se\/fi\/wp-json\/wp\/v2\/media?parent=11746"}],"wp:term":[{"taxonomy":"product_brand","embeddable":true,"href":"https:\/\/barnmissionen.se\/fi\/wp-json\/wp\/v2\/product_brand?post=11746"},{"taxonomy":"product_cat","embeddable":true,"href":"https:\/\/barnmissionen.se\/fi\/wp-json\/wp\/v2\/product_cat?post=11746"},{"taxonomy":"product_tag","embeddable":true,"href":"https:\/\/barnmissionen.se\/fi\/wp-json\/wp\/v2\/product_tag?post=11746"}],"curies":[{"name":"wp","href":"https:\/\/api.w.org\/{rel}","templated":true}]}}