{"id":11228,"date":"2025-03-28T06:47:05","date_gmt":"2025-03-28T05:47:05","guid":{"rendered":"https:\/\/barnmissionen.se\/shop\/?page_id=11228"},"modified":"2025-08-27T13:00:28","modified_gmt":"2025-08-27T11:00:28","slug":"om-barnmissionen","status":"publish","type":"page","link":"https:\/\/barnmissionen.se\/shop\/fi\/om-barnmissionen\/","title":{"rendered":"Om Barnmissionen"},"content":{"rendered":"\n<div class=\"squeeze\">\n\n\n\n<h2 class=\"wp-block-heading has-text-align-center\">En v\u00e4rld d\u00e4r alla m\u00e4nniskor kan leva ett v\u00e4rdigt liv<\/h2>\n\n\n\n<p><em>Kan du g\u00e5 f\u00f6rbi ett ensamt, gr\u00e5tande barn utan att stanna och f\u00f6rs\u00f6ka hj\u00e4lpa? Nej, det kan du inte eftersom det ligger i v\u00e5r natur att skydda och hj\u00e4lpa det utsatta barnet.<\/em><br><em>Samma \u00f6vertygelse driver oss p\u00e5 Barnmissionen i v\u00e5rt dagliga arbete. S\u00e5 l\u00e4nge det finns t\u00e5rar att torka och n\u00f6d att lindra beh\u00f6vs Barnmissionen.<br><\/em><em>V\u00e5ra hj\u00e4rtan brinner f\u00f6r de utsatta barnen, och tillsammans med dig kan vi g\u00f6ra skillnad! Detta ser vi dagligen exempel p\u00e5 \u2013 d\u00e4r vi verkar f\u00f6rvandlas t\u00e5rar till skratt, m\u00f6rker till ljus och hoppl\u00f6shet till framtidstro! Vi arbetar f\u00f6r en v\u00e4rld d\u00e4r alla m\u00e4nniskor kan leva ett v\u00e4rdigt liv.<\/em><\/p>\n\n\n\n<ul class=\"wp-block-list\">\n<li>Under 30 \u00e5r har Barnmissionen genomf\u00f6rt humanit\u00e4ra insatser med inriktning p\u00e5 barn, ungdom och familjer.<\/li>\n\n\n\n<li>Barnmissionen \u00e4r en kristen organisation som vill verka f\u00f6r en r\u00e4ttvis v\u00e4rld. Verksamheten vilar p\u00e5 v\u00e5r v\u00e4rdegrund, d\u00e4r vi utmanas att hj\u00e4lpa de mest beh\u00f6vande och betonar alla m\u00e4nniskors lika v\u00e4rde. Vi vill d\u00e4rf\u00f6r erbjuda hj\u00e4lp till hela m\u00e4nniskan; ande, sj\u00e4l och kropp.<\/li>\n\n\n\n<li>Barnmissionen bedriver sin hj\u00e4lpverksamhet bland utsatta m\u00e4nniskor i ett flertal l\u00e4nder s\u00e5som Filippinerna, Ukraina, Bangladesh, Kenya, Uganda, Malawi och Zambia.<\/li>\n\n\n\n<li>Hj\u00e4lpverksamheten sker inom prim\u00e4rt tre olika omr\u00e5den: Utbildning, H\u00e4lsa och Hj\u00e4lp till sj\u00e4lvhj\u00e4lp<\/li>\n\n\n\n<li>Barnmissionen har ett 90-konto och \u00e4r kontrollerade av Svensk Insamlingskontroll. Vi \u00e4r \u00e4ven medlemmar Svenska Missionsr\u00e5det (SMR).<\/li>\n<\/ul>\n\n\n\n<p>L\u00e4s mer p\u00e5 <a href=\"https:\/\/barnmissionen.se\/stiftelse\">barnmissionen.se\/stiftelse<\/a><\/p>\n\n\n\n<p><a href=\"https:\/\/barnmissionen.se\">Ge en g\u00e5va<\/a> till Barnmissionens arbete<\/p>\n\n\n\n<\/div>\n","protected":false},"excerpt":{"rendered":"<p>En v\u00e4rld d\u00e4r alla m\u00e4nniskor kan leva ett v\u00e4rdigt liv Kan du g\u00e5 f\u00f6rbi ett ensamt, gr\u00e5tande barn utan att stanna och f\u00f6rs\u00f6ka hj\u00e4lpa? Nej, det kan du inte eftersom det ligger i v\u00e5r natur att skydda och hj\u00e4lpa det utsatta barnet.Samma \u00f6vertygelse driver oss p\u00e5 Barnmissionen i v\u00e5rt dagliga arbete. S\u00e5 l\u00e4nge det finns [&hellip;]<\/p>\n","protected":false},"author":1,"featured_media":0,"parent":0,"menu_order":0,"comment_status":"closed","ping_status":"closed","template":"","meta":{"footnotes":""},"class_list":["post-11228","page","type-page","status-publish","hentry"],"_links":{"self":[{"href":"https:\/\/barnmissionen.se\/shop\/fi\/wp-json\/wp\/v2\/pages\/11228","targetHints":{"allow":["GET"]}}],"collection":[{"href":"https:\/\/barnmissionen.se\/shop\/fi\/wp-json\/wp\/v2\/pages"}],"about":[{"href":"https:\/\/barnmissionen.se\/shop\/fi\/wp-json\/wp\/v2\/types\/page"}],"author":[{"embeddable":true,"href":"https:\/\/barnmissionen.se\/shop\/fi\/wp-json\/wp\/v2\/users\/1"}],"replies":[{"embeddable":true,"href":"https:\/\/barnmissionen.se\/shop\/fi\/wp-json\/wp\/v2\/comments?post=11228"}],"version-history":[{"count":2,"href":"https:\/\/barnmissionen.se\/shop\/fi\/wp-json\/wp\/v2\/pages\/11228\/revisions"}],"predecessor-version":[{"id":11678,"href":"https:\/\/barnmissionen.se\/shop\/fi\/wp-json\/wp\/v2\/pages\/11228\/revisions\/11678"}],"wp:attachment":[{"href":"https:\/\/barnmissionen.se\/shop\/fi\/wp-json\/wp\/v2\/media?parent=11228"}],"curies":[{"name":"wp","href":"https:\/\/api.w.org\/{rel}","templated":true}]}}