{"id":11171,"date":"2023-11-08T14:56:05","date_gmt":"2023-11-08T13:56:05","guid":{"rendered":"https:\/\/barnmissionen.se\/shop\/produkt\/kamin\/"},"modified":"2025-08-12T06:36:55","modified_gmt":"2025-08-12T04:36:55","slug":"kamin","status":"publish","type":"product","link":"https:\/\/barnmissionen.se\/shop\/fi\/produkt\/kamin\/","title":{"rendered":"Kamin\/Kamiina"},"content":{"rendered":"<h2>Varf\u00f6r ska jag ge bort en kamin?<\/h2>\n<p>I krigets Ukraina sl\u00e5s infrastrukturen st\u00e4ndigt ut. D\u00e5 kan en enkel kamin vara enormt viktig. Kaminen \u00e4r gjord i st\u00e5l och v\u00e4ger endast 20 kilo. Sommartid kan de tv\u00e5 kokplattorna anv\u00e4ndas till matlagning utomhus. Under vintern f\u00f6rl\u00e4ngs skorstenen s\u00e5 att r\u00f6ken leds ut. D\u00e5 kan den \u00e4ven v\u00e4rma hus, l\u00e4genheter och skyddsrum.<\/p>\n<p>Kaminerna skickas med lastbil fr\u00e5n Sverige och distribueras till beh\u00f6vande familjer i Ukraina eller produceras p\u00e5 plats i Ukraina.<\/p>\n<p>Om behovet av kaminer \u00e4r uppn\u00e5tt eller efterfr\u00e5gan minskar, f\u00f6rbeh\u00e5ller sig Barnmissionen r\u00e4tten att omf\u00f6rdela medlen inom ramarna f\u00f6r det samlade arbetet.<\/p>\n<h2>Miksi minun pit\u00e4isi antaa kamiina?<\/h2>\n<p>Sodan runtelemassa Ukrainassa infrastruktuuria jatkuvasti tuhotaan. Silloin yksinkertainen kamiina voi olla valtavan t\u00e4rke\u00e4. Kamina on valmistettu ter\u00e4ksest\u00e4 ja painaa vain 20 kiloa. Kes\u00e4ll\u00e4 kahta keittolevy\u00e4 voidaan k\u00e4ytt\u00e4\u00e4 ulkona ruoanlaittoon. Talvella savupiippua pidennet\u00e4\u00e4n, jotta savu johdetaan ulos. Silloin sill\u00e4 voidaan my\u00f6s l\u00e4mmitt\u00e4\u00e4 taloja, asuntoja ja suojia.<\/p>\n<p>Kamiina kuljetetaan kuorma-autoilla Ruotsista ja jaetaan Ukrainan v\u00e4h\u00e4varaisille perheille tai ne valmistetaan paikan p\u00e4\u00e4ll\u00e4 Ukrainassa.<\/p>\n<p>Jos kamiinojen tarve tyydytet\u00e4\u00e4n tai kysynt\u00e4 v\u00e4henee, Lapsil\u00e4hetys pid\u00e4tt\u00e4\u00e4 oikeuden jakaa varat uudelleen kokonaisty\u00f6n puitteissa.<\/p>\n<p>&nbsp;<\/p>\n","protected":false},"excerpt":{"rendered":"<p>Ge bort en kamin och hj\u00e4lp en krigsdrabbad familj i Ukraina. Du f\u00e5r ett fint g\u00e5vointyg.<\/p>\n<p>Lahjoita Kamiina ja auta Ukrainan sodassa olevia. Saat hienon lahjatodistuksen.<\/p>\n","protected":false},"featured_media":11174,"template":"","meta":[],"product_brand":[],"product_cat":[55],"product_tag":[],"class_list":{"0":"post-11171","1":"product","2":"type-product","3":"status-publish","4":"has-post-thumbnail","6":"product_cat-gavor-fi","8":"first","9":"instock","10":"downloadable","11":"shipping-taxable","12":"purchasable","13":"product-type-simple"},"_links":{"self":[{"href":"https:\/\/barnmissionen.se\/shop\/fi\/wp-json\/wp\/v2\/product\/11171","targetHints":{"allow":["GET"]}}],"collection":[{"href":"https:\/\/barnmissionen.se\/shop\/fi\/wp-json\/wp\/v2\/product"}],"about":[{"href":"https:\/\/barnmissionen.se\/shop\/fi\/wp-json\/wp\/v2\/types\/product"}],"wp:featuredmedia":[{"embeddable":true,"href":"https:\/\/barnmissionen.se\/shop\/fi\/wp-json\/wp\/v2\/media\/11174"}],"wp:attachment":[{"href":"https:\/\/barnmissionen.se\/shop\/fi\/wp-json\/wp\/v2\/media?parent=11171"}],"wp:term":[{"taxonomy":"product_brand","embeddable":true,"href":"https:\/\/barnmissionen.se\/shop\/fi\/wp-json\/wp\/v2\/product_brand?post=11171"},{"taxonomy":"product_cat","embeddable":true,"href":"https:\/\/barnmissionen.se\/shop\/fi\/wp-json\/wp\/v2\/product_cat?post=11171"},{"taxonomy":"product_tag","embeddable":true,"href":"https:\/\/barnmissionen.se\/shop\/fi\/wp-json\/wp\/v2\/product_tag?post=11171"}],"curies":[{"name":"wp","href":"https:\/\/api.w.org\/{rel}","templated":true}]}}