{"id":11177,"date":"2019-06-19T06:12:26","date_gmt":"2019-06-19T04:12:26","guid":{"rendered":"https:\/\/barnmissionen.se\/shop\/produkt\/matpaket\/"},"modified":"2025-08-27T13:56:22","modified_gmt":"2025-08-27T11:56:22","slug":"matpaket","status":"publish","type":"product","link":"https:\/\/barnmissionen.se\/shop\/fi\/produkt\/matpaket\/","title":{"rendered":"Matpaket\/Ruokapaketti"},"content":{"rendered":"<h2>Varf\u00f6r ska jag ge bort ett matpaket?<\/h2>\n<p>Att l\u00e4ra sig n\u00e5got med tom mage \u00e4r n\u00e4stan om\u00f6jligt. M\u00e5nga av de barn som finns i Barnmissionens arbete kommer fr\u00e5n s\u00e5 fattiga omst\u00e4ndigheter att de knappt f\u00e5r mat hemma och inte s\u00e4llan \u00e4r skolmaten den enda riktiga m\u00e5ltid som de f\u00e5r under dagen.<\/p>\n<p>Barnmissionen ser till att skolbarnen f\u00e5r ett n\u00e4ringsriktigt m\u00e5l mat om dagen, men ibland beh\u00f6ver vi \u00e4ven st\u00f6dja familjerna med matpaket. M\u00e5nga matpaket delas ut i samband med julen, men vi delar ut matpaket till beh\u00f6vande barn och familjer under hela \u00e5ret.<\/p>\n<p>Om behovet av matpaket \u00e4r uppn\u00e5tt eller efterfr\u00e5gan fr\u00e5n v\u00e5ra partner minskar, f\u00f6rbeh\u00e5ller sig Barnmissionen r\u00e4tten att omf\u00f6rdela medlen inom ramarna f\u00f6r det samlade arbetet.<\/p>\n<h2>Miksi minun pit\u00e4isi antaa ruokapaketti?<\/h2>\n<p>Tyhj\u00e4ll\u00e4 vatsalla oppiminen on l\u00e4hes mahdotonta. Monet Lapsil\u00e4hetyksenin ty\u00f6ss\u00e4 mukana olevista lapsista tulevat niin k\u00f6yhist\u00e4 oloista, ett\u00e4 he saavat tuskin ruokaa kotona, ja usein kouluruoka on ainoa oikea ateria, jonka he saavat p\u00e4iv\u00e4n aikana.<\/p>\n<p>Lapsil\u00e4hetys varmistaa, ett\u00e4 koululaiset saavat ravitsevan aterian p\u00e4iv\u00e4ss\u00e4, mutta joskus meid\u00e4n on my\u00f6s tuettava perheit\u00e4 ruokapaketeilla. Monet ruokapaketit jaetaan joulun yhteydess\u00e4, mutta jaamme ruokapaketteja v\u00e4h\u00e4varaisille lapsille ja perheille ymp\u00e4ri vuoden.<\/p>\n<p>Jos ruokapakettien tarve t\u00e4yttyy tai kumppaneidemme kysynt\u00e4 v\u00e4henee, Lapsil\u00e4hetys pid\u00e4tt\u00e4\u00e4 oikeuden jakaa varat uudelleen koko ty\u00f6n puitteissa.<\/p>\n","protected":false},"excerpt":{"rendered":"<p>Ge bort ett matpaket och ge julgl\u00e4dje till en beh\u00f6vande familj. Du f\u00e5r ett fint g\u00e5vointyg.<\/p>\n<p>Anna ruokapaketti ja tuo jouluiloa apua tarvitsevalle perheelle. Saat hienon lahjatodistuksen.<\/p>\n","protected":false},"featured_media":11184,"template":"","meta":[],"product_brand":[],"product_cat":[55],"product_tag":[],"class_list":{"0":"post-11177","1":"product","2":"type-product","3":"status-publish","4":"has-post-thumbnail","6":"product_cat-gavor-fi","8":"first","9":"instock","10":"downloadable","11":"shipping-taxable","12":"purchasable","13":"product-type-simple"},"_links":{"self":[{"href":"https:\/\/barnmissionen.se\/shop\/fi\/wp-json\/wp\/v2\/product\/11177","targetHints":{"allow":["GET"]}}],"collection":[{"href":"https:\/\/barnmissionen.se\/shop\/fi\/wp-json\/wp\/v2\/product"}],"about":[{"href":"https:\/\/barnmissionen.se\/shop\/fi\/wp-json\/wp\/v2\/types\/product"}],"wp:featuredmedia":[{"embeddable":true,"href":"https:\/\/barnmissionen.se\/shop\/fi\/wp-json\/wp\/v2\/media\/11184"}],"wp:attachment":[{"href":"https:\/\/barnmissionen.se\/shop\/fi\/wp-json\/wp\/v2\/media?parent=11177"}],"wp:term":[{"taxonomy":"product_brand","embeddable":true,"href":"https:\/\/barnmissionen.se\/shop\/fi\/wp-json\/wp\/v2\/product_brand?post=11177"},{"taxonomy":"product_cat","embeddable":true,"href":"https:\/\/barnmissionen.se\/shop\/fi\/wp-json\/wp\/v2\/product_cat?post=11177"},{"taxonomy":"product_tag","embeddable":true,"href":"https:\/\/barnmissionen.se\/shop\/fi\/wp-json\/wp\/v2\/product_tag?post=11177"}],"curies":[{"name":"wp","href":"https:\/\/api.w.org\/{rel}","templated":true}]}}