{"id":11186,"date":"2019-06-19T06:11:47","date_gmt":"2019-06-19T04:11:47","guid":{"rendered":"https:\/\/barnmissionen.se\/shop\/produkt\/klanning-och-shorts\/"},"modified":"2025-08-12T06:41:55","modified_gmt":"2025-08-12T04:41:55","slug":"klanning-och-shorts","status":"publish","type":"product","link":"https:\/\/barnmissionen.se\/shop\/fi\/produkt\/klanning-och-shorts\/","title":{"rendered":"Kl\u00e4nning och shorts\/Mekko &#038; shortsit"},"content":{"rendered":"<h2>Varf\u00f6r ska jag ge bort kl\u00e4nning och shorts?<\/h2>\n<p>Att f\u00e5 nya kl\u00e4der \u00e4r alltid en stor gl\u00e4dje f\u00f6r barn \u2013 och det \u00e4r n\u00e5got alldeles speciellt f\u00f6r barn som inte f\u00e5r den m\u00f6jligheten s\u00e5 ofta.<\/p>\n<p>Genom att ge en kl\u00e4nning och ett par shorts till barn i Lokichoggio, nordv\u00e4stra Kenya, har du ocks\u00e5 bidragit till att skr\u00e4ddaren som syr kl\u00e4derna f\u00e5r en inkomst. Dessutom hj\u00e4lper \u00f6verskottet till att st\u00f6tta Barnmissionens syprojekt som erbjuder vidareutbildning f\u00f6r skr\u00e4ddare. Det blir en present som ger gl\u00e4dje!<\/p>\n<h2>Miksi minun pit\u00e4isi antaa mekko ja shortsit?<\/h2>\n<p>Uusien vaatteiden saaminen on aina suuri ilo lapsille \u2013 ja se on jotain erityist\u00e4 lapsille, joilla ei ole siihen usein mahdollisuutta.<\/p>\n<p>Antamalla mekon ja shortsit lapsille Lokichoggiossa, Luoteis-Keniassa, olet my\u00f6s my\u00f6t\u00e4vaikuttanut vaatteita ompelevan r\u00e4\u00e4t\u00e4lin tuloihin. Lis\u00e4ksi ylij\u00e4\u00e4m\u00e4 auttaa tukemaan Lapsil\u00e4hetyksen ompeluprojektia, joka tarjoaa r\u00e4\u00e4t\u00e4leille jatkokoulutusta. Se on lahja, joka tuo iloa!<\/p>\n","protected":false},"excerpt":{"rendered":"<p>Ge bort nya kl\u00e4der och sprid gl\u00e4dje. Du f\u00e5r ett fint g\u00e5vointyg.<\/p>\n<p>Lahjoita uusia vaatteita ja levit\u00e4 iloa. Saat hienon lahjatodistuksen.<\/p>\n","protected":false},"featured_media":11187,"template":"","meta":[],"product_brand":[],"product_cat":[55],"product_tag":[],"class_list":{"0":"post-11186","1":"product","2":"type-product","3":"status-publish","4":"has-post-thumbnail","6":"product_cat-gavor-fi","8":"first","9":"instock","10":"downloadable","11":"shipping-taxable","12":"purchasable","13":"product-type-simple"},"_links":{"self":[{"href":"https:\/\/barnmissionen.se\/shop\/fi\/wp-json\/wp\/v2\/product\/11186","targetHints":{"allow":["GET"]}}],"collection":[{"href":"https:\/\/barnmissionen.se\/shop\/fi\/wp-json\/wp\/v2\/product"}],"about":[{"href":"https:\/\/barnmissionen.se\/shop\/fi\/wp-json\/wp\/v2\/types\/product"}],"wp:featuredmedia":[{"embeddable":true,"href":"https:\/\/barnmissionen.se\/shop\/fi\/wp-json\/wp\/v2\/media\/11187"}],"wp:attachment":[{"href":"https:\/\/barnmissionen.se\/shop\/fi\/wp-json\/wp\/v2\/media?parent=11186"}],"wp:term":[{"taxonomy":"product_brand","embeddable":true,"href":"https:\/\/barnmissionen.se\/shop\/fi\/wp-json\/wp\/v2\/product_brand?post=11186"},{"taxonomy":"product_cat","embeddable":true,"href":"https:\/\/barnmissionen.se\/shop\/fi\/wp-json\/wp\/v2\/product_cat?post=11186"},{"taxonomy":"product_tag","embeddable":true,"href":"https:\/\/barnmissionen.se\/shop\/fi\/wp-json\/wp\/v2\/product_tag?post=11186"}],"curies":[{"name":"wp","href":"https:\/\/api.w.org\/{rel}","templated":true}]}}