{"id":11188,"date":"2019-06-19T06:10:44","date_gmt":"2019-06-19T04:10:44","guid":{"rendered":"https:\/\/barnmissionen.se\/shop\/produkt\/rent-vatten\/"},"modified":"2025-08-12T06:41:41","modified_gmt":"2025-08-12T04:41:41","slug":"rent-vatten","status":"publish","type":"product","link":"https:\/\/barnmissionen.se\/shop\/fi\/produkt\/rent-vatten\/","title":{"rendered":"Rent vatten\/Puhdas vesi"},"content":{"rendered":"<h2>Varf\u00f6r ska jag ge bort rent vatten?<\/h2>\n<p>Rent vatten \u00e4r en nyckel till h\u00e4lsa. Uppemot tv\u00e5 miljoner barn d\u00f6r varje \u00e5r i sjukdomar orsakade av smutsigt vatten och d\u00e5liga sanit\u00e4ra f\u00f6rh\u00e5llanden. En brunn med rent vatten f\u00f6rebygger oh\u00e4lsa och r\u00e4ddar liv. Samtidigt sparar en brunn m\u00e5nga timmar som g\u00e5r \u00e5t till att dagligen h\u00e4mta vatten.<\/p>\n<p>En brunn kan kosta allt fr\u00e5n 3 000 kronor till 200 000 kronor. Under gynnsamma f\u00f6rh\u00e5llanden kan Barnmissionen gr\u00e4va en brunn som utrustas med handpump. I omr\u00e5den d\u00e4r vattnet ligger djupt tvingas vi ist\u00e4llet djupborra till en betydligt h\u00f6gre kostnad. Samtidigt som vi gr\u00e4ver eller borrar brunnar utbildar vi befolkningen om vikten av att anv\u00e4nda rent och friskt vatten.<\/p>\n<p>En andel i en brunn kostar 100 kronor, men du kan ge mer \u00e4n en andel. Anv\u00e4nd plustecknet f\u00f6r att ge fler andelar.<\/p>\n<p>Om behovet av rent vatten \u00e4r uppn\u00e5tt eller efterfr\u00e5gan fr\u00e5n v\u00e5ra partner minskar, f\u00f6rbeh\u00e5ller sig Barnmissionen r\u00e4tten att omf\u00f6rdela medlen inom ramarna f\u00f6r det samlade arbetet.<\/p>\n<p>Rent vatten blir en present som r\u00e4ddar liv!<\/p>\n<h2>Miksi minun pit\u00e4isi antaa puhdasta vett\u00e4?<\/h2>\n<p>Puhdas vesi on terveyden avain. Jopa kaksi miljoonaa lasta kuolee vuosittain likaisen veden ja huonon sanitaation aiheuttamiin sairauksiin. Puhdasvesikaivo ehk\u00e4isee sairauksia ja pelastaa ihmishenki\u00e4. Samalla kaivo s\u00e4\u00e4st\u00e4\u00e4 monia tunteja veden ker\u00e4\u00e4miseen p\u00e4ivitt\u00e4in.<\/p>\n<p>Kaivo voi maksaa 3 000\u2013200 000 kruunua. Suotuisissa olosuhteissa Lapsil\u00e4hetys voi kaivaa kaivon, joka on varustettu k\u00e4sipumpulla. Alueilla, joilla vesi on syv\u00e4\u00e4, meid\u00e4n on pakko porata syv\u00e4lle huomattavasti korkeammilla kustannuksilla. Kaivoja kaivaessamme tai poratessamme koulutamme v\u00e4est\u00f6\u00e4 puhtaan ja raikkaan veden k\u00e4yt\u00f6n t\u00e4rkeydest\u00e4.<\/p>\n<p>Kaivon osuus maksaa 10 euroa, mutta voit antaa useamman kuin yhden osuuden. K\u00e4yt\u00e4 plusmerkki\u00e4 antaaksesi enemm\u00e4n osuuksia.<\/p>\n<p>Jos puhtaan veden tarve tyydytet\u00e4\u00e4n tai kumppaneidemme kysynt\u00e4 v\u00e4henee, Lapsil\u00e4hetys pid\u00e4tt\u00e4\u00e4 oikeuden jakaa varat uudelleen yhteisen ty\u00f6n puitteissa.<\/p>\n<p>Puhtaasta vedest\u00e4 tulee lahja, joka pelastaa ihmishenki\u00e4!<\/p>\n","protected":false},"excerpt":{"rendered":"<p>Bidra till en gr\u00e4vd eller borrad brunn och ge en present som r\u00e4ddar liv. Du f\u00e5r ett fint g\u00e5vointyg.<\/p>\n<p>Lahjoita kaivetun tai poratun kaivon rakentamiseen ja anna lahja, joka pelastaa ihmishenki\u00e4. Saat hienon lahjatodistuksen.<\/p>\n","protected":false},"featured_media":11189,"template":"","meta":[],"product_brand":[],"product_cat":[55],"product_tag":[],"class_list":{"0":"post-11188","1":"product","2":"type-product","3":"status-publish","4":"has-post-thumbnail","6":"product_cat-gavor-fi","8":"first","9":"instock","10":"downloadable","11":"shipping-taxable","12":"purchasable","13":"product-type-simple"},"_links":{"self":[{"href":"https:\/\/barnmissionen.se\/shop\/fi\/wp-json\/wp\/v2\/product\/11188","targetHints":{"allow":["GET"]}}],"collection":[{"href":"https:\/\/barnmissionen.se\/shop\/fi\/wp-json\/wp\/v2\/product"}],"about":[{"href":"https:\/\/barnmissionen.se\/shop\/fi\/wp-json\/wp\/v2\/types\/product"}],"wp:featuredmedia":[{"embeddable":true,"href":"https:\/\/barnmissionen.se\/shop\/fi\/wp-json\/wp\/v2\/media\/11189"}],"wp:attachment":[{"href":"https:\/\/barnmissionen.se\/shop\/fi\/wp-json\/wp\/v2\/media?parent=11188"}],"wp:term":[{"taxonomy":"product_brand","embeddable":true,"href":"https:\/\/barnmissionen.se\/shop\/fi\/wp-json\/wp\/v2\/product_brand?post=11188"},{"taxonomy":"product_cat","embeddable":true,"href":"https:\/\/barnmissionen.se\/shop\/fi\/wp-json\/wp\/v2\/product_cat?post=11188"},{"taxonomy":"product_tag","embeddable":true,"href":"https:\/\/barnmissionen.se\/shop\/fi\/wp-json\/wp\/v2\/product_tag?post=11188"}],"curies":[{"name":"wp","href":"https:\/\/api.w.org\/{rel}","templated":true}]}}