{"id":11191,"date":"2019-06-19T06:09:35","date_gmt":"2019-06-19T04:09:35","guid":{"rendered":"https:\/\/barnmissionen.se\/shop\/produkt\/myggnat\/"},"modified":"2025-08-12T06:41:27","modified_gmt":"2025-08-12T04:41:27","slug":"myggnat","status":"publish","type":"product","link":"https:\/\/barnmissionen.se\/shop\/fi\/produkt\/myggnat\/","title":{"rendered":"Myggn\u00e4t\/Hyttysverkko"},"content":{"rendered":"<h2>Varf\u00f6r ska jag ge bort myggn\u00e4t?<\/h2>\n<p>Malaria \u00e4r en utbredd och farlig febersjukdom som sprids genom myggbett. 300 miljoner m\u00e4nniskor smittas \u00e5rligen av febersjukdomen och en miljon d\u00f6r av infektionen.<\/p>\n<p>Ett enkelt s\u00e4tt att minska risken f\u00f6r malaria \u00e4r att s\u00e4tta upp myggn\u00e4t \u00f6ver sovplatser. Myggn\u00e4tet ger familjer i Afrika och Asien ett livsavg\u00f6rande och enkelt skydd. Det blir en present som r\u00e4ddar liv!<\/p>\n<p>Om behovet av myggn\u00e4t \u00e4r uppn\u00e5tt eller efterfr\u00e5gan fr\u00e5n v\u00e5ra partner minskar, f\u00f6rbeh\u00e5ller sig Barnmissionen r\u00e4tten att omf\u00f6rdela medlen inom ramarna f\u00f6r det samlade arbetet.<\/p>\n<h2>Miksi minun pit\u00e4isi antaa hyttysverkkoja?<\/h2>\n<p>Malaria on laajalle levinnyt ja vaarallinen kuumetauti, joka levi\u00e4\u00e4 hyttysten puremien v\u00e4lityksell\u00e4. Vuosittain 300 miljoonaa ihmist\u00e4 saa kuumetartunnan ja miljoona kuolee tartuntaan.<\/p>\n<p>Yksinkertainen tapa v\u00e4hent\u00e4\u00e4 malarian riski\u00e4 on laittaa hyttysverkot nukkumapaikkojen p\u00e4\u00e4lle. Hyttysverkot tarjoavat Afrikan ja Aasian perheille ihmishenki\u00e4 pelastavaa ja yksinkertaista suojaa. Se on lahja, joka pelastaa ihmishenki\u00e4!<\/p>\n<p>Jos hyttysverkkojen tarve t\u00e4yttyy tai kumppaneidemme kysynt\u00e4 v\u00e4henee, Lapsil\u00e4hetys pid\u00e4tt\u00e4\u00e4 oikeuden jakaa varat uudelleen yhteisen ty\u00f6n puitteissa.<\/p>\n","protected":false},"excerpt":{"rendered":"<p>Ge bort myggn\u00e4t i malariadrabbade omr\u00e5den och r\u00e4dda liv. Du f\u00e5r ett fint g\u00e5vointyg.<\/p>\n<p>Lahjoita hyttysverkkoja malaria-alueille ja pelasta henki\u00e4. Saat hienon lahjatodistuksen.<\/p>\n","protected":false},"featured_media":11192,"template":"","meta":[],"product_brand":[],"product_cat":[55],"product_tag":[],"class_list":{"0":"post-11191","1":"product","2":"type-product","3":"status-publish","4":"has-post-thumbnail","6":"product_cat-gavor-fi","8":"first","9":"instock","10":"downloadable","11":"shipping-taxable","12":"purchasable","13":"product-type-simple"},"_links":{"self":[{"href":"https:\/\/barnmissionen.se\/shop\/fi\/wp-json\/wp\/v2\/product\/11191","targetHints":{"allow":["GET"]}}],"collection":[{"href":"https:\/\/barnmissionen.se\/shop\/fi\/wp-json\/wp\/v2\/product"}],"about":[{"href":"https:\/\/barnmissionen.se\/shop\/fi\/wp-json\/wp\/v2\/types\/product"}],"wp:featuredmedia":[{"embeddable":true,"href":"https:\/\/barnmissionen.se\/shop\/fi\/wp-json\/wp\/v2\/media\/11192"}],"wp:attachment":[{"href":"https:\/\/barnmissionen.se\/shop\/fi\/wp-json\/wp\/v2\/media?parent=11191"}],"wp:term":[{"taxonomy":"product_brand","embeddable":true,"href":"https:\/\/barnmissionen.se\/shop\/fi\/wp-json\/wp\/v2\/product_brand?post=11191"},{"taxonomy":"product_cat","embeddable":true,"href":"https:\/\/barnmissionen.se\/shop\/fi\/wp-json\/wp\/v2\/product_cat?post=11191"},{"taxonomy":"product_tag","embeddable":true,"href":"https:\/\/barnmissionen.se\/shop\/fi\/wp-json\/wp\/v2\/product_tag?post=11191"}],"curies":[{"name":"wp","href":"https:\/\/api.w.org\/{rel}","templated":true}]}}