{"id":11194,"date":"2019-06-19T06:08:24","date_gmt":"2019-06-19T04:08:24","guid":{"rendered":"https:\/\/barnmissionen.se\/shop\/produkt\/ko\/"},"modified":"2025-08-13T10:53:21","modified_gmt":"2025-08-13T08:53:21","slug":"ko","status":"publish","type":"product","link":"https:\/\/barnmissionen.se\/shop\/fi\/produkt\/ko\/","title":{"rendered":"Ko\/Lehm\u00e4"},"content":{"rendered":"<h2>Varf\u00f6r ska jag ge bort en ko?<\/h2>\n<p>F\u00f6r en fattig och utsatt familj kan en ko fungera som en bank. Det \u00e4r en tillg\u00e5ng som ger avkastning, b\u00e5de genom mj\u00f6lken och genom kalvar som kan s\u00e4ljas. Mj\u00f6lken blir ett n\u00e4ringsrikt tillskott till familjens kost och \u00f6verskottet s\u00e4ljs f\u00f6r att bekosta barnens skolg\u00e5ng samt mat och mediciner.<\/p>\n<p>Kor k\u00f6ps in lokalt och delas ut till fattiga familjer som lever i extrem fattigdom, bland annat i afrikanska l\u00e4nder, i Bangladesh och Moldavien. Mottagaren f\u00e5r ocks\u00e5 en enkel utbildning i djurh\u00e5llning. Korna f\u00f6r\u00e4ndrar familjens hela livssituation och blir en present som f\u00f6r\u00e4ndrar liv!<\/p>\n<p>Priset p\u00e5 kor varierar stort mellan olika l\u00e4nder. Det pris vi angett \u00e4r d\u00e4rf\u00f6r ett riktpris. Ibland kan en ko kosta mer och d\u00e5 kan tv\u00e5 givare gemensamt betala f\u00f6r en ko.<\/p>\n<p>Om behovet av kor \u00e4r uppn\u00e5tt eller efterfr\u00e5gan fr\u00e5n v\u00e5ra partner minskar, f\u00f6rbeh\u00e5ller sig Barnmissionen r\u00e4tten att omf\u00f6rdela medlen inom ramarna f\u00f6r det samlade arbetet.<\/p>\n<h2>Miksi minun pit\u00e4isi lahjoittaa lehm\u00e4?<\/h2>\n<p>K\u00f6yh\u00e4lle ja haavoittuvassa asemassa olevalle perheelle lehm\u00e4 voi toimia pankkina. Se on omaisuus, joka tuottaa tuottoa sek\u00e4 maidon ett\u00e4 myyt\u00e4vien vasikoiden kautta. Maidosta tulee ravitseva lis\u00e4 perheen ruokavalioon, ja ylij\u00e4\u00e4m\u00e4 myyd\u00e4\u00e4n lasten koulutuksen sek\u00e4 ruoan ja l\u00e4\u00e4kkeiden maksamiseksi.<\/p>\n<p>Lehm\u00e4t ostetaan paikallisesti ja jaetaan \u00e4\u00e4rimm\u00e4isess\u00e4 k\u00f6yhyydess\u00e4 el\u00e4ville perheille, muun muassa Afrikan maissa, Bangladeshissa ja Moldovassa. Vastaanottaja saa my\u00f6s yksinkertaista koulutusta karjanhoidossa. Lehm\u00e4t muuttavat perheen koko elinolotilanteen ja niist\u00e4 tulee lahja, joka muuttaa el\u00e4m\u00e4\u00e4!<\/p>\n<p>Lehmien hinta vaihtelee suuresti eri maiden v\u00e4lill\u00e4. Ilmoittamamme hinta on siksi ohjeellinen. Joskus lehm\u00e4 voi maksaa enemm\u00e4n, jolloin kaksi lahjoittajaa voi yhdess\u00e4 maksaa lehm\u00e4st\u00e4.<\/p>\n<p>Jos lehmien tarve tyydytet\u00e4\u00e4n tai kumppaneidemme kysynt\u00e4 v\u00e4henee, Lapsil\u00e4hetys pid\u00e4tt\u00e4\u00e4 oikeuden jakaa varat uudelleen yhteisen ty\u00f6n puitteissa.<\/p>\n","protected":false},"excerpt":{"rendered":"<p>Ge bort en ko och f\u00f6r\u00e4ndra livet f\u00f6r en familj. Du namnger kon och f\u00e5r ett fint g\u00e5vointyg\/namnbevis.<\/p>\n<p>Lahjoita lehm\u00e4 ja muuta perheen el\u00e4m\u00e4. Nime\u00e4t lehm\u00e4n ja saat hienon nime\u00e4mistodistuksen<\/p>\n","protected":false},"featured_media":11195,"template":"","meta":[],"product_brand":[],"product_cat":[55,57],"product_tag":[],"class_list":{"0":"post-11194","1":"product","2":"type-product","3":"status-publish","4":"has-post-thumbnail","6":"product_cat-gavor-fi","7":"product_cat-lehma","9":"first","10":"instock","11":"downloadable","12":"shipping-taxable","13":"purchasable","14":"product-type-simple"},"_links":{"self":[{"href":"https:\/\/barnmissionen.se\/shop\/fi\/wp-json\/wp\/v2\/product\/11194","targetHints":{"allow":["GET"]}}],"collection":[{"href":"https:\/\/barnmissionen.se\/shop\/fi\/wp-json\/wp\/v2\/product"}],"about":[{"href":"https:\/\/barnmissionen.se\/shop\/fi\/wp-json\/wp\/v2\/types\/product"}],"wp:featuredmedia":[{"embeddable":true,"href":"https:\/\/barnmissionen.se\/shop\/fi\/wp-json\/wp\/v2\/media\/11195"}],"wp:attachment":[{"href":"https:\/\/barnmissionen.se\/shop\/fi\/wp-json\/wp\/v2\/media?parent=11194"}],"wp:term":[{"taxonomy":"product_brand","embeddable":true,"href":"https:\/\/barnmissionen.se\/shop\/fi\/wp-json\/wp\/v2\/product_brand?post=11194"},{"taxonomy":"product_cat","embeddable":true,"href":"https:\/\/barnmissionen.se\/shop\/fi\/wp-json\/wp\/v2\/product_cat?post=11194"},{"taxonomy":"product_tag","embeddable":true,"href":"https:\/\/barnmissionen.se\/shop\/fi\/wp-json\/wp\/v2\/product_tag?post=11194"}],"curies":[{"name":"wp","href":"https:\/\/api.w.org\/{rel}","templated":true}]}}