{"id":11196,"date":"2019-06-19T06:05:24","date_gmt":"2019-06-19T04:05:24","guid":{"rendered":"https:\/\/barnmissionen.se\/shop\/produkt\/bikupa\/"},"modified":"2025-08-12T06:41:19","modified_gmt":"2025-08-12T04:41:19","slug":"bikupa","status":"publish","type":"product","link":"https:\/\/barnmissionen.se\/shop\/fi\/produkt\/bikupa\/","title":{"rendered":"Bikupa\/Mehil\u00e4ispes\u00e4"},"content":{"rendered":"<h2>Varf\u00f6r ska jag ge bort en bikupa?<\/h2>\n<p>Biodling \u00e4r en fantastisk m\u00f6jlighet till sj\u00e4lvf\u00f6rs\u00f6rjning f\u00f6r en fattig och utsatt familj. Honung inneh\u00e5ller m\u00e5nga n\u00e4rings\u00e4mnen och vitaminer som st\u00e4rker immunf\u00f6rsvaret. Honung kan ocks\u00e5 s\u00e4ljas och inkomsten anv\u00e4ndas till skolavgifter, mat och mediciner.<\/p>\n<p>Barnmissionen delar ut bikupor till fattiga familjer i flera olika l\u00e4nder. Mottagaren f\u00e5r ocks\u00e5 en enkel utbildning i djurh\u00e5llning. Priserna p\u00e5 bikupor varierar mellan olika l\u00e4nder. Priset vi angett \u00e4r d\u00e4rf\u00f6r ett riktpris. Ibland kan en bikupa kosta mer och d\u00e5 kan tv\u00e5 givare gemensamt betala f\u00f6r en bikupa.<\/p>\n<p>Om behovet av bikupor \u00e4r uppn\u00e5tt eller efterfr\u00e5gan fr\u00e5n v\u00e5ra partner minskar, f\u00f6rbeh\u00e5ller sig Barnmissionen r\u00e4tten att omf\u00f6rdela medlen inom ramarna f\u00f6r det samlade arbetet.<\/p>\n<p>Din bikupa blir en present som f\u00f6r\u00e4ndrar liv!<\/p>\n<h2>Miksi lahjoittaisin mehil\u00e4ispes\u00e4n?<\/h2>\n<p>Mehil\u00e4ishoito on loistava tilaisuus omavaraisuuteen k\u00f6yh\u00e4lle ja haavoittuvassa asemassa olevalle perheelle. Hunaja sis\u00e4lt\u00e4\u00e4 monia ravintoaineita ja vitamiineja, jotka vahvistavat immuunij\u00e4rjestelm\u00e4\u00e4. Hunajaa voidaan my\u00f6s myyd\u00e4 ja tuloja k\u00e4ytt\u00e4\u00e4 koulumaksuihin, ruokaan ja l\u00e4\u00e4kkeisiin.<\/p>\n<p>Lapsil\u00e4hetys jakaa mehil\u00e4ispesi\u00e4 k\u00f6yhille perheille useissa eri maissa. Vastaanottaja saa my\u00f6s yksinkertaista koulutusta niiden hoitamiseen. Mehil\u00e4ispesien hinnat vaihtelevat maittain. Ilmoittamamme hinta on siis ohjehinta. Joskus mehil\u00e4ispes\u00e4 voi maksaa enemm\u00e4n, jolloin kaksi lahjoittajaa voi yhdess\u00e4 maksaa mehil\u00e4ispes\u00e4st\u00e4.<\/p>\n<p>Jos mehil\u00e4ispesien tarve t\u00e4yttyy tai kumppaneidemme kysynt\u00e4 v\u00e4henee, Lapsil\u00e4hetys pid\u00e4tt\u00e4\u00e4 oikeuden jakaa varat uudelleen yhteisen ty\u00f6n puitteissa.<\/p>\n<p>Mehil\u00e4ispes\u00e4si on lahja, joka muuttaa el\u00e4m\u00e4n!<\/p>\n","protected":false},"excerpt":{"rendered":"<p>Ge bort en bikupa och hj\u00e4lp en familj att f\u00f6rs\u00f6rja sig sj\u00e4lv. D\u00e5 f\u00e5r ett fint g\u00e5vointyg.<\/p>\n<p>Lahjoita mehil\u00e4ispes\u00e4 ja auta perhett\u00e4 el\u00e4tt\u00e4m\u00e4\u00e4n itsens\u00e4.\u00a0 Saat hienon lahjatodistuksen.<\/p>\n","protected":false},"featured_media":11199,"template":"","meta":[],"product_brand":[],"product_cat":[55],"product_tag":[],"class_list":{"0":"post-11196","1":"product","2":"type-product","3":"status-publish","4":"has-post-thumbnail","6":"product_cat-gavor-fi","8":"first","9":"instock","10":"downloadable","11":"shipping-taxable","12":"purchasable","13":"product-type-simple"},"_links":{"self":[{"href":"https:\/\/barnmissionen.se\/shop\/fi\/wp-json\/wp\/v2\/product\/11196","targetHints":{"allow":["GET"]}}],"collection":[{"href":"https:\/\/barnmissionen.se\/shop\/fi\/wp-json\/wp\/v2\/product"}],"about":[{"href":"https:\/\/barnmissionen.se\/shop\/fi\/wp-json\/wp\/v2\/types\/product"}],"wp:featuredmedia":[{"embeddable":true,"href":"https:\/\/barnmissionen.se\/shop\/fi\/wp-json\/wp\/v2\/media\/11199"}],"wp:attachment":[{"href":"https:\/\/barnmissionen.se\/shop\/fi\/wp-json\/wp\/v2\/media?parent=11196"}],"wp:term":[{"taxonomy":"product_brand","embeddable":true,"href":"https:\/\/barnmissionen.se\/shop\/fi\/wp-json\/wp\/v2\/product_brand?post=11196"},{"taxonomy":"product_cat","embeddable":true,"href":"https:\/\/barnmissionen.se\/shop\/fi\/wp-json\/wp\/v2\/product_cat?post=11196"},{"taxonomy":"product_tag","embeddable":true,"href":"https:\/\/barnmissionen.se\/shop\/fi\/wp-json\/wp\/v2\/product_tag?post=11196"}],"curies":[{"name":"wp","href":"https:\/\/api.w.org\/{rel}","templated":true}]}}