{"id":11201,"date":"2019-06-19T06:03:49","date_gmt":"2019-06-19T04:03:49","guid":{"rendered":"https:\/\/barnmissionen.se\/shop\/produkt\/utsade-till-jordbruk\/"},"modified":"2025-08-12T06:43:32","modified_gmt":"2025-08-12T04:43:32","slug":"utsade-till-jordbruk","status":"publish","type":"product","link":"https:\/\/barnmissionen.se\/shop\/fi\/produkt\/utsade-till-jordbruk\/","title":{"rendered":"Uts\u00e4de till jordbruk\/Siemenet maatalouteen"},"content":{"rendered":"<h2>Varf\u00f6r ska jag ge bort uts\u00e4de till jordbruk?<\/h2>\n<p>I alla Barnmissionens verksamhetsl\u00e4nder \u00e4r jordbruk en av de viktigaste k\u00e4llorna till egen f\u00f6rs\u00f6rjning. En fattig familj som f\u00e5r en s\u00e4ck med uts\u00e4de, exempelvis majskorn eller gr\u00f6nsaksfr\u00f6er, f\u00e5r m\u00f6jlighet att f\u00f6rs\u00f6rja sig sj\u00e4lva. Efter sk\u00f6rden kan en del av gr\u00f6dorna konsumeras direkt, medan resten sparas till vinterhalv\u00e5ret.<\/p>\n<p>Det blir en present som f\u00f6r\u00e4ndrar liv!<\/p>\n<p>Om behovet av uts\u00e4de \u00e4r uppn\u00e5tt eller efterfr\u00e5gan fr\u00e5n v\u00e5ra partner minskar, f\u00f6rbeh\u00e5ller sig Barnmissionen r\u00e4tten att omf\u00f6rdela medlen inom ramarna f\u00f6r det samlade arbetet.<\/p>\n<h2>Miksi minun pit\u00e4isi lahjoittaa siemeni\u00e4 maataloudelle?<\/h2>\n<p>Kaikissa Lapsil\u00e4hetyksenin toimintamaissa maatalous on yksi t\u00e4rkeimmist\u00e4 omavaraisuuden l\u00e4hteist\u00e4. K\u00f6yh\u00e4 perhe, joka saa s\u00e4killisen siemeni\u00e4, kuten maissinjyvi\u00e4 tai vihannesten siemeni\u00e4, saa mahdollisuuden el\u00e4tt\u00e4\u00e4 itsens\u00e4. Sadonkorjuun j\u00e4lkeen osa sadosta voidaan kuluttaa v\u00e4litt\u00f6m\u00e4sti, kun taas loput s\u00e4\u00e4stet\u00e4\u00e4n talvikuukausia varten.<\/p>\n<p>Se on lahja, joka muuttaa el\u00e4m\u00e4n!<\/p>\n<p>Jos siementen tarve tyydytet\u00e4\u00e4n tai kumppaneidemme kysynt\u00e4 v\u00e4henee, Lapsil\u00e4hetys pid\u00e4tt\u00e4\u00e4 oikeuden jakaa varat uudelleen yhteisen ty\u00f6n puitteissa.<\/p>\n<p>&nbsp;<\/p>\n","protected":false},"excerpt":{"rendered":"<p>Ge bort uts\u00e4de till en utsatt familj och f\u00f6r\u00e4ndra deras liv. Du f\u00e5r ett fint g\u00e5vointyg.<\/p>\n<p>Lahjoita siemeni\u00e4 haavoittuvassa asemassa olevalle perheelle ja muuta heid\u00e4n el\u00e4m\u00e4ns\u00e4! Saat hienon lahjatodistuksen.<\/p>\n","protected":false},"featured_media":11205,"template":"","meta":[],"product_brand":[],"product_cat":[55],"product_tag":[],"class_list":{"0":"post-11201","1":"product","2":"type-product","3":"status-publish","4":"has-post-thumbnail","6":"product_cat-gavor-fi","8":"first","9":"instock","10":"downloadable","11":"shipping-taxable","12":"purchasable","13":"product-type-simple"},"_links":{"self":[{"href":"https:\/\/barnmissionen.se\/shop\/fi\/wp-json\/wp\/v2\/product\/11201","targetHints":{"allow":["GET"]}}],"collection":[{"href":"https:\/\/barnmissionen.se\/shop\/fi\/wp-json\/wp\/v2\/product"}],"about":[{"href":"https:\/\/barnmissionen.se\/shop\/fi\/wp-json\/wp\/v2\/types\/product"}],"wp:featuredmedia":[{"embeddable":true,"href":"https:\/\/barnmissionen.se\/shop\/fi\/wp-json\/wp\/v2\/media\/11205"}],"wp:attachment":[{"href":"https:\/\/barnmissionen.se\/shop\/fi\/wp-json\/wp\/v2\/media?parent=11201"}],"wp:term":[{"taxonomy":"product_brand","embeddable":true,"href":"https:\/\/barnmissionen.se\/shop\/fi\/wp-json\/wp\/v2\/product_brand?post=11201"},{"taxonomy":"product_cat","embeddable":true,"href":"https:\/\/barnmissionen.se\/shop\/fi\/wp-json\/wp\/v2\/product_cat?post=11201"},{"taxonomy":"product_tag","embeddable":true,"href":"https:\/\/barnmissionen.se\/shop\/fi\/wp-json\/wp\/v2\/product_tag?post=11201"}],"curies":[{"name":"wp","href":"https:\/\/api.w.org\/{rel}","templated":true}]}}