{"id":11208,"date":"2019-06-19T06:02:45","date_gmt":"2019-06-19T04:02:45","guid":{"rendered":"https:\/\/barnmissionen.se\/shop\/produkt\/latrin\/"},"modified":"2025-08-12T06:44:46","modified_gmt":"2025-08-12T04:44:46","slug":"latrin","status":"publish","type":"product","link":"https:\/\/barnmissionen.se\/shop\/fi\/produkt\/latrin\/","title":{"rendered":"Latrin\/K\u00e4ym\u00e4l\u00e4"},"content":{"rendered":"<h2>Varf\u00f6r ska jag ge bort en latrin?<\/h2>\n<p>En riktig latrin \u00e4r ett grundl\u00e4ggande behov, b\u00e5de f\u00f6r individen och f\u00f6r milj\u00f6n. Den skapar f\u00f6ruts\u00e4ttningar f\u00f6r att h\u00e5lla en god hygien och undvika sjukdomar. Genom att bekosta bygget av en latrin bidrar du till f\u00f6rb\u00e4ttrad h\u00e4lsa f\u00f6r barn och familjer i Lokichoggio, nordv\u00e4stra Kenya.<\/p>\n<p>N\u00e4r det finns f\u00f6ruts\u00e4ttningar att bygga en ny latrin gr\u00e4ver man ett anpassat h\u00e5l, sedan gjuts en platta av betong runt h\u00e5let och ett hus av st\u00e5l och pl\u00e5t monteras ihop. Hela konstruktionen kan enkelt lyftas och flyttas f\u00f6r att \u00e5teranv\u00e4ndas n\u00e4r h\u00e5let i marken fyllts upp. D\u00e4r planteras sedan ett tr\u00e4d.<\/p>\n<p>Det blir en present som f\u00f6r\u00e4ndrar liv!<\/p>\n<h2>Miksi minun pit\u00e4isi lahjoittaa k\u00e4ym\u00e4l\u00e4?<\/h2>\n<p>Kunnollinen k\u00e4ym\u00e4l\u00e4 on perustarve sek\u00e4 yksil\u00f6lle ett\u00e4 ymp\u00e4rist\u00f6lle. Se luo edellytykset hyv\u00e4n hygienian yll\u00e4pit\u00e4miselle ja tautien ehk\u00e4isemiselle. Maksamalla k\u00e4ym\u00e4l\u00e4n rakentamisesta edist\u00e4t lasten ja perheiden terveytt\u00e4 Lokichoggiossa, Luoteis-Keniassa.<\/p>\n<p>Kun olosuhteet ovat oikeat uuden k\u00e4ym\u00e4l\u00e4n rakentamiselle, kaivetaan sopiva kuoppa, jonka ymp\u00e4rille valetaan betonilaatta ja kootaan ter\u00e4s- ja peltitalo. Koko rakennelma voidaan helposti nostaa ja siirt\u00e4\u00e4 uudelleenk\u00e4ytt\u00f6\u00e4 varten, kun maahan tehty kuoppa on t\u00e4ytetty. Sitten tilalle istutetaan puu.<\/p>\n<p>Se on lahja, joka muuttaa el\u00e4m\u00e4n!<\/p>\n","protected":false},"excerpt":{"rendered":"<p>Ge bort en latrin och f\u00f6r\u00e4ndra livet f\u00f6r m\u00e5nga. Du f\u00e5r ett fint g\u00e5vointyg.<\/p>\n<p>Lahjoita k\u00e4ym\u00e4l\u00e4 ja muuta monien ihmisten el\u00e4m\u00e4\u00e4. Saat hienon lahjatodistuksen.<\/p>\n","protected":false},"featured_media":11209,"template":"","meta":[],"product_brand":[],"product_cat":[55],"product_tag":[],"class_list":{"0":"post-11208","1":"product","2":"type-product","3":"status-publish","4":"has-post-thumbnail","6":"product_cat-gavor-fi","8":"first","9":"instock","10":"downloadable","11":"shipping-taxable","12":"purchasable","13":"product-type-simple"},"_links":{"self":[{"href":"https:\/\/barnmissionen.se\/shop\/fi\/wp-json\/wp\/v2\/product\/11208","targetHints":{"allow":["GET"]}}],"collection":[{"href":"https:\/\/barnmissionen.se\/shop\/fi\/wp-json\/wp\/v2\/product"}],"about":[{"href":"https:\/\/barnmissionen.se\/shop\/fi\/wp-json\/wp\/v2\/types\/product"}],"wp:featuredmedia":[{"embeddable":true,"href":"https:\/\/barnmissionen.se\/shop\/fi\/wp-json\/wp\/v2\/media\/11209"}],"wp:attachment":[{"href":"https:\/\/barnmissionen.se\/shop\/fi\/wp-json\/wp\/v2\/media?parent=11208"}],"wp:term":[{"taxonomy":"product_brand","embeddable":true,"href":"https:\/\/barnmissionen.se\/shop\/fi\/wp-json\/wp\/v2\/product_brand?post=11208"},{"taxonomy":"product_cat","embeddable":true,"href":"https:\/\/barnmissionen.se\/shop\/fi\/wp-json\/wp\/v2\/product_cat?post=11208"},{"taxonomy":"product_tag","embeddable":true,"href":"https:\/\/barnmissionen.se\/shop\/fi\/wp-json\/wp\/v2\/product_tag?post=11208"}],"curies":[{"name":"wp","href":"https:\/\/api.w.org\/{rel}","templated":true}]}}