{"id":11210,"date":"2019-06-19T06:01:49","date_gmt":"2019-06-19T04:01:49","guid":{"rendered":"https:\/\/barnmissionen.se\/shop\/produkt\/skolbank\/"},"modified":"2025-08-12T06:45:51","modified_gmt":"2025-08-12T04:45:51","slug":"skolbank","status":"publish","type":"product","link":"https:\/\/barnmissionen.se\/shop\/fi\/produkt\/skolbank\/","title":{"rendered":"Skolb\u00e4nk\/Koulun p\u00f6yt\u00e4"},"content":{"rendered":"<h2>Varf\u00f6r ska jag ge bort en skolb\u00e4nk?<\/h2>\n<p>Utbildning \u00e4r v\u00e4gen ut ur fattigdom. D\u00e4rf\u00f6r jobbar Barnmissionen f\u00f6r att ge barn s\u00e5 goda f\u00f6ruts\u00e4ttningar som m\u00f6jligt f\u00f6r en bra skolg\u00e5ng!<\/p>\n<p>I m\u00e5nga byskolor sitter barnen direkt p\u00e5 golvet eller p\u00e5 mycket enkla b\u00e4nkar. Genom att k\u00f6pa \u201dLoki-Kea-b\u00e4nken\u201d har du bidragit till att skolor med underm\u00e5liga b\u00e4nkar f\u00e5r m\u00f6jlighet att ge sina elever en mycket b\u00e4ttre skolmilj\u00f6.<\/p>\n<p>B\u00e4nken har en kraftig st\u00e5lram som skruvas ihop. F\u00f6r att passa olika \u00e5ldersgrupper \u00e4r den h\u00f6j- och s\u00e4nkbar, och den har en sl\u00e4t och fin bordsyta. Det blir en present som ger en b\u00e4ttre skolmilj\u00f6!<\/p>\n<h2>Miksi minun pit\u00e4isi antaa koulupulpetti?<\/h2>\n<p>Koulutus on tie ulos k\u00f6yhyydest\u00e4. Siksi Lapsil\u00e4hetys pyrkii tarjoamaan lapsille parhaat mahdolliset olosuhteet hyv\u00e4\u00e4n koulunk\u00e4yntiin!<\/p>\n<p>Monissa kyl\u00e4kouluissa lapset istuvat suoraan lattialla tai hyvin yksinkertaisilla pulpeteilla. Hankkimalla &#8221;Loki-Kea&#8221; -pulpetin olet auttanut kouluja, joissa on heikkolaatuisia pulpetteja, tarjoamaan oppilailleen paljon paremman kouluymp\u00e4rist\u00f6n.<\/p>\n<p>P\u00f6yd\u00e4ss\u00e4 on vahva ter\u00e4srunko, joka on ruuvattu yhteen. Sit\u00e4 voidaan nostaa ja laskea eri ik\u00e4ryhmille sopivaksi, ja siin\u00e4 on sile\u00e4 ja miellytt\u00e4v\u00e4 p\u00f6yt\u00e4pinta. Se on lahja, joka tarjoaa paremman kouluymp\u00e4rist\u00f6n!<\/p>\n","protected":false},"excerpt":{"rendered":"<p>Ge bort en skolb\u00e4nk till en skola med sm\u00e5 resurser och skapa en b\u00e4ttre skolmilj\u00f6. Du f\u00e5r ett fint g\u00e5vointyg.<\/p>\n<p>Lahjoita pulpetti koululle, jolla on rajalliset resurssit, ja luo parempi kouluymp\u00e4rist\u00f6. Saat hienon lahjatodistuksen.<\/p>\n","protected":false},"featured_media":11211,"template":"","meta":[],"product_brand":[],"product_cat":[55],"product_tag":[],"class_list":{"0":"post-11210","1":"product","2":"type-product","3":"status-publish","4":"has-post-thumbnail","6":"product_cat-gavor-fi","8":"first","9":"instock","10":"downloadable","11":"shipping-taxable","12":"purchasable","13":"product-type-simple"},"_links":{"self":[{"href":"https:\/\/barnmissionen.se\/shop\/fi\/wp-json\/wp\/v2\/product\/11210","targetHints":{"allow":["GET"]}}],"collection":[{"href":"https:\/\/barnmissionen.se\/shop\/fi\/wp-json\/wp\/v2\/product"}],"about":[{"href":"https:\/\/barnmissionen.se\/shop\/fi\/wp-json\/wp\/v2\/types\/product"}],"wp:featuredmedia":[{"embeddable":true,"href":"https:\/\/barnmissionen.se\/shop\/fi\/wp-json\/wp\/v2\/media\/11211"}],"wp:attachment":[{"href":"https:\/\/barnmissionen.se\/shop\/fi\/wp-json\/wp\/v2\/media?parent=11210"}],"wp:term":[{"taxonomy":"product_brand","embeddable":true,"href":"https:\/\/barnmissionen.se\/shop\/fi\/wp-json\/wp\/v2\/product_brand?post=11210"},{"taxonomy":"product_cat","embeddable":true,"href":"https:\/\/barnmissionen.se\/shop\/fi\/wp-json\/wp\/v2\/product_cat?post=11210"},{"taxonomy":"product_tag","embeddable":true,"href":"https:\/\/barnmissionen.se\/shop\/fi\/wp-json\/wp\/v2\/product_tag?post=11210"}],"curies":[{"name":"wp","href":"https:\/\/api.w.org\/{rel}","templated":true}]}}