{"id":11212,"date":"2019-06-19T05:51:02","date_gmt":"2019-06-19T03:51:02","guid":{"rendered":"https:\/\/barnmissionen.se\/shop\/produkt\/kycklingar\/"},"modified":"2025-08-12T06:46:41","modified_gmt":"2025-08-12T04:46:41","slug":"kycklingar","status":"publish","type":"product","link":"https:\/\/barnmissionen.se\/shop\/fi\/produkt\/kycklingar\/","title":{"rendered":"Kycklingar\/Kanat"},"content":{"rendered":"<h2>Varf\u00f6r ska jag ge bort kycklingar?<\/h2>\n<p>Kycklingar \u00e4r ett bra s\u00e4tt att hj\u00e4lpa familjer till \u00f6kad sj\u00e4lvf\u00f6rs\u00f6rjning.<\/p>\n<p>Kycklingar \u00e4r billiga och enkla att sk\u00f6ta. Att f\u00e5 en kull kycklingar inneb\u00e4r en nystart f\u00f6r fattiga familjer. Uppf\u00f6dningen ger snart vuxna h\u00f6nor som v\u00e4rper \u00e4gg som ger ett bra tillskott till familjens kost. \u00d6verskottet av \u00e4ggen kan s\u00e4ljas och ge inkomster till familjen.<\/p>\n<p>Barnmissionen delar ut kycklingar i flera afrikanska l\u00e4nder, men ocks\u00e5 i Bangladesh och Moldavien. Mottagaren f\u00e5r ocks\u00e5 en enkel utbildning i djurh\u00e5llning. Priset p\u00e5 kycklingar varierar fr\u00e5n land till land. D\u00e4rf\u00f6r \u00e4r priset vi angett ett riktpris. Ibland kan en kull kycklingar kosta mer och d\u00e5 kan tv\u00e5 givare gemensamt betala f\u00f6r en kull med kycklingar.<\/p>\n<p>Om behovet av kycklingar \u00e4r uppn\u00e5tt eller efterfr\u00e5gan fr\u00e5n v\u00e5ra partner minskar, f\u00f6rbeh\u00e5ller sig Barnmissionen r\u00e4tten att omf\u00f6rdela medlen inom ramarna f\u00f6r det samlade arbetet.<\/p>\n<p>Oavsett v\u00e4rldsdel, kultur och levnadsf\u00f6rh\u00e5llanden \u00e4r kycklingar en lika uppskattad g\u00e5va som f\u00f6r\u00e4ndrar m\u00e4nniskors liv!<\/p>\n<h2>Miksi minun pit\u00e4isi lahjoittaa kanoja?<\/h2>\n<p>Kanat ovat loistava tapa auttaa perheit\u00e4 tulemaan omavaraisemmiksi.<\/p>\n<p>Kanat ovat halpoja ja helppohoitoisia. Kananpoikueen hankkiminen tarkoittaa uutta alkua k\u00f6yhille perheille. Kasvatus tuottaa pian aikuisia kanoja, jotka munivat ja t\u00e4ydent\u00e4v\u00e4t perheen ruokavaliota. Ylim\u00e4\u00e4r\u00e4iset munat voidaan myyd\u00e4 ja ne tarjoavat tuloja perheelle.<\/p>\n<p>Lapsil\u00e4hetys jakelee kanoja useissa Afrikan maissa, mutta my\u00f6s Bangladeshissa ja Moldovassa. Vastaanottaja saa my\u00f6s yksinkertaista koulutusta kananhoidossa. Kanojen hinta vaihtelee maittain. Siksi ilmoittamamme hinta on ohjehinta. Joskus kananpoikue voi maksaa enemm\u00e4n, jolloin kaksi lahjoittajaa voi yhdess\u00e4 maksaa kananpoikueen.<\/p>\n<p>Jos kanojen tarve tyydytet\u00e4\u00e4n tai kumppaneidemme kysynt\u00e4 v\u00e4henee, Lapsil\u00e4hetys pid\u00e4tt\u00e4\u00e4 oikeuden jakaa varat uudelleen yhteisen ty\u00f6n puitteissa.<\/p>\n<p>Mantereesta, kulttuurista ja elinolosuhteista riippumatta kanat ovat yht\u00e4 arvostettu lahja, joka muuttaa ihmisten el\u00e4m\u00e4\u00e4!<\/p>\n<p>&nbsp;<\/p>\n","protected":false},"excerpt":{"rendered":"<p>Ge bort en kull kycklingar och hj\u00e4lp en familj att f\u00f6rs\u00f6rja sig sj\u00e4lv. Du f\u00e5r ett fint g\u00e5vointyg.<\/p>\n<p>Lahjoita kananpoikasia ja auta perhett\u00e4 el\u00e4tt\u00e4m\u00e4\u00e4n itsens\u00e4. Saat hienon lahjatodistuksen.<\/p>\n","protected":false},"featured_media":11213,"template":"","meta":[],"product_brand":[],"product_cat":[55],"product_tag":[],"class_list":{"0":"post-11212","1":"product","2":"type-product","3":"status-publish","4":"has-post-thumbnail","6":"product_cat-gavor-fi","8":"first","9":"instock","10":"downloadable","11":"shipping-taxable","12":"purchasable","13":"product-type-simple"},"_links":{"self":[{"href":"https:\/\/barnmissionen.se\/shop\/fi\/wp-json\/wp\/v2\/product\/11212","targetHints":{"allow":["GET"]}}],"collection":[{"href":"https:\/\/barnmissionen.se\/shop\/fi\/wp-json\/wp\/v2\/product"}],"about":[{"href":"https:\/\/barnmissionen.se\/shop\/fi\/wp-json\/wp\/v2\/types\/product"}],"wp:featuredmedia":[{"embeddable":true,"href":"https:\/\/barnmissionen.se\/shop\/fi\/wp-json\/wp\/v2\/media\/11213"}],"wp:attachment":[{"href":"https:\/\/barnmissionen.se\/shop\/fi\/wp-json\/wp\/v2\/media?parent=11212"}],"wp:term":[{"taxonomy":"product_brand","embeddable":true,"href":"https:\/\/barnmissionen.se\/shop\/fi\/wp-json\/wp\/v2\/product_brand?post=11212"},{"taxonomy":"product_cat","embeddable":true,"href":"https:\/\/barnmissionen.se\/shop\/fi\/wp-json\/wp\/v2\/product_cat?post=11212"},{"taxonomy":"product_tag","embeddable":true,"href":"https:\/\/barnmissionen.se\/shop\/fi\/wp-json\/wp\/v2\/product_tag?post=11212"}],"curies":[{"name":"wp","href":"https:\/\/api.w.org\/{rel}","templated":true}]}}