{"id":11215,"date":"2019-06-19T05:48:53","date_gmt":"2019-06-19T03:48:53","guid":{"rendered":"https:\/\/barnmissionen.se\/shop\/produkt\/get\/"},"modified":"2025-08-13T10:51:15","modified_gmt":"2025-08-13T08:51:15","slug":"get","status":"publish","type":"product","link":"https:\/\/barnmissionen.se\/shop\/fi\/produkt\/get\/","title":{"rendered":"Get\/Vuohi"},"content":{"rendered":"<h2><strong>Varf\u00f6r ska jag ge bort en get?<\/strong><\/h2>\n<p>I m\u00e5nga l\u00e4nder lever familjer i extrem fattigdom, l\u00e5ngt under det som brukar klassas som existensminimum. D\u00e4r kan en get g\u00f6ra en enorm skillnad.<\/p>\n<p>Geten kommer att sk\u00e4nkas till en utsatt familj, i f\u00f6rsta hand till dem som tar hand om f\u00f6r\u00e4ldral\u00f6sa barn. Att f\u00e5 en get som g\u00e5va \u00e4r livsviktigt f\u00f6r m\u00e5nga familjers \u00f6verlevnad.<\/p>\n<p>Geten ger n\u00e4ringsrik mj\u00f6lk. Den f\u00e5r killingar som s\u00e4ljs av och ger familjen en inkomst, s\u00e5 att de exempelvis kan betala skolavgifter f\u00f6r sina barn.<\/p>\n<p>Barnmissionen delar ut getter i flera afrikanska l\u00e4nder, i Moldavien och i Bangladesh. Getterna k\u00f6ps in p\u00e5 plats och delas ut via v\u00e5ra lokala samarbetsorganisationer. Mottagaren f\u00e5r ocks\u00e5 en enkel utbildning i djurh\u00e5llning. Getter varierar i pris mellan olika l\u00e4nder. Priset vi angett \u00e4r ett riktpris. Ibland kan en get kosta mer och d\u00e5 kan tv\u00e5 givare gemensamt betala f\u00f6r en get.<\/p>\n<p>Om behovet av getter \u00e4r uppn\u00e5tt eller efterfr\u00e5gan fr\u00e5n v\u00e5ra partner minskar, f\u00f6rbeh\u00e5ller sig Barnmissionen r\u00e4tten att omf\u00f6rdela medlen inom ramarna f\u00f6r det samlade arbetet.<\/p>\n<p>Geten blir en present som f\u00f6r\u00e4ndrar liv!<\/p>\n<h2><strong>Miksi minun pit\u00e4isi lahjoittaa vuohi?<\/strong><\/h2>\n<p>Monissa maissa perheet el\u00e4v\u00e4t \u00e4\u00e4rimm\u00e4isess\u00e4 k\u00f6yhyydess\u00e4, paljon alle sen, mit\u00e4 yleens\u00e4 pidet\u00e4\u00e4n toimeentulominimin\u00e4. Siell\u00e4 vuohi voi tehd\u00e4 valtavan eron.<\/p>\n<p>Vuohi lahjoitetaan haavoittuvassa asemassa olevalle perheelle, p\u00e4\u00e4asiassa orpojen hoitajille. Vuohen saaminen lahjaksi on elint\u00e4rke\u00e4\u00e4 monien perheiden selviytymisen kannalta.<\/p>\n<p>Vuohi tuottaa ravitsevaa maitoa. Se tuottaa myyt\u00e4vi\u00e4 vuohia, jotka tarjoavat perheelle tuloja, jotta he voivat esimerkiksi maksaa lastensa koulumaksut.<\/p>\n<p>Lapsil\u00e4hetys jakelee vuohia useissa Afrikan maissa, Moldovassa ja Bangladeshissa. Vuohet ostetaan paikan p\u00e4\u00e4ll\u00e4 ja jaetaan paikallisten yhteisty\u00f6kumppaniemme kautta. Vastaanottaja saa my\u00f6s yksinkertaista koulutusta karjanhoidossa. Vuohien hinnat vaihtelevat eri maiden v\u00e4lill\u00e4. Ilmoittamamme hinta on ohjehinta. Joskus vuohi voi maksaa enemm\u00e4n, jolloin kaksi lahjoittajaa voi yhdess\u00e4 maksaa vuohen.<\/p>\n<p>Jos vuohien tarve tyydytet\u00e4\u00e4n tai kumppaneidemme kysynt\u00e4 v\u00e4henee, Lapsil\u00e4hetys pid\u00e4tt\u00e4\u00e4 oikeuden jakaa varat uudelleen yhteisen ty\u00f6n puitteissa.<\/p>\n<p>Vuohesta tulee lahja, joka muuttaa el\u00e4m\u00e4n!<\/p>\n<p>&nbsp;<\/p>\n","protected":false},"excerpt":{"rendered":"<p>Ge bort en get och f\u00f6r\u00e4ndra livet f\u00f6r en familj. Du namnger geten och f\u00e5r ett fint g\u00e5vointyg\/namnbevis.<\/p>\n<p>Lahjoita vuohi ja muuta perheen el\u00e4m\u00e4. Nime\u00e4t vuohen ja saat hienon nime\u00e4mistodistuksen.<\/p>\n","protected":false},"featured_media":11217,"template":"","meta":[],"product_brand":[],"product_cat":[55,58],"product_tag":[],"class_list":{"0":"post-11215","1":"product","2":"type-product","3":"status-publish","4":"has-post-thumbnail","6":"product_cat-gavor-fi","7":"product_cat-vuohi","9":"first","10":"instock","11":"downloadable","12":"shipping-taxable","13":"purchasable","14":"product-type-simple"},"_links":{"self":[{"href":"https:\/\/barnmissionen.se\/shop\/fi\/wp-json\/wp\/v2\/product\/11215","targetHints":{"allow":["GET"]}}],"collection":[{"href":"https:\/\/barnmissionen.se\/shop\/fi\/wp-json\/wp\/v2\/product"}],"about":[{"href":"https:\/\/barnmissionen.se\/shop\/fi\/wp-json\/wp\/v2\/types\/product"}],"wp:featuredmedia":[{"embeddable":true,"href":"https:\/\/barnmissionen.se\/shop\/fi\/wp-json\/wp\/v2\/media\/11217"}],"wp:attachment":[{"href":"https:\/\/barnmissionen.se\/shop\/fi\/wp-json\/wp\/v2\/media?parent=11215"}],"wp:term":[{"taxonomy":"product_brand","embeddable":true,"href":"https:\/\/barnmissionen.se\/shop\/fi\/wp-json\/wp\/v2\/product_brand?post=11215"},{"taxonomy":"product_cat","embeddable":true,"href":"https:\/\/barnmissionen.se\/shop\/fi\/wp-json\/wp\/v2\/product_cat?post=11215"},{"taxonomy":"product_tag","embeddable":true,"href":"https:\/\/barnmissionen.se\/shop\/fi\/wp-json\/wp\/v2\/product_tag?post=11215"}],"curies":[{"name":"wp","href":"https:\/\/api.w.org\/{rel}","templated":true}]}}