{"id":11218,"date":"2019-06-19T05:43:46","date_gmt":"2019-06-19T03:43:46","guid":{"rendered":"https:\/\/barnmissionen.se\/shop\/produkt\/leksaker\/"},"modified":"2025-08-12T06:47:54","modified_gmt":"2025-08-12T04:47:54","slug":"leksaker","status":"publish","type":"product","link":"https:\/\/barnmissionen.se\/shop\/fi\/produkt\/leksaker\/","title":{"rendered":"Leksaker\/Lelut"},"content":{"rendered":"<h3>Varf\u00f6r ska jag ge bort leksaker?<\/h3>\n<p>Alla barn \u00e4lskar att leka! Genom lek och sportaktiviteter skapas v\u00e4nskap och sammanh\u00e5llning mellan barnen.<\/p>\n<p>Leksaker som fotbollar och hopprep sk\u00e4nker enkel gl\u00e4dje d\u00e4r den beh\u00f6vs som mest. Barnmissionen utrustar barnhem och skolor med leksaker och idrottsutrustning i Bangladesh, Filippinerna och flera afrikanska l\u00e4nder. Det blir en present som ger gl\u00e4dje!<\/p>\n<p>Om behovet av leksaker \u00e4r uppn\u00e5tt eller efterfr\u00e5gan fr\u00e5n v\u00e5ra partner minskar, f\u00f6rbeh\u00e5ller sig Barnmissionen r\u00e4tten att omf\u00f6rdela medlen inom ramarna f\u00f6r det samlade arbetet.<\/p>\n<h2>Miksi minun pit\u00e4isi lahjoittaa leluja?<\/h2>\n<p>Kaikki lapset rakastavat leikki\u00e4! Leikin ja urheilutoiminnan kautta lasten v\u00e4lille syntyy yst\u00e4vyytt\u00e4 ja yhteenkuuluvuutta.<\/p>\n<p>Lelut, kuten jalkapallot ja hyppynarut, tuovat yksinkertaista iloa sinne, miss\u00e4 sit\u00e4 eniten tarvitaan. Lapsil\u00e4hetys varustaa orpokoteja ja kouluja leluilla ja urheiluv\u00e4lineill\u00e4 Bangladeshissa, Filippiineill\u00e4 ja useissa Afrikan maissa. Siit\u00e4 tulee lahja, joka tuo iloa!<\/p>\n<p>Jos lelujen tarve tyydytet\u00e4\u00e4n tai kumppaneidemme kysynt\u00e4 v\u00e4henee, Lapsil\u00e4hetys pid\u00e4tt\u00e4\u00e4 oikeuden jakaa varat uudelleen yhteisen ty\u00f6n puitteissa.<\/p>\n","protected":false},"excerpt":{"rendered":"<p>Ge bort leksaker till elever p\u00e5 skolor och barnhem och sprid gl\u00e4dje. Du f\u00e5r ett fint g\u00e5vointyg.<\/p>\n<p>Anna leluja oppilaille kouluissa ja orpokodeissa ja levit\u00e4 iloa. Saat hienon lahjatodistuksen.<\/p>\n","protected":false},"featured_media":11219,"template":"","meta":[],"product_brand":[],"product_cat":[55],"product_tag":[],"class_list":{"0":"post-11218","1":"product","2":"type-product","3":"status-publish","4":"has-post-thumbnail","6":"product_cat-gavor-fi","8":"first","9":"instock","10":"downloadable","11":"shipping-taxable","12":"purchasable","13":"product-type-simple"},"_links":{"self":[{"href":"https:\/\/barnmissionen.se\/shop\/fi\/wp-json\/wp\/v2\/product\/11218","targetHints":{"allow":["GET"]}}],"collection":[{"href":"https:\/\/barnmissionen.se\/shop\/fi\/wp-json\/wp\/v2\/product"}],"about":[{"href":"https:\/\/barnmissionen.se\/shop\/fi\/wp-json\/wp\/v2\/types\/product"}],"wp:featuredmedia":[{"embeddable":true,"href":"https:\/\/barnmissionen.se\/shop\/fi\/wp-json\/wp\/v2\/media\/11219"}],"wp:attachment":[{"href":"https:\/\/barnmissionen.se\/shop\/fi\/wp-json\/wp\/v2\/media?parent=11218"}],"wp:term":[{"taxonomy":"product_brand","embeddable":true,"href":"https:\/\/barnmissionen.se\/shop\/fi\/wp-json\/wp\/v2\/product_brand?post=11218"},{"taxonomy":"product_cat","embeddable":true,"href":"https:\/\/barnmissionen.se\/shop\/fi\/wp-json\/wp\/v2\/product_cat?post=11218"},{"taxonomy":"product_tag","embeddable":true,"href":"https:\/\/barnmissionen.se\/shop\/fi\/wp-json\/wp\/v2\/product_tag?post=11218"}],"curies":[{"name":"wp","href":"https:\/\/api.w.org\/{rel}","templated":true}]}}