{"id":11566,"date":"2019-06-19T05:53:24","date_gmt":"2019-06-19T03:53:24","guid":{"rendered":"https:\/\/barnmissionen.se\/shop\/produkt\/gris\/"},"modified":"2025-08-13T10:58:05","modified_gmt":"2025-08-13T08:58:05","slug":"gris","status":"publish","type":"product","link":"https:\/\/barnmissionen.se\/shop\/fi\/produkt\/gris\/","title":{"rendered":"Gris\/Sika"},"content":{"rendered":"<h2>Varf\u00f6r ska jag ge bort en gris?<\/h2>\n<p>N\u00e4r en fattig familj f\u00e5r en gris f\u00e5r de samtidigt helt nya f\u00f6ruts\u00e4ttningar till sj\u00e4lvf\u00f6rs\u00f6rjning och sj\u00e4lvst\u00e4ndighet. Griskultingarna kan s\u00e4ljas vidare och ge pengar till mat, mediciner och skolavgifter. Grisk\u00f6ttet blir till n\u00e4ringsrik mat f\u00f6r hela familjen. Grisen ger ocks\u00e5 g\u00f6dsel, som i sin tur leder till st\u00f6rre sk\u00f6rdar i jordbruket. Mottagaren f\u00e5r ocks\u00e5 en enkel utbildning i djurh\u00e5llning. Grisen blir en present som f\u00f6r\u00e4ndrar liv!<\/p>\n<p>Priset p\u00e5 grisar varierar mellan olika l\u00e4nder. Det pris vi angett \u00e4r d\u00e4rf\u00f6r ett riktpris. Ibland kan en gris kosta mer och d\u00e5 kan tv\u00e5 givare gemensamt betala f\u00f6r en gris.<\/p>\n<p>Om behovet av grisar \u00e4r uppn\u00e5tt eller efterfr\u00e5gan fr\u00e5n v\u00e5ra partner minskar, f\u00f6rbeh\u00e5ller sig Barnmissionen r\u00e4tten att omf\u00f6rdela medlen inom ramarna f\u00f6r det samlade arbetet.<\/p>\n<h2>Miksi minun pit\u00e4isi lahjoittaa sika?<\/h2>\n<p>Kun k\u00f6yh\u00e4 perhe saa sian, he saavat my\u00f6s t\u00e4ysin uusia mahdollisuuksia omavaraisuuteen ja itsen\u00e4isyyteen. Porsaat voidaan myyd\u00e4 ja niist\u00e4 saadaan rahaa ruokaan, l\u00e4\u00e4kkeisiin ja koulumaksuihin. Sianlihasta tulee ravitsevaa ruokaa koko perheelle. Sika tarjoaa my\u00f6s lannoitetta, mik\u00e4 puolestaan johtaa suurempiin maatalouden satoihin. Vastaanottaja saa my\u00f6s yksinkertaista koulutusta karjanhoidossa. Siasta tulee lahja, joka muuttaa ihmisten el\u00e4m\u00e4\u00e4!<\/p>\n<p>Sikojen hinta vaihtelee maittain. Ilmoittamamme hinta on siis ohjeellinen. Joskus sika voi maksaa enemm\u00e4n, jolloin kaksi lahjoittajaa voi yhdess\u00e4 maksaa siasta.<\/p>\n<p>Jos sikojen tarve tyydytet\u00e4\u00e4n tai kumppaneidemme kysynt\u00e4 v\u00e4henee, Lapsil\u00e4hetys pid\u00e4tt\u00e4\u00e4 oikeuden jakaa varat uudelleen yhteisen ty\u00f6n puitteissa.<\/p>\n","protected":false},"excerpt":{"rendered":"<p>Ge bort en gris till en utsatt familj och f\u00f6r\u00e4ndra familjens liv. Du f\u00e5r ett fint g\u00e5vointyg.<\/p>\n<p>Anna sika haavoittuvassa asemassa olevalle perheelle ja muuta perheen el\u00e4m\u00e4\u00e4. Saat hienon lahjatodistuksen.<\/p>\n","protected":false},"featured_media":11573,"template":"","meta":[],"product_brand":[],"product_cat":[55],"product_tag":[],"class_list":{"0":"post-11566","1":"product","2":"type-product","3":"status-publish","4":"has-post-thumbnail","6":"product_cat-gavor-fi","8":"first","9":"instock","10":"downloadable","11":"shipping-taxable","12":"purchasable","13":"product-type-simple"},"_links":{"self":[{"href":"https:\/\/barnmissionen.se\/shop\/fi\/wp-json\/wp\/v2\/product\/11566","targetHints":{"allow":["GET"]}}],"collection":[{"href":"https:\/\/barnmissionen.se\/shop\/fi\/wp-json\/wp\/v2\/product"}],"about":[{"href":"https:\/\/barnmissionen.se\/shop\/fi\/wp-json\/wp\/v2\/types\/product"}],"wp:featuredmedia":[{"embeddable":true,"href":"https:\/\/barnmissionen.se\/shop\/fi\/wp-json\/wp\/v2\/media\/11573"}],"wp:attachment":[{"href":"https:\/\/barnmissionen.se\/shop\/fi\/wp-json\/wp\/v2\/media?parent=11566"}],"wp:term":[{"taxonomy":"product_brand","embeddable":true,"href":"https:\/\/barnmissionen.se\/shop\/fi\/wp-json\/wp\/v2\/product_brand?post=11566"},{"taxonomy":"product_cat","embeddable":true,"href":"https:\/\/barnmissionen.se\/shop\/fi\/wp-json\/wp\/v2\/product_cat?post=11566"},{"taxonomy":"product_tag","embeddable":true,"href":"https:\/\/barnmissionen.se\/shop\/fi\/wp-json\/wp\/v2\/product_tag?post=11566"}],"curies":[{"name":"wp","href":"https:\/\/api.w.org\/{rel}","templated":true}]}}