{"id":185,"date":"2019-06-21T13:17:43","date_gmt":"2019-06-21T11:17:43","guid":{"rendered":"https:\/\/barnmissionen.se\/shop\/?page_id=185"},"modified":"2025-08-27T12:19:40","modified_gmt":"2025-08-27T10:19:40","slug":"om-barnemisjonen","status":"publish","type":"page","link":"https:\/\/barnmissionen.se\/shop\/no\/om-barnemisjonen\/","title":{"rendered":"Om Barnemisjonen"},"content":{"rendered":"\n<div class=\"squeeze\">\n\n\n\n<h2 class=\"wp-block-heading\">En verden der alle mennesker kan leve et verdig liv<\/h2>\n\n\n\n<p><em><strong>Kan du g\u00e5 forbi et ensomt gr\u00e5tende barn uten \u00e5 stoppe og fors\u00f8ke \u00e5 hjelpe? Nei det kan du ikke, fordi det ligger i v\u00e5r kultur \u00e5 beskytte og hjelpe det s\u00e5rbare barnet.<\/strong><\/em>&nbsp;<em>Samme overbevisning driver oss i Barnemisjonen i v\u00e5rt arbeid. S\u00e5 lenge det finnes t\u00e5rer \u00e5 t\u00f8rke, og n\u00f8d \u00e5 lindre er det behov for Barnemisjonen. V\u00e5re hjerter brenner for de s\u00e5rbare barna, og sammen med deg kan vi gj\u00f8re en positiv forskjell. Dette ser vi daglige eksempler p\u00e5. Der vi virker forvandles t\u00e5rer til latter, m\u00f8rke til lys og h\u00e5pl\u00f8shet til framtidstro. Vi arbeider for en verden der alle mennesker kan leve et verdig liv.<\/em><\/p>\n\n\n\n<ul class=\"wp-block-list\"><li>I&nbsp;<strong>mer enn 30 \u00e5r<\/strong>&nbsp;har Barnemisjonen gjennomf\u00f8rt&nbsp;<strong>humanit\u00e6re innsatser rettet mot barn, ungdom og familier.<\/strong>&nbsp;Virksomheten er basert p\u00e5 v\u00e5rt verdigrunnlag. Vi blir utfordret til \u00e5 hjelpe de som trenger det mest, ut fra at alle mennesker er like mye verd. Vi tilbyr derfor hjelp til hele mennesket, \u00e5nd, sjel og kropp..<\/li><li>Barnemisjonen&nbsp;<strong>driver<\/strong>&nbsp;<strong>hjelpearbeid<\/strong>&nbsp;blant s\u00e5rbare mennesker i&nbsp;<strong>flere land&nbsp;<\/strong>som: Filippinene, Ukraina, Bangladesh, Kenya, Uganda, Malawi, Zambia og flere. Hjelpearbeidet skjer prim\u00e6rt innenfor tre ulike omr\u00e5der: Utdannelse, helse og hjelp til selvhjelp.<\/li><\/ul>\n\n\n\n<h3 class=\"wp-block-heading\">&gt; Les mer p\u00e5&nbsp;<a href=\"http:\/\/barnemisjonen.no\/om-oss\/\">www.barnemisjonen.no<\/a><\/h3>\n\n\n\n<h3 class=\"wp-block-heading\">&gt;&nbsp;<a href=\"http:\/\/barnemisjonen.no\/gi-en-gave\/\"><strong>Ge en g<\/strong><strong>ave<\/strong><\/a><strong>&nbsp;til Barnemisjonens arbeid.<\/strong><\/h3>\n\n\n\n<\/div>\n","protected":false},"excerpt":{"rendered":"<p>En verden der alle mennesker kan leve et verdig liv Kan du g\u00e5 forbi et ensomt gr\u00e5tende barn uten \u00e5 stoppe og fors\u00f8ke \u00e5 hjelpe? Nei det kan du ikke, fordi det ligger i v\u00e5r kultur \u00e5 beskytte og hjelpe det s\u00e5rbare barnet.&nbsp;Samme overbevisning driver oss i Barnemisjonen i v\u00e5rt arbeid. S\u00e5 lenge det finnes [&hellip;]<\/p>\n","protected":false},"author":1,"featured_media":0,"parent":0,"menu_order":0,"comment_status":"closed","ping_status":"closed","template":"","meta":{"footnotes":""},"class_list":["post-185","page","type-page","status-publish","hentry"],"_links":{"self":[{"href":"https:\/\/barnmissionen.se\/shop\/no\/wp-json\/wp\/v2\/pages\/185","targetHints":{"allow":["GET"]}}],"collection":[{"href":"https:\/\/barnmissionen.se\/shop\/no\/wp-json\/wp\/v2\/pages"}],"about":[{"href":"https:\/\/barnmissionen.se\/shop\/no\/wp-json\/wp\/v2\/types\/page"}],"author":[{"embeddable":true,"href":"https:\/\/barnmissionen.se\/shop\/no\/wp-json\/wp\/v2\/users\/1"}],"replies":[{"embeddable":true,"href":"https:\/\/barnmissionen.se\/shop\/no\/wp-json\/wp\/v2\/comments?post=185"}],"version-history":[{"count":3,"href":"https:\/\/barnmissionen.se\/shop\/no\/wp-json\/wp\/v2\/pages\/185\/revisions"}],"predecessor-version":[{"id":11676,"href":"https:\/\/barnmissionen.se\/shop\/no\/wp-json\/wp\/v2\/pages\/185\/revisions\/11676"}],"wp:attachment":[{"href":"https:\/\/barnmissionen.se\/shop\/no\/wp-json\/wp\/v2\/media?parent=185"}],"curies":[{"name":"wp","href":"https:\/\/api.w.org\/{rel}","templated":true}]}}