{"id":251,"date":"2019-06-23T18:39:35","date_gmt":"2019-06-23T16:39:35","guid":{"rendered":"https:\/\/barnmissionen.se\/shop\/?page_id=251"},"modified":"2019-06-23T18:39:37","modified_gmt":"2019-06-23T16:39:37","slug":"slik-gjor-du-nar-du-kjoper-en-geit","status":"publish","type":"page","link":"https:\/\/barnmissionen.se\/shop\/no\/slik-gjor-du-nar-du-kjoper-en-geit\/","title":{"rendered":"Slik gj\u00f8r du n\u00e5r du kj\u00f8per en Geit"},"content":{"rendered":"\n<div class=\"wp-block-image\"><figure class=\"aligncenter\"><img loading=\"lazy\" decoding=\"async\" width=\"740\" height=\"290\" src=\"https:\/\/barnmissionen.se\/shop\/wp-content\/uploads\/2019\/06\/kop-en-get-barnmissionen1.jpg\" alt=\"\" class=\"wp-image-115\" srcset=\"https:\/\/barnmissionen.se\/shop\/wp-content\/uploads\/2019\/06\/kop-en-get-barnmissionen1.jpg 740w, https:\/\/barnmissionen.se\/shop\/wp-content\/uploads\/2019\/06\/kop-en-get-barnmissionen1-600x235.jpg 600w\" sizes=\"auto, (max-width: 740px) 100vw, 740px\" \/><\/figure><\/div>\n\n\n\n<div class=\"wp-block-image\"><figure class=\"aligncenter\"><img loading=\"lazy\" decoding=\"async\" width=\"740\" height=\"290\" src=\"https:\/\/barnmissionen.se\/shop\/wp-content\/uploads\/2019\/06\/kop-en-get-barnmissionen2.jpg\" alt=\"\" class=\"wp-image-117\" srcset=\"https:\/\/barnmissionen.se\/shop\/wp-content\/uploads\/2019\/06\/kop-en-get-barnmissionen2.jpg 740w, https:\/\/barnmissionen.se\/shop\/wp-content\/uploads\/2019\/06\/kop-en-get-barnmissionen2-600x235.jpg 600w\" sizes=\"auto, (max-width: 740px) 100vw, 740px\" \/><\/figure><\/div>\n","protected":false},"excerpt":{"rendered":"","protected":false},"author":1,"featured_media":0,"parent":0,"menu_order":0,"comment_status":"closed","ping_status":"closed","template":"","meta":{"footnotes":""},"class_list":["post-251","page","type-page","status-publish","hentry"],"_links":{"self":[{"href":"https:\/\/barnmissionen.se\/shop\/no\/wp-json\/wp\/v2\/pages\/251","targetHints":{"allow":["GET"]}}],"collection":[{"href":"https:\/\/barnmissionen.se\/shop\/no\/wp-json\/wp\/v2\/pages"}],"about":[{"href":"https:\/\/barnmissionen.se\/shop\/no\/wp-json\/wp\/v2\/types\/page"}],"author":[{"embeddable":true,"href":"https:\/\/barnmissionen.se\/shop\/no\/wp-json\/wp\/v2\/users\/1"}],"replies":[{"embeddable":true,"href":"https:\/\/barnmissionen.se\/shop\/no\/wp-json\/wp\/v2\/comments?post=251"}],"version-history":[{"count":1,"href":"https:\/\/barnmissionen.se\/shop\/no\/wp-json\/wp\/v2\/pages\/251\/revisions"}],"predecessor-version":[{"id":252,"href":"https:\/\/barnmissionen.se\/shop\/no\/wp-json\/wp\/v2\/pages\/251\/revisions\/252"}],"wp:attachment":[{"href":"https:\/\/barnmissionen.se\/shop\/no\/wp-json\/wp\/v2\/media?parent=251"}],"curies":[{"name":"wp","href":"https:\/\/api.w.org\/{rel}","templated":true}]}}