{"id":100,"date":"2019-06-19T05:51:02","date_gmt":"2019-06-19T03:51:02","guid":{"rendered":"https:\/\/barnmissionen.se\/shop\/produkt\/kyllinger\/"},"modified":"2019-10-29T11:29:45","modified_gmt":"2019-10-29T10:29:45","slug":"kyllinger","status":"publish","type":"product","link":"https:\/\/barnmissionen.se\/shop\/no\/produkt\/kyllinger\/","title":{"rendered":"Kyllinger"},"content":{"rendered":"<p>\u00c5 gi kyllinger er en bra m\u00e5te \u00e5 hjelpe fattige familier til \u00e5 \u00f8ke selvforsyningen. Kyllinger er enkle \u00e5 stelle og de blir i l\u00f8pet av kort tid voksne h\u00f8ns som legger egg. Overskuddsegg kan selges p\u00e5 lokale markeder eller til naboer. Inntektene gir familien mulighet til \u00e5 kj\u00f8pe mat, medisiner og \u00e5 betale skolepenger. For mange familier er det \u00e5 f\u00e5 et kull kyllinger muligheten til en ny start.<\/p>\n<p>Barnemisjonen deler ut kyllinger til familier i Zambia, Malawi, Bangladesh, Moldava og flere i flere land der vi driver hjelpearbeid. Over alt er det en like kj\u00e6rkommen gave, uansett verdensdel, kultur eller leveforhold.<\/p>\n","protected":false},"excerpt":{"rendered":"<p>Kj\u00f8p og gi bort et kyllingkylling til en fattig familie i et av v\u00e5re bedriftsland. Du f\u00e5r en fin g\u00e5vointyg.<\/p>\n","protected":false},"featured_media":73,"template":"","meta":[],"product_brand":[],"product_cat":[40],"product_tag":[],"class_list":{"0":"post-100","1":"product","2":"type-product","3":"status-publish","4":"has-post-thumbnail","6":"product_cat-gavor-no","8":"first","9":"instock","10":"downloadable","11":"shipping-taxable","12":"purchasable","13":"product-type-simple"},"_links":{"self":[{"href":"https:\/\/barnmissionen.se\/shop\/no\/wp-json\/wp\/v2\/product\/100","targetHints":{"allow":["GET"]}}],"collection":[{"href":"https:\/\/barnmissionen.se\/shop\/no\/wp-json\/wp\/v2\/product"}],"about":[{"href":"https:\/\/barnmissionen.se\/shop\/no\/wp-json\/wp\/v2\/types\/product"}],"wp:featuredmedia":[{"embeddable":true,"href":"https:\/\/barnmissionen.se\/shop\/no\/wp-json\/wp\/v2\/media\/73"}],"wp:attachment":[{"href":"https:\/\/barnmissionen.se\/shop\/no\/wp-json\/wp\/v2\/media?parent=100"}],"wp:term":[{"taxonomy":"product_brand","embeddable":true,"href":"https:\/\/barnmissionen.se\/shop\/no\/wp-json\/wp\/v2\/product_brand?post=100"},{"taxonomy":"product_cat","embeddable":true,"href":"https:\/\/barnmissionen.se\/shop\/no\/wp-json\/wp\/v2\/product_cat?post=100"},{"taxonomy":"product_tag","embeddable":true,"href":"https:\/\/barnmissionen.se\/shop\/no\/wp-json\/wp\/v2\/product_tag?post=100"}],"curies":[{"name":"wp","href":"https:\/\/api.w.org\/{rel}","templated":true}]}}