{"id":101,"date":"2019-06-19T06:05:24","date_gmt":"2019-06-19T04:05:24","guid":{"rendered":"https:\/\/barnmissionen.se\/shop\/produkt\/bikube\/"},"modified":"2019-08-15T04:01:28","modified_gmt":"2019-08-15T02:01:28","slug":"bikube","status":"publish","type":"product","link":"https:\/\/barnmissionen.se\/shop\/no\/produkt\/bikube\/","title":{"rendered":"Bikube"},"content":{"rendered":"<p>En fattig familie som f\u00e5r en bikube, f\u00e5r muligheten til \u00e5 kunne fors\u00f8rge seg selv. En bisverm kan over tid deles i flere svermer, og slik kan en hel big\u00e5rd bygges opp. Honningen inneholder mange n\u00e6ringsstoffer og vitaminer som styrker immunforsvaret og kan v\u00e6re et viktig helsebringende tiltak for familien. Videre vil salg av honning gi inntekt som kan dekke n\u00f8dvendige medisiner og skolepenger for barna. Vi deler ut bikuber til fattige familier i blant annet Zambia, Bangladesh og Moldova.<\/p>\n<p>For 500 kroner bidrar du til at en fattig familie f\u00e5r en bikube.<\/p>\n","protected":false},"excerpt":{"rendered":"<p>Kj\u00f8p gi bort en bikube til en fattig familie i et av v\u00e5re bedriftsland. Du f\u00e5r en fin g\u00e5vointyg.<\/p>\n","protected":false},"featured_media":6483,"template":"","meta":[],"product_brand":[],"product_cat":[40],"product_tag":[],"class_list":{"0":"post-101","1":"product","2":"type-product","3":"status-publish","4":"has-post-thumbnail","6":"product_cat-gavor-no","8":"first","9":"instock","10":"downloadable","11":"shipping-taxable","12":"purchasable","13":"product-type-simple"},"_links":{"self":[{"href":"https:\/\/barnmissionen.se\/shop\/no\/wp-json\/wp\/v2\/product\/101","targetHints":{"allow":["GET"]}}],"collection":[{"href":"https:\/\/barnmissionen.se\/shop\/no\/wp-json\/wp\/v2\/product"}],"about":[{"href":"https:\/\/barnmissionen.se\/shop\/no\/wp-json\/wp\/v2\/types\/product"}],"wp:featuredmedia":[{"embeddable":true,"href":"https:\/\/barnmissionen.se\/shop\/no\/wp-json\/wp\/v2\/media\/6483"}],"wp:attachment":[{"href":"https:\/\/barnmissionen.se\/shop\/no\/wp-json\/wp\/v2\/media?parent=101"}],"wp:term":[{"taxonomy":"product_brand","embeddable":true,"href":"https:\/\/barnmissionen.se\/shop\/no\/wp-json\/wp\/v2\/product_brand?post=101"},{"taxonomy":"product_cat","embeddable":true,"href":"https:\/\/barnmissionen.se\/shop\/no\/wp-json\/wp\/v2\/product_cat?post=101"},{"taxonomy":"product_tag","embeddable":true,"href":"https:\/\/barnmissionen.se\/shop\/no\/wp-json\/wp\/v2\/product_tag?post=101"}],"curies":[{"name":"wp","href":"https:\/\/api.w.org\/{rel}","templated":true}]}}