{"id":103,"date":"2019-06-19T06:03:49","date_gmt":"2019-06-19T04:03:49","guid":{"rendered":"https:\/\/barnmissionen.se\/shop\/produkt\/sakorn-til-jordbruk\/"},"modified":"2019-08-15T04:01:33","modified_gmt":"2019-08-15T02:01:33","slug":"sakorn-til-jordbruk","status":"publish","type":"product","link":"https:\/\/barnmissionen.se\/shop\/no\/produkt\/sakorn-til-jordbruk\/","title":{"rendered":"S\u00e5korn til jordbruk"},"content":{"rendered":"<p>En viktig del av Barnemisjonens selvhjelpsarbeid er forskjellige jordbruksprosjekter. I alle landene der vi driver hjelpearbeid er jordbruk en viktig kilde til selvforsyning. En familie som f\u00e5r en sekk med godt s\u00e5korn, f\u00e5r mulighet til selvforsyning og stor avkastning. En del av gr\u00f8den brukes til \u00e5 br\u00f8df\u00f8 familien, mens noe lagres og brukes til s\u00e5korn neste \u00e5r.<\/p>\n<p>For 400 kroner bidrar du til innkj\u00f8p av s\u00e5korn, som for eksempel mais eller gr\u00f8nnsakfr\u00f8.<\/p>\n","protected":false},"excerpt":{"rendered":"<p>Kj\u00f8p og gi bort fr\u00f8 til en fattig familie i et av v\u00e5re landbruksprogrammer. Du f\u00e5r en fin g\u00e5vointyg.<\/p>\n","protected":false},"featured_media":2369,"template":"","meta":[],"product_brand":[],"product_cat":[40],"product_tag":[],"class_list":{"0":"post-103","1":"product","2":"type-product","3":"status-publish","4":"has-post-thumbnail","6":"product_cat-gavor-no","8":"first","9":"instock","10":"downloadable","11":"shipping-taxable","12":"purchasable","13":"product-type-simple"},"_links":{"self":[{"href":"https:\/\/barnmissionen.se\/shop\/no\/wp-json\/wp\/v2\/product\/103","targetHints":{"allow":["GET"]}}],"collection":[{"href":"https:\/\/barnmissionen.se\/shop\/no\/wp-json\/wp\/v2\/product"}],"about":[{"href":"https:\/\/barnmissionen.se\/shop\/no\/wp-json\/wp\/v2\/types\/product"}],"wp:featuredmedia":[{"embeddable":true,"href":"https:\/\/barnmissionen.se\/shop\/no\/wp-json\/wp\/v2\/media\/2369"}],"wp:attachment":[{"href":"https:\/\/barnmissionen.se\/shop\/no\/wp-json\/wp\/v2\/media?parent=103"}],"wp:term":[{"taxonomy":"product_brand","embeddable":true,"href":"https:\/\/barnmissionen.se\/shop\/no\/wp-json\/wp\/v2\/product_brand?post=103"},{"taxonomy":"product_cat","embeddable":true,"href":"https:\/\/barnmissionen.se\/shop\/no\/wp-json\/wp\/v2\/product_cat?post=103"},{"taxonomy":"product_tag","embeddable":true,"href":"https:\/\/barnmissionen.se\/shop\/no\/wp-json\/wp\/v2\/product_tag?post=103"}],"curies":[{"name":"wp","href":"https:\/\/api.w.org\/{rel}","templated":true}]}}