{"id":104,"date":"2019-06-19T06:02:45","date_gmt":"2019-06-19T04:02:45","guid":{"rendered":"https:\/\/barnmissionen.se\/shop\/produkt\/latrine\/"},"modified":"2019-08-15T04:01:38","modified_gmt":"2019-08-15T02:01:38","slug":"latrine","status":"publish","type":"product","link":"https:\/\/barnmissionen.se\/shop\/no\/produkt\/latrine\/","title":{"rendered":"Latrine"},"content":{"rendered":"<p>En god latrine er et grunnleggende behov for b\u00e5de individ og milj\u00f8.<\/p>\n<p>Det skaper helt nye forhold for \u00e5 holde god hygiene og unng\u00e5 flere sykdommer. Ved \u00e5 gi en latrine, gir du de fattige som bor i sm\u00e5 hytter i Lokichoggio, nordvestlige Kenya, bedre sanit\u00e6re forhold.<\/p>\n<p>N\u00e5r det er forutsetninger for \u00e5 bygge en ny latrine, graver mottakere hull med riktige m\u00e5l, skaffer sand og stein, og deretter st\u00f8per en betongplate. Et hus av st\u00e5l og plater monteres. Hele latrinen kan enkelt l\u00f8ftes og flyttes til gjenbruk n\u00e5r hullet i bakken er fylt opp. Etterp\u00e5 plantes et tre der.<\/p>\n","protected":false},"excerpt":{"rendered":"<p>Ved \u00e5 gi en latrine, gir du de fattige som bor i sm\u00e5 hytter i Lokichoggio bedre sanit\u00e6re forhold.<\/p>\n","protected":false},"featured_media":84,"template":"","meta":[],"product_brand":[],"product_cat":[40],"product_tag":[],"class_list":{"0":"post-104","1":"product","2":"type-product","3":"status-publish","4":"has-post-thumbnail","6":"product_cat-gavor-no","8":"first","9":"instock","10":"downloadable","11":"shipping-taxable","12":"purchasable","13":"product-type-simple"},"_links":{"self":[{"href":"https:\/\/barnmissionen.se\/shop\/no\/wp-json\/wp\/v2\/product\/104","targetHints":{"allow":["GET"]}}],"collection":[{"href":"https:\/\/barnmissionen.se\/shop\/no\/wp-json\/wp\/v2\/product"}],"about":[{"href":"https:\/\/barnmissionen.se\/shop\/no\/wp-json\/wp\/v2\/types\/product"}],"wp:featuredmedia":[{"embeddable":true,"href":"https:\/\/barnmissionen.se\/shop\/no\/wp-json\/wp\/v2\/media\/84"}],"wp:attachment":[{"href":"https:\/\/barnmissionen.se\/shop\/no\/wp-json\/wp\/v2\/media?parent=104"}],"wp:term":[{"taxonomy":"product_brand","embeddable":true,"href":"https:\/\/barnmissionen.se\/shop\/no\/wp-json\/wp\/v2\/product_brand?post=104"},{"taxonomy":"product_cat","embeddable":true,"href":"https:\/\/barnmissionen.se\/shop\/no\/wp-json\/wp\/v2\/product_cat?post=104"},{"taxonomy":"product_tag","embeddable":true,"href":"https:\/\/barnmissionen.se\/shop\/no\/wp-json\/wp\/v2\/product_tag?post=104"}],"curies":[{"name":"wp","href":"https:\/\/api.w.org\/{rel}","templated":true}]}}