{"id":105,"date":"2019-06-19T05:43:46","date_gmt":"2019-06-19T03:43:46","guid":{"rendered":"https:\/\/barnmissionen.se\/shop\/produkt\/fotball-eller-hoppetau\/"},"modified":"2019-10-29T11:27:30","modified_gmt":"2019-10-29T10:27:30","slug":"fotball-eller-hoppetau","status":"publish","type":"product","link":"https:\/\/barnmissionen.se\/shop\/no\/produkt\/fotball-eller-hoppetau\/","title":{"rendered":"Fotball eller hoppetau"},"content":{"rendered":"<p>Alle barn liker \u00e5 leke! Gjennom sportsaktiviteter skapes vennskap og samhold mellom barn. \u00c5 gi bort en fotball eller et hoppetau skaper glede der det trengs mest. Med din gave st\u00f8tter du Barnemisjonens arbeid med \u00e5 utruste barnehjem og skoler med idrettsutstyr.<\/p>\n","protected":false},"excerpt":{"rendered":"<p>Gjennom sportsaktiviteter skapes vennskap og samhold mellom barn.<\/p>\n","protected":false},"featured_media":269,"template":"","meta":[],"product_brand":[],"product_cat":[40],"product_tag":[],"class_list":{"0":"post-105","1":"product","2":"type-product","3":"status-publish","4":"has-post-thumbnail","6":"product_cat-gavor-no","8":"first","9":"instock","10":"downloadable","11":"shipping-taxable","12":"purchasable","13":"product-type-simple"},"_links":{"self":[{"href":"https:\/\/barnmissionen.se\/shop\/no\/wp-json\/wp\/v2\/product\/105","targetHints":{"allow":["GET"]}}],"collection":[{"href":"https:\/\/barnmissionen.se\/shop\/no\/wp-json\/wp\/v2\/product"}],"about":[{"href":"https:\/\/barnmissionen.se\/shop\/no\/wp-json\/wp\/v2\/types\/product"}],"wp:featuredmedia":[{"embeddable":true,"href":"https:\/\/barnmissionen.se\/shop\/no\/wp-json\/wp\/v2\/media\/269"}],"wp:attachment":[{"href":"https:\/\/barnmissionen.se\/shop\/no\/wp-json\/wp\/v2\/media?parent=105"}],"wp:term":[{"taxonomy":"product_brand","embeddable":true,"href":"https:\/\/barnmissionen.se\/shop\/no\/wp-json\/wp\/v2\/product_brand?post=105"},{"taxonomy":"product_cat","embeddable":true,"href":"https:\/\/barnmissionen.se\/shop\/no\/wp-json\/wp\/v2\/product_cat?post=105"},{"taxonomy":"product_tag","embeddable":true,"href":"https:\/\/barnmissionen.se\/shop\/no\/wp-json\/wp\/v2\/product_tag?post=105"}],"curies":[{"name":"wp","href":"https:\/\/api.w.org\/{rel}","templated":true}]}}