{"id":106,"date":"2019-06-19T06:09:35","date_gmt":"2019-06-19T04:09:35","guid":{"rendered":"https:\/\/barnmissionen.se\/shop\/produkt\/myggnett\/"},"modified":"2019-08-15T04:01:10","modified_gmt":"2019-08-15T02:01:10","slug":"myggnett","status":"publish","type":"product","link":"https:\/\/barnmissionen.se\/shop\/no\/produkt\/myggnett\/","title":{"rendered":"Myggnett"},"content":{"rendered":"<p>I 2013 ble 198 millioner mennesker smittet av malaria og 580.000 av disse d\u00f8de. N\u00e6rmere 80% av d\u00f8dsfallene var barn under 5 \u00e5r (if\u00f8lge WHOs malariarapport 2014). Sm\u00e5 barn er ekstra s\u00e5rbare fordi de ikke har like godt utviklet immunforsvar som eldre barn og voksne. Sykdommen er for\u00e5rsaket av parasitter som overf\u00f8res i myggbitt og myggen er stort sett aktiv om natten. Derfor er myggnett der barna sover en enkel og viktig m\u00e5te \u00e5 redusere risikoen for smitte.<br \/>\nVed \u00e5 gi myggnett gir du familien en enkel og god beskyttelse. Hjelp oss \u00e5 kj\u00f8pe inn myggnett til familier i Afrika og Asia.<\/p>\n","protected":false},"excerpt":{"rendered":"<p>Ved \u00e5 gi myggnett gir du familien en enkel og god beskyttelse.<\/p>\n","protected":false},"featured_media":79,"template":"","meta":[],"product_brand":[],"product_cat":[40],"product_tag":[],"class_list":{"0":"post-106","1":"product","2":"type-product","3":"status-publish","4":"has-post-thumbnail","6":"product_cat-gavor-no","8":"first","9":"instock","10":"downloadable","11":"shipping-taxable","12":"purchasable","13":"product-type-simple"},"_links":{"self":[{"href":"https:\/\/barnmissionen.se\/shop\/no\/wp-json\/wp\/v2\/product\/106","targetHints":{"allow":["GET"]}}],"collection":[{"href":"https:\/\/barnmissionen.se\/shop\/no\/wp-json\/wp\/v2\/product"}],"about":[{"href":"https:\/\/barnmissionen.se\/shop\/no\/wp-json\/wp\/v2\/types\/product"}],"wp:featuredmedia":[{"embeddable":true,"href":"https:\/\/barnmissionen.se\/shop\/no\/wp-json\/wp\/v2\/media\/79"}],"wp:attachment":[{"href":"https:\/\/barnmissionen.se\/shop\/no\/wp-json\/wp\/v2\/media?parent=106"}],"wp:term":[{"taxonomy":"product_brand","embeddable":true,"href":"https:\/\/barnmissionen.se\/shop\/no\/wp-json\/wp\/v2\/product_brand?post=106"},{"taxonomy":"product_cat","embeddable":true,"href":"https:\/\/barnmissionen.se\/shop\/no\/wp-json\/wp\/v2\/product_cat?post=106"},{"taxonomy":"product_tag","embeddable":true,"href":"https:\/\/barnmissionen.se\/shop\/no\/wp-json\/wp\/v2\/product_tag?post=106"}],"curies":[{"name":"wp","href":"https:\/\/api.w.org\/{rel}","templated":true}]}}