{"id":107,"date":"2019-06-19T06:01:49","date_gmt":"2019-06-19T04:01:49","guid":{"rendered":"https:\/\/barnmissionen.se\/shop\/produkt\/skolepult\/"},"modified":"2019-08-15T04:01:42","modified_gmt":"2019-08-15T02:01:42","slug":"skolepult","status":"publish","type":"product","link":"https:\/\/barnmissionen.se\/shop\/no\/produkt\/skolepult\/","title":{"rendered":"Skolepult"},"content":{"rendered":"<p>Utdanning er veien ut av fattigdom, og Barnemisjonen arbeider derfor for \u00e5 gi barn s\u00e5 gode forhold som mulig for \u00e5 f\u00e5 en god skolegang! Ved \u00e5 gi en skolepult \u00abLoki-Keabenken\u00bb \u2013 vil skolen kunne gi sine elever et mye bedre skolemilj\u00f8. Ettersp\u00f8rselen er ekstremt h\u00f8y, mange skoler med sm\u00e5 ressurser trenger skolepulter.<\/p>\n<p>\u00abLoki-Keabenken\u00bb er produsert i henhold til Ikea-prinsippet med en solid st\u00e5lramme som er skrudd sammen. For \u00e5 passe til ulike aldersgrupper i skolene, er den h\u00f8yde-justerbar, og har en jevn og fin bordflate av MDF-materiale.<\/p>\n","protected":false},"excerpt":{"rendered":"<p>Ved \u00e5 gi en skolepult vil skolen kunne gi sine elever et mye bedre skolemilj\u00f8.<\/p>\n","protected":false},"featured_media":85,"template":"","meta":[],"product_brand":[],"product_cat":[40],"product_tag":[],"class_list":{"0":"post-107","1":"product","2":"type-product","3":"status-publish","4":"has-post-thumbnail","6":"product_cat-gavor-no","8":"first","9":"instock","10":"downloadable","11":"shipping-taxable","12":"purchasable","13":"product-type-simple"},"_links":{"self":[{"href":"https:\/\/barnmissionen.se\/shop\/no\/wp-json\/wp\/v2\/product\/107","targetHints":{"allow":["GET"]}}],"collection":[{"href":"https:\/\/barnmissionen.se\/shop\/no\/wp-json\/wp\/v2\/product"}],"about":[{"href":"https:\/\/barnmissionen.se\/shop\/no\/wp-json\/wp\/v2\/types\/product"}],"wp:featuredmedia":[{"embeddable":true,"href":"https:\/\/barnmissionen.se\/shop\/no\/wp-json\/wp\/v2\/media\/85"}],"wp:attachment":[{"href":"https:\/\/barnmissionen.se\/shop\/no\/wp-json\/wp\/v2\/media?parent=107"}],"wp:term":[{"taxonomy":"product_brand","embeddable":true,"href":"https:\/\/barnmissionen.se\/shop\/no\/wp-json\/wp\/v2\/product_brand?post=107"},{"taxonomy":"product_cat","embeddable":true,"href":"https:\/\/barnmissionen.se\/shop\/no\/wp-json\/wp\/v2\/product_cat?post=107"},{"taxonomy":"product_tag","embeddable":true,"href":"https:\/\/barnmissionen.se\/shop\/no\/wp-json\/wp\/v2\/product_tag?post=107"}],"curies":[{"name":"wp","href":"https:\/\/api.w.org\/{rel}","templated":true}]}}