{"id":516,"date":"2019-06-19T06:13:23","date_gmt":"2019-06-19T04:13:23","guid":{"rendered":"https:\/\/barnmissionen.se\/shop\/produkt\/menskopp\/"},"modified":"2019-08-15T04:00:36","modified_gmt":"2019-08-15T02:00:36","slug":"menskopp","status":"publish","type":"product","link":"https:\/\/barnmissionen.se\/shop\/no\/produkt\/menskopp\/","title":{"rendered":"Menskopp"},"content":{"rendered":"<h3>Hvorfor skal jeg gi en menskopp?<\/h3>\n<p>Mange jenter i fattige land velger \u00e5 bli hjemme fra skolen de dagene de har menstruasjon fordi de ikke har r\u00e5d til \u00e5 kj\u00f8pe beskyttelse. Slik beh\u00f8ver det ikke \u00e5 v\u00e6re.<\/p>\n<p>Menskopper er en smart l\u00f8sning p\u00e5 problemet. Den er laget av medisinsk testet silikon, den samler opp blod og t\u00f8mmes en til to ganger om dagen i perioden. Koppen skylles i vann og samme kopp gjenbrukes i n\u00e6rmere fem \u00e5r.<\/p>\n<p>Du kan gi en menskopp til ei jente ved en av Barnemisjonens skoler. Sammen med Menskoppen f\u00e5r jenta oppl\u00e6ring om menskopper, menstruasjon og hygiene.<\/p>\n","protected":false},"excerpt":{"rendered":"<p><strong>Gi en menskopp til ei jente, s\u00e5 kan hun g\u00e5 p\u00e5 skolen ogs\u00e5 n\u00e5r hun har menstruasjon. Du f\u00e5r et fint gavebevis.<\/strong><\/p>\n","protected":false},"featured_media":75,"template":"","meta":[],"product_brand":[],"product_cat":[40],"product_tag":[],"class_list":{"0":"post-516","1":"product","2":"type-product","3":"status-publish","4":"has-post-thumbnail","6":"product_cat-gavor-no","8":"first","9":"instock","10":"downloadable","11":"shipping-taxable","12":"purchasable","13":"product-type-simple"},"_links":{"self":[{"href":"https:\/\/barnmissionen.se\/shop\/no\/wp-json\/wp\/v2\/product\/516","targetHints":{"allow":["GET"]}}],"collection":[{"href":"https:\/\/barnmissionen.se\/shop\/no\/wp-json\/wp\/v2\/product"}],"about":[{"href":"https:\/\/barnmissionen.se\/shop\/no\/wp-json\/wp\/v2\/types\/product"}],"wp:featuredmedia":[{"embeddable":true,"href":"https:\/\/barnmissionen.se\/shop\/no\/wp-json\/wp\/v2\/media\/75"}],"wp:attachment":[{"href":"https:\/\/barnmissionen.se\/shop\/no\/wp-json\/wp\/v2\/media?parent=516"}],"wp:term":[{"taxonomy":"product_brand","embeddable":true,"href":"https:\/\/barnmissionen.se\/shop\/no\/wp-json\/wp\/v2\/product_brand?post=516"},{"taxonomy":"product_cat","embeddable":true,"href":"https:\/\/barnmissionen.se\/shop\/no\/wp-json\/wp\/v2\/product_cat?post=516"},{"taxonomy":"product_tag","embeddable":true,"href":"https:\/\/barnmissionen.se\/shop\/no\/wp-json\/wp\/v2\/product_tag?post=516"}],"curies":[{"name":"wp","href":"https:\/\/api.w.org\/{rel}","templated":true}]}}