{"id":94,"date":"2019-06-19T05:48:53","date_gmt":"2019-06-19T03:48:53","guid":{"rendered":"https:\/\/barnmissionen.se\/shop\/produkt\/geit\/"},"modified":"2020-02-06T14:14:30","modified_gmt":"2020-02-06T13:14:30","slug":"geit","status":"publish","type":"product","link":"https:\/\/barnmissionen.se\/shop\/no\/produkt\/geit\/","title":{"rendered":"Geit"},"content":{"rendered":"<p>I mange land er befolkningen hardt rammet av sykdommer som HIV\/Aids som f\u00f8rer til at mange barn blir foreldrel\u00f8se. I beste fall lever disse barna hos slektninger eller i en fosterfamilie. Det er ofte vanskelig for disse familiene \u00e5 f\u00e5 mat nok til alle. Gjennom geiteprosjektet blir geiter kj\u00f8pt inn og delt ut til fattige familier, fortrinnsvis de som tar h\u00e5nd om foreldrel\u00f8se barn. En geit kan produsere opp til fire liter melk om dagen. Melka er n\u00e6ringsrik og styrker immunforsvaret. I omr\u00e5der med mye sykdom gir melka et sv\u00e6rt viktig bidrag til kostholdet. Salg av overskuddsmelk og killinger gir ogs\u00e5 kj\u00e6rkomne inntekter.<\/p>\n","protected":false},"excerpt":{"rendered":"<p>Kj\u00f8p og gir bort en geit til en fattig familie i Afrika, Bangladesh eller Filippinene. Du gir navn til geita og f\u00e5r et fint navnebevis!<\/p>\n","protected":false},"featured_media":90,"template":"","meta":[],"product_brand":[],"product_cat":[40,38],"product_tag":[],"class_list":{"0":"post-94","1":"product","2":"type-product","3":"status-publish","4":"has-post-thumbnail","6":"product_cat-gavor-no","7":"product_cat-geit","9":"first","10":"instock","11":"downloadable","12":"shipping-taxable","13":"purchasable","14":"product-type-simple"},"_links":{"self":[{"href":"https:\/\/barnmissionen.se\/shop\/no\/wp-json\/wp\/v2\/product\/94","targetHints":{"allow":["GET"]}}],"collection":[{"href":"https:\/\/barnmissionen.se\/shop\/no\/wp-json\/wp\/v2\/product"}],"about":[{"href":"https:\/\/barnmissionen.se\/shop\/no\/wp-json\/wp\/v2\/types\/product"}],"wp:featuredmedia":[{"embeddable":true,"href":"https:\/\/barnmissionen.se\/shop\/no\/wp-json\/wp\/v2\/media\/90"}],"wp:attachment":[{"href":"https:\/\/barnmissionen.se\/shop\/no\/wp-json\/wp\/v2\/media?parent=94"}],"wp:term":[{"taxonomy":"product_brand","embeddable":true,"href":"https:\/\/barnmissionen.se\/shop\/no\/wp-json\/wp\/v2\/product_brand?post=94"},{"taxonomy":"product_cat","embeddable":true,"href":"https:\/\/barnmissionen.se\/shop\/no\/wp-json\/wp\/v2\/product_cat?post=94"},{"taxonomy":"product_tag","embeddable":true,"href":"https:\/\/barnmissionen.se\/shop\/no\/wp-json\/wp\/v2\/product_tag?post=94"}],"curies":[{"name":"wp","href":"https:\/\/api.w.org\/{rel}","templated":true}]}}