{"id":96,"date":"2019-06-19T06:10:44","date_gmt":"2019-06-19T04:10:44","guid":{"rendered":"https:\/\/barnmissionen.se\/shop\/produkt\/rent-vann\/"},"modified":"2019-08-15T04:00:59","modified_gmt":"2019-08-15T02:00:59","slug":"rent-vann","status":"publish","type":"product","link":"https:\/\/barnmissionen.se\/shop\/no\/produkt\/rent-vann\/","title":{"rendered":"Rent vann"},"content":{"rendered":"<p>Rent vann er n\u00f8kkelen til god helse. Tusenvis av barn d\u00f8r hvert \u00e5r av sykdommer for\u00e5rsaket av urent vann og d\u00e5rlige sanit\u00e6re forhold. Forholdene er verst i Afrika, s\u00f8r for Sahara og i S\u00f8r-Asia. Barnemisjonen arbeider blant annet p\u00e5 den zambiske landsbygda. Her bor folk i jordhytter med jordgulv. De savner alle former for bekvemmeligheter som vi tar som en selvf\u00f8lge. Matlaging foreg\u00e5r i enkle kokekar over \u00e5pen ild. Vann hentes fra urene kilder.<\/p>\n<p>Ved din gave hjelper du Barnemisjonen \u00e5 grave eller bore br\u00f8nner, samt opplyse befolkningen om viktigheten av rent og friskt vann.<\/p>\n","protected":false},"excerpt":{"rendered":"<p>Rent vann er n\u00f8kkelen til god helse. Hjelp Barnemisjonen \u00e5 grave eller bore br\u00f8nner.<\/p>\n","protected":false},"featured_media":78,"template":"","meta":[],"product_brand":[],"product_cat":[40],"product_tag":[],"class_list":{"0":"post-96","1":"product","2":"type-product","3":"status-publish","4":"has-post-thumbnail","6":"product_cat-gavor-no","8":"first","9":"instock","10":"downloadable","11":"shipping-taxable","12":"purchasable","13":"product-type-simple"},"_links":{"self":[{"href":"https:\/\/barnmissionen.se\/shop\/no\/wp-json\/wp\/v2\/product\/96","targetHints":{"allow":["GET"]}}],"collection":[{"href":"https:\/\/barnmissionen.se\/shop\/no\/wp-json\/wp\/v2\/product"}],"about":[{"href":"https:\/\/barnmissionen.se\/shop\/no\/wp-json\/wp\/v2\/types\/product"}],"wp:featuredmedia":[{"embeddable":true,"href":"https:\/\/barnmissionen.se\/shop\/no\/wp-json\/wp\/v2\/media\/78"}],"wp:attachment":[{"href":"https:\/\/barnmissionen.se\/shop\/no\/wp-json\/wp\/v2\/media?parent=96"}],"wp:term":[{"taxonomy":"product_brand","embeddable":true,"href":"https:\/\/barnmissionen.se\/shop\/no\/wp-json\/wp\/v2\/product_brand?post=96"},{"taxonomy":"product_cat","embeddable":true,"href":"https:\/\/barnmissionen.se\/shop\/no\/wp-json\/wp\/v2\/product_cat?post=96"},{"taxonomy":"product_tag","embeddable":true,"href":"https:\/\/barnmissionen.se\/shop\/no\/wp-json\/wp\/v2\/product_tag?post=96"}],"curies":[{"name":"wp","href":"https:\/\/api.w.org\/{rel}","templated":true}]}}