{"id":97,"date":"2019-06-19T05:53:24","date_gmt":"2019-06-19T03:53:24","guid":{"rendered":"https:\/\/barnmissionen.se\/shop\/produkt\/gris\/"},"modified":"2020-02-17T10:04:24","modified_gmt":"2020-02-17T09:04:24","slug":"gris","status":"publish","type":"product","link":"https:\/\/barnmissionen.se\/shop\/no\/produkt\/gris\/","title":{"rendered":"Gris"},"content":{"rendered":"<p>For en fattig familie som f\u00e5r en gris, skapes forutsetninger for selvforsyning. Kj\u00f8ttet blir n\u00e6ringsrik mat for barna. Grisunger kan etter hvert selges p\u00e5 det lokale markedet. For inntektene kan familien kj\u00f8pe mat, medisiner og betale skoleavgifter.<\/p>\n","protected":false},"excerpt":{"rendered":"<p>Gi\u00a0en gris til en fattig familie i blant annet Bangladesh og Moldova.<\/p>\n","protected":false},"featured_media":6480,"template":"","meta":[],"product_brand":[],"product_cat":[40],"product_tag":[],"class_list":{"0":"post-97","1":"product","2":"type-product","3":"status-publish","4":"has-post-thumbnail","6":"product_cat-gavor-no","8":"first","9":"instock","10":"downloadable","11":"shipping-taxable","12":"purchasable","13":"product-type-simple"},"_links":{"self":[{"href":"https:\/\/barnmissionen.se\/shop\/no\/wp-json\/wp\/v2\/product\/97","targetHints":{"allow":["GET"]}}],"collection":[{"href":"https:\/\/barnmissionen.se\/shop\/no\/wp-json\/wp\/v2\/product"}],"about":[{"href":"https:\/\/barnmissionen.se\/shop\/no\/wp-json\/wp\/v2\/types\/product"}],"wp:featuredmedia":[{"embeddable":true,"href":"https:\/\/barnmissionen.se\/shop\/no\/wp-json\/wp\/v2\/media\/6480"}],"wp:attachment":[{"href":"https:\/\/barnmissionen.se\/shop\/no\/wp-json\/wp\/v2\/media?parent=97"}],"wp:term":[{"taxonomy":"product_brand","embeddable":true,"href":"https:\/\/barnmissionen.se\/shop\/no\/wp-json\/wp\/v2\/product_brand?post=97"},{"taxonomy":"product_cat","embeddable":true,"href":"https:\/\/barnmissionen.se\/shop\/no\/wp-json\/wp\/v2\/product_cat?post=97"},{"taxonomy":"product_tag","embeddable":true,"href":"https:\/\/barnmissionen.se\/shop\/no\/wp-json\/wp\/v2\/product_tag?post=97"}],"curies":[{"name":"wp","href":"https:\/\/api.w.org\/{rel}","templated":true}]}}