{"id":98,"date":"2019-06-19T06:11:47","date_gmt":"2019-06-19T04:11:47","guid":{"rendered":"https:\/\/barnmissionen.se\/shop\/produkt\/nye-klaer\/"},"modified":"2019-10-29T11:28:09","modified_gmt":"2019-10-29T10:28:09","slug":"nye-klaer","status":"publish","type":"product","link":"https:\/\/barnmissionen.se\/shop\/no\/produkt\/nye-klaer\/","title":{"rendered":"Nye kl\u00e6r"},"content":{"rendered":"<p>\u00c5 f\u00e5 nye kl\u00e6r er alltid en stor glede for barna, og ekstra stort for barn som ikke f\u00e5r nye kl\u00e6r s\u00e5 ofte. N\u00e5 kan du gi en nye kl\u00e6r til et barn i Lokichoggio, nordvest i Kenya for kr. 150,-. Pengene er nok til \u00e5 kj\u00f8pe stoff og \u00e5 betale skredderen.<\/p>\n<p>Skredderen har f\u00e5tt oppl\u00e6ring i s\u00f8m og finansiert symaskinen gjennom Barnemisjonens utviklingsprogram \u00abDevent\u00bb.<\/p>\n","protected":false},"excerpt":{"rendered":"<p>N\u00e5 kan du gi en nye kl\u00e6r til et barn i Lokichoggio, nordvest i Kenya.<\/p>\n","protected":false},"featured_media":77,"template":"","meta":[],"product_brand":[],"product_cat":[40],"product_tag":[],"class_list":{"0":"post-98","1":"product","2":"type-product","3":"status-publish","4":"has-post-thumbnail","6":"product_cat-gavor-no","8":"first","9":"instock","10":"downloadable","11":"shipping-taxable","12":"purchasable","13":"product-type-simple"},"_links":{"self":[{"href":"https:\/\/barnmissionen.se\/shop\/no\/wp-json\/wp\/v2\/product\/98","targetHints":{"allow":["GET"]}}],"collection":[{"href":"https:\/\/barnmissionen.se\/shop\/no\/wp-json\/wp\/v2\/product"}],"about":[{"href":"https:\/\/barnmissionen.se\/shop\/no\/wp-json\/wp\/v2\/types\/product"}],"wp:featuredmedia":[{"embeddable":true,"href":"https:\/\/barnmissionen.se\/shop\/no\/wp-json\/wp\/v2\/media\/77"}],"wp:attachment":[{"href":"https:\/\/barnmissionen.se\/shop\/no\/wp-json\/wp\/v2\/media?parent=98"}],"wp:term":[{"taxonomy":"product_brand","embeddable":true,"href":"https:\/\/barnmissionen.se\/shop\/no\/wp-json\/wp\/v2\/product_brand?post=98"},{"taxonomy":"product_cat","embeddable":true,"href":"https:\/\/barnmissionen.se\/shop\/no\/wp-json\/wp\/v2\/product_cat?post=98"},{"taxonomy":"product_tag","embeddable":true,"href":"https:\/\/barnmissionen.se\/shop\/no\/wp-json\/wp\/v2\/product_tag?post=98"}],"curies":[{"name":"wp","href":"https:\/\/api.w.org\/{rel}","templated":true}]}}