{"id":99,"date":"2019-06-19T06:06:41","date_gmt":"2019-06-19T04:06:41","guid":{"rendered":"https:\/\/barnmissionen.se\/shop\/produkt\/skoleuniform-og-boker\/"},"modified":"2019-08-15T04:01:25","modified_gmt":"2019-08-15T02:01:25","slug":"skoleuniform-og-boker","status":"publish","type":"product","link":"https:\/\/barnmissionen.se\/shop\/no\/produkt\/skoleuniform-og-boker\/","title":{"rendered":"Skoleuniform og b\u00f8ker"},"content":{"rendered":"<p>Utdannelse er n\u00f8kkelen til et verdig liv ut av fattigdom og n\u00f8d. Barnemisjonen tror at utvikling og virkelig forandring skjer n\u00e5r mennesker gis mulighet til \u00e5 ta utdannelse. I v\u00e5re virksomhetsland er de lokale skolene ofte d\u00e5rlig utrustet. Med din gave st\u00f8tter du v\u00e5rt arbeid med \u00e5 gi fattige barn utdannelse, og bidrar til \u00e5 legge et bedre grunnlag for neste generasjon.<\/p>\n","protected":false},"excerpt":{"rendered":"<p>St\u00f8tte v\u00e5rt arbeid med \u00e5 gi fattige barn utdannelse.<\/p>\n","protected":false},"featured_media":6583,"template":"","meta":[],"product_brand":[],"product_cat":[40],"product_tag":[],"class_list":{"0":"post-99","1":"product","2":"type-product","3":"status-publish","4":"has-post-thumbnail","6":"product_cat-gavor-no","8":"first","9":"instock","10":"downloadable","11":"shipping-taxable","12":"purchasable","13":"product-type-simple"},"_links":{"self":[{"href":"https:\/\/barnmissionen.se\/shop\/no\/wp-json\/wp\/v2\/product\/99","targetHints":{"allow":["GET"]}}],"collection":[{"href":"https:\/\/barnmissionen.se\/shop\/no\/wp-json\/wp\/v2\/product"}],"about":[{"href":"https:\/\/barnmissionen.se\/shop\/no\/wp-json\/wp\/v2\/types\/product"}],"wp:featuredmedia":[{"embeddable":true,"href":"https:\/\/barnmissionen.se\/shop\/no\/wp-json\/wp\/v2\/media\/6583"}],"wp:attachment":[{"href":"https:\/\/barnmissionen.se\/shop\/no\/wp-json\/wp\/v2\/media?parent=99"}],"wp:term":[{"taxonomy":"product_brand","embeddable":true,"href":"https:\/\/barnmissionen.se\/shop\/no\/wp-json\/wp\/v2\/product_brand?post=99"},{"taxonomy":"product_cat","embeddable":true,"href":"https:\/\/barnmissionen.se\/shop\/no\/wp-json\/wp\/v2\/product_cat?post=99"},{"taxonomy":"product_tag","embeddable":true,"href":"https:\/\/barnmissionen.se\/shop\/no\/wp-json\/wp\/v2\/product_tag?post=99"}],"curies":[{"name":"wp","href":"https:\/\/api.w.org\/{rel}","templated":true}]}}