{"id":141,"date":"2019-06-20T07:45:29","date_gmt":"2019-06-20T05:45:29","guid":{"rendered":"https:\/\/barnmissionen.se\/shop\/?page_id=141"},"modified":"2025-08-27T09:36:44","modified_gmt":"2025-08-27T07:36:44","slug":"din-gava-gor-skillnad","status":"publish","type":"page","link":"https:\/\/barnmissionen.se\/shop\/din-gava-gor-skillnad\/","title":{"rendered":"Din g\u00e5va g\u00f6r skillnad"},"content":{"rendered":"\n<div class=\"squeeze\">\n\n\n\n<p>Barnmissionen har genom \u00e5ren delat ut mellan 30-40 000 produkter som du som givare gett via v\u00e5r butik. Mest popul\u00e4rt \u00e4r att ge en get eller kyckling men alla produkter g\u00f6r stor skillnad f\u00f6r de fattiga familjer som f\u00e5r ta emot dem. H\u00e4r nedan f\u00f6ljer n\u00e5gra av deras ber\u00e4ttelser. <\/p>\n\n\n\n<h2 class=\"wp-block-heading\"><a href=\"https:\/\/barnmissionen.se\/shop\/tank-vad-tva-getter-kan-betyda\/\">T\u00e4nk vad tv\u00e5 getter kan betyda!<\/a><\/h2>\n\n\n<div class=\"wp-block-image\">\n<figure class=\"alignleft is-resized\"><img loading=\"lazy\" decoding=\"async\" width=\"700\" height=\"275\" src=\"https:\/\/barnmissionen.se\/shop\/wp-content\/uploads\/2019\/06\/IMG_9604-Sandi-Peter-700x275.jpg\" alt=\"Man med get med rep runt halsen\" class=\"wp-image-144\" style=\"width:347px;height:136px\" srcset=\"https:\/\/barnmissionen.se\/shop\/wp-content\/uploads\/2019\/06\/IMG_9604-Sandi-Peter-700x275.jpg 700w, https:\/\/barnmissionen.se\/shop\/wp-content\/uploads\/2019\/06\/IMG_9604-Sandi-Peter-700x275-600x236.jpg 600w\" sizes=\"auto, (max-width: 700px) 100vw, 700px\" \/><\/figure>\n<\/div>\n\n\n<p>Sandi Peter i Uganda har \u00e5tta barn varav fem g\u00e5r i skolan. Det var n\u00e4stan om\u00f6jligt att klara ekonomiskt. 2011 fick familjen tv\u00e5 getter fr\u00e5n givare i Barnmissionens webbshop. Getterna har f\u00f6r\u00f6kat sig och efter hand som nya getter f\u00f6tts har Sandi Peter s\u00e5lt av djur f\u00f6r att betala barnens skolg\u00e5ng. Efter n\u00e5got \u00e5r kunde han k\u00f6pa en kalv. <\/p>\n\n\n\n<h2 class=\"wp-block-heading\"><a href=\"https:\/\/barnmissionen.se\/shop\/grisar-finansierar-skolgang-i-uganda\/\">Grisar finansierar skolg\u00e5ng i Uganda<\/a><\/h2>\n\n\n<div class=\"wp-block-image\">\n<figure class=\"alignleft is-resized\"><img loading=\"lazy\" decoding=\"async\" width=\"700\" height=\"275\" src=\"https:\/\/barnmissionen.se\/shop\/wp-content\/uploads\/2019\/06\/Esther800-klippt-2-700x275.jpg\" alt=\"Kvinna med skolbarn\" class=\"wp-image-147\" style=\"width:347px;height:136px\" srcset=\"https:\/\/barnmissionen.se\/shop\/wp-content\/uploads\/2019\/06\/Esther800-klippt-2-700x275.jpg 700w, https:\/\/barnmissionen.se\/shop\/wp-content\/uploads\/2019\/06\/Esther800-klippt-2-700x275-600x236.jpg 600w\" sizes=\"auto, (max-width: 700px) 100vw, 700px\" \/><\/figure>\n<\/div>\n\n\n<p>Esther arbetar som l\u00e4rare i Uganda och f\u00e5r en l\u00f6n p\u00e5 motsvarande 1&nbsp;000 svenska kronor varje m\u00e5nad. Men familjen best\u00e5r \u00e4ven av hennes make och fem barn och att f\u00e5 ekonomin att g\u00e5 ihop \u00e4r inte s\u00e5 l\u00e4tt. 2014 fick Esther tv\u00e5 grisar, en sugga och en galt, fr\u00e5n givare i Barnmissionens webbshop. Sedan dess har hon lyckats utveckla sin lilla \u201dfarm\u201d. &nbsp; &nbsp;<\/p>\n\n\n\n<h2 class=\"wp-block-heading\"><a href=\"https:\/\/barnmissionen.se\/shop\/getter-hojer-livskvaliten\/\">Getter H\u00f6jer Livskvalit\u00e9n<\/a><\/h2>\n\n\n<div class=\"wp-block-image\">\n<figure class=\"alignleft\"><img loading=\"lazy\" decoding=\"async\" width=\"300\" height=\"225\" src=\"https:\/\/barnmissionen.se\/shop\/wp-content\/uploads\/2019\/07\/maliyala-300x225.jpg\" alt=\"Tre getter och en kvinna och barn\" class=\"wp-image-410\"\/><\/figure>\n<\/div>\n\n\n<p>10-\u00e5riga Maliyala f\u00f6ddes med HIV och har v\u00e4xt upp med sin mamma p\u00e5 den zambiska landsbygden. Han tr\u00e4ffade aldrig sin pappa som dog v\u00e4ldigt tidigt, och uppv\u00e4xten har av flera anledningar varit sv\u00e5r. Eftersom b\u00e5de Maliyala och hans mamma \u00e4r HIV-positiva vill sl\u00e4ktingar inte ha med dem att g\u00f6ra \u2013 s\u00e5 den lilla familjen har f\u00e5tt klara sig sj\u00e4lv. I skolan gjorde Maliyala alltid bra ifr\u00e5n sig, men utmaningarna ledde \u2026<\/p>\n\n\n\n<h2 class=\"wp-block-heading\"><a href=\"https:\/\/barnmissionen.se\/shop\/kon-ger-framtidshopp\/\">Kon ger Framtidshopp<\/a><\/h2>\n\n\n<div class=\"wp-block-image\">\n<figure class=\"alignleft\"><img loading=\"lazy\" decoding=\"async\" width=\"300\" height=\"225\" src=\"https:\/\/barnmissionen.se\/shop\/wp-content\/uploads\/2019\/07\/shopna-300x225.jpg\" alt=\"Ko och kvinna framf\u00f6r str\u00e5hydda\" class=\"wp-image-406\"\/><\/figure>\n<\/div>\n\n\n<p>Shopna Ekka bor p\u00e5 landsbygden i Bangladesh med sin man Pathraj och deras tv\u00e5 d\u00f6ttrar Eshita och Eti. Pathraj har ingen fast inkomst utan jobbar som dagsarbetare, sj\u00e4lv \u00e4r Shopna hemmafru. Att ha r\u00e5d till mat och utbildning f\u00f6r barnen \u00e4r d\u00e4rf\u00f6r dagliga utmaningar. Men nu har famlijen f\u00e5tt en ko som f\u00f6r\u00e4ndrar allt.&nbsp;<\/p>\n\n\n\n<h2 class=\"wp-block-heading\"><a href=\"https:\/\/barnmissionen.se\/shop\/getter-blir-till-medicin-och-skolgang\/\">Getter blir till medicin och skolg\u00e5ng!<\/a><\/h2>\n\n\n<div class=\"wp-block-image\">\n<figure class=\"alignleft\"><img loading=\"lazy\" decoding=\"async\" width=\"286\" height=\"408\" src=\"https:\/\/barnmissionen.se\/shop\/wp-content\/uploads\/2019\/07\/Suzan.jpg\" alt=\"Barn i smutsig kl\u00e4nning\" class=\"wp-image-402\"\/><\/figure>\n<\/div>\n\n\n<p>Suzan har aldrig tr\u00e4ffat sina f\u00f6r\u00e4ldrar, hennes Mamma dog vid f\u00f6rlossningen och Pappan har g\u00e5tt bort i AIDS. Suzans gamla mormor har f\u00e5tt ta \u00f6ver f\u00f6r\u00e4ldraansvaret f\u00f6r Suzan. N\u00e4r jag h\u00f6rde talas om deras situation beslutade jag mig f\u00f6r att bes\u00f6ka familjen. V\u00e4l p\u00e5 plats och n\u00e4r vi h\u00f6rt om familjens situation och behov s\u00e5 ber\u00e4ttade vi att hon skulle f\u00e5 tv\u00e5 getter fr\u00e5n Barnmissionens getprogram. F\u00f6rst blev hon mycket \u2026<\/p>\n\n\n\n<h2 class=\"wp-block-heading\"><a href=\"https:\/\/barnmissionen.se\/shop\/sabina-kiskus-berattelse\/\">Sabina Kiskus ber\u00e4ttelse<\/a><\/h2>\n\n\n<div class=\"wp-block-image\">\n<figure class=\"alignleft\"><img loading=\"lazy\" decoding=\"async\" width=\"300\" height=\"225\" src=\"https:\/\/barnmissionen.se\/shop\/wp-content\/uploads\/2019\/07\/Sabina-Kisku-300x225.jpg\" alt=\"Kvinna med svarta getter\" class=\"wp-image-398\"\/><\/figure>\n<\/div>\n\n\n<p>Mitt namn \u00e4r Sabina Kisku och jag \u00e4r gift med Bhadu Soren. Jag har fyra s\u00f6ner och en dotter. Min \u00e4ldste son arbetar som dagl\u00f6nare och mina andra barn g\u00e5r i skolan. Det har varit mycket sv\u00e5rt f\u00f6r oss att klara vardagen eftersom vi inte haft tillr\u00e4ckligt med inkomster. Min man arbetar som vakt p\u00e5 en riskvarn och jag arbetar som dagl\u00f6nare utan regelbunden inkomst. Jag trodde aldrig att min \u2026<\/p>\n\n\n\n<h2 class=\"wp-block-heading\"><a href=\"https:\/\/barnmissionen.se\/shop\/ninami-roys-berattelse\/\"> Ninami Roys ber\u00e4ttelse <\/a><\/h2>\n\n\n<div class=\"wp-block-image\">\n<figure class=\"alignleft\"><img loading=\"lazy\" decoding=\"async\" width=\"300\" height=\"225\" src=\"https:\/\/barnmissionen.se\/shop\/wp-content\/uploads\/2019\/07\/Ninami-Roy2-300x225.jpg\" alt=\"Ko med rep och kvinna\" class=\"wp-image-394\"\/><\/figure>\n<\/div>\n\n\n<p>I maj fick min familj en ko fr\u00e5n en person som jag aldrig har tr\u00e4ffat eller sett. Det var som att bli tr\u00e4ffad av en blixt n\u00e4r vi h\u00f6rde att vi skulle f\u00e5 en ko \u2013 det var helt ofattbart! Min make, en av v\u00e5ra s\u00f6ner och jag \u00e4r dagl\u00f6nare (arbete av tillf\u00e4llig karakt\u00e4r som bara ger inkomst f\u00f6r dagen. Reds anm.) medan v\u00e5r yngste son g\u00e5r i skolan. P\u00e5 \u2026<\/p>\n\n\n\n<\/div>\n\n\n\n<p><\/p>\n","protected":false},"excerpt":{"rendered":"<p>Barnmissionen har genom \u00e5ren delat ut mellan 30-40 000 produkter som du som givare gett via v\u00e5r butik. Mest popul\u00e4rt \u00e4r att ge en get eller kyckling men alla produkter g\u00f6r stor skillnad f\u00f6r de fattiga familjer som f\u00e5r ta emot dem. H\u00e4r nedan f\u00f6ljer n\u00e5gra av deras ber\u00e4ttelser. T\u00e4nk vad tv\u00e5 getter kan betyda! [&hellip;]<\/p>\n","protected":false},"author":1,"featured_media":0,"parent":0,"menu_order":0,"comment_status":"closed","ping_status":"closed","template":"","meta":{"footnotes":""},"class_list":["post-141","page","type-page","status-publish","hentry"],"_links":{"self":[{"href":"https:\/\/barnmissionen.se\/shop\/wp-json\/wp\/v2\/pages\/141","targetHints":{"allow":["GET"]}}],"collection":[{"href":"https:\/\/barnmissionen.se\/shop\/wp-json\/wp\/v2\/pages"}],"about":[{"href":"https:\/\/barnmissionen.se\/shop\/wp-json\/wp\/v2\/types\/page"}],"author":[{"embeddable":true,"href":"https:\/\/barnmissionen.se\/shop\/wp-json\/wp\/v2\/users\/1"}],"replies":[{"embeddable":true,"href":"https:\/\/barnmissionen.se\/shop\/wp-json\/wp\/v2\/comments?post=141"}],"version-history":[{"count":22,"href":"https:\/\/barnmissionen.se\/shop\/wp-json\/wp\/v2\/pages\/141\/revisions"}],"predecessor-version":[{"id":11673,"href":"https:\/\/barnmissionen.se\/shop\/wp-json\/wp\/v2\/pages\/141\/revisions\/11673"}],"wp:attachment":[{"href":"https:\/\/barnmissionen.se\/shop\/wp-json\/wp\/v2\/media?parent=141"}],"curies":[{"name":"wp","href":"https:\/\/api.w.org\/{rel}","templated":true}]}}