{"id":3,"date":"2019-06-19T03:35:53","date_gmt":"2019-06-19T01:35:53","guid":{"rendered":"https:\/\/barnmissionen.se\/shop\/?page_id=3"},"modified":"2019-12-01T13:24:22","modified_gmt":"2019-12-01T12:24:22","slug":"integritetspolicy","status":"publish","type":"page","link":"https:\/\/barnmissionen.se\/shop\/integritetspolicy\/","title":{"rendered":"Integritetspolicy"},"content":{"rendered":"\n<div class=\"squeeze\">\n\n\n\n<h3 class=\"wp-block-heading\">\u2013 S\u00c5 H\u00c4R BEHANDLAR VI DINA PERSONUPPGIFTER<\/h3>\n\n\n\n<p>Barnmissionens behandling av personuppgifter sker enligt g\u00e4llande lagstiftning. Det inneb\u00e4r bland annat att Barnmissionen skyddar dina personuppgifter med n\u00f6dv\u00e4ndiga \u00e5tg\u00e4rder och att du alltid har r\u00e4tt att kontakta oss f\u00f6r att f\u00e5 reda p\u00e5 vilka personuppgifter vi har sparade om dig. Du kan l\u00e4sa mer om dina r\u00e4ttigheter i denna policy samt bes\u00f6ka&nbsp;<a target=\"_blank\" href=\"http:\/\/www.datainspektionen.se\/\" rel=\"noreferrer noopener\">www.datainspektionen.se<\/a>&nbsp;f\u00f6r ytterligare information om personuppgiftsbehandling.<\/p>\n\n\n\n<p>Har du n\u00e5gra fr\u00e5gor om v\u00e5r behandling av personuppgifter \u00e4r du givetvis alltid v\u00e4lkommen att kontakta oss!<\/p>\n\n\n\n<hr class=\"wp-block-separator is-style-wide\"\/>\n\n\n\n<p>Denna integritetspolicy beskriver hur Barnmissionen behandlar insamlade personuppgifter.<\/p>\n\n\n\n<h3 class=\"wp-block-heading\">Vem \u00e4r ansvarig f\u00f6r dina personuppgifter?<\/h3>\n\n\n\n<p>Barnmissionen, vars fullst\u00e4ndiga juridiska namn \u00e4r Stiftelsen Skandinaviska Barnmissionen, org.nr. 846002-8734, \u00e4r personuppgiftsansvarig f\u00f6r behandlingen av dina personuppgifter och ansvarar f\u00f6r att behandlingen sker p\u00e5 ett lagligt och korrekt s\u00e4tt.<\/p>\n\n\n\n<h3 class=\"wp-block-heading\">Hur f\u00e5r Barnmissionen dina personuppgifter?<\/h3>\n\n\n\n<p>Barnmissionen samlar in personuppgifter i samband med att du sk\u00e4nker en g\u00e5va eller tecknar dig som fadder eller p\u00e5 annat s\u00e4tt \u00f6nskar information om Barnmissionens arbete.<br>Barnmissionen kan \u00e4ven samla in personuppgifter fr\u00e5n andra k\u00e4llor, s\u00e5som fr\u00e5n privata och offentliga register, i syfte att komplettera uppgifter om dig som g\u00e5vogivare eller fadder.<\/p>\n\n\n\n<h3 class=\"wp-block-heading\">Vilka uppgifter behandlas?<\/h3>\n\n\n\n<p>Barnmissionen behandlar de personuppgifter som l\u00e4mnas till oss. Det kan vara namn, e-postadress, telefonnummer, personnummer, postadress, bankkontonummer, bankgiro-nummer, plusgironummer, civilst\u00e5nd eller uppgifter som i \u00f6vrigt \u00e4r n\u00f6dv\u00e4ndiga f\u00f6r att Barnmissionen ska kunna hantera och administrera ditt fadderskap samt f\u00f6r att fullg\u00f6ra v\u00e5ra \u00e5taganden gentemot dig avseende bland annat informationsbrev, tidningsutskick etc.<\/p>\n\n\n\n<h3 class=\"wp-block-heading\">Varf\u00f6r behandlar Barnmissionen uppgifter om dig?<\/h3>\n\n\n\n<p>Barnmissionen kan anv\u00e4nda dina personuppgifter f\u00f6r bland annat f\u00f6ljande \u00e4ndam\u00e5l:<\/p>\n\n\n\n<ul class=\"wp-block-list\"><li>registrera och lagra i Barnmissionens dataregister i syfte att hantera och administrera ditt fadderskap\/givarprofil.<\/li><li>via e-brev, postf\u00f6rs\u00e4ndelse, sociala medier eller sms informera dig om Barnmissionens arbete.<\/li><li>i \u00f6vrigt kontakta dig avseende ditt fadderskap\/givarprofil eller g\u00e5vo\u00e4rende.<\/li><\/ul>\n\n\n\n<h3 class=\"wp-block-heading\">N\u00e4r har Barnmissionen r\u00e4tt att behandla dina personuppgifter?<\/h3>\n\n\n\n<p>Barnmissionen har r\u00e4tt att behandla dina personuppgifter n\u00e4r du har l\u00e4mnat ditt samtycke till behandlingen eller om Barnmissionen har en r\u00e4ttslig skyldighet att behandla dina personuppgifter. N\u00e4r du l\u00e4mnar ditt samtycke kommer du alltid att f\u00e5 klar och tydlig information om vad du samtycker till.<\/p>\n\n\n\n<h3 class=\"wp-block-heading\">Vem har tillg\u00e5ng till dina personuppgifter?<\/h3>\n\n\n\n<p>Dina personuppgifter behandlas av Barnmissionen. Personuppgifter kan komma att l\u00e4mnas ut till service- och underleverant\u00f6rer samt till myndigheter efter beg\u00e4ran. De service- och underleverant\u00f6rer som f\u00e5r tillg\u00e5ng till dina personuppgifter, skall alltid ing\u00e5 ett s\u00e5 kallat bitr\u00e4desavtal genom vilket underleverant\u00f6ren f\u00f6rbinder sig att hantera dina personuppgifter p\u00e5 ett s\u00e4kert s\u00e4tt, enligt g\u00e4llande lagstiftning.<\/p>\n\n\n\n<h3 class=\"wp-block-heading\">\u00d6verf\u00f6ring till tredje land<\/h3>\n\n\n\n<p>Barnmissionen \u00f6verf\u00f6r inte dina personuppgifter till l\u00e4nder utanf\u00f6r EU\/EES.<\/p>\n\n\n\n<h3 class=\"wp-block-heading\">Hur l\u00e4nge sparar vi dina personuppgifter?<\/h3>\n\n\n\n<p><strong>Fadder &amp; g\u00e5vogivare<\/strong><\/p>\n\n\n\n<p>Barnmissionen sparar dina personuppgifter under tiden du \u00e4r aktiv fadder\/g\u00e5vogivare.<br>Barnmissionen betraktar dig som aktiv fadder\/g\u00e5vogivare om:<\/p>\n\n\n\n<ul class=\"wp-block-list\"><li>du har sk\u00e4nkt minst en g\u00e5va under en period p\u00e5 36 m\u00e5nader.<\/li><li>du inte har beg\u00e4rt att dina personuppgifter ska raderas inom 36 m\u00e5nader fr\u00e5n din senaste g\u00e5va.<\/li><\/ul>\n\n\n\n<p>Om du inte har sk\u00e4nkt en g\u00e5va inom perioden enligt ovan eller p\u00e5 annat s\u00e4tt meddelat att du \u00f6nskar kvarst\u00e5 i Barnmissionens register, raderas dina personuppgifter efter 36 m\u00e5nader.<\/p>\n\n\n\n<p><strong>Personal &amp; uppdragstagare<\/strong><br>Personuppgifter avseende anst\u00e4lld personal eller personer som p\u00e5 uppdrag av Barnmissionen arvoderats eller omfattats av f\u00f6rs\u00e4kringsvillkor, sparas i sju \u00e5r.<\/p>\n\n\n\n<p><strong>Undantag<\/strong><br>Vissa personer och\/eller organisationer\/institutioner har en m\u00e5ng\u00e5rig relation till Barnmissionen som bygger p\u00e5 andra v\u00e4rden \u00e4n regelbundna g\u00e5vor. I de fall d\u00e4r det bed\u00f6ms finnas ett \u00f6msesidigt<br>informations-\/kommunikationsv\u00e4rde \u00f6ver tid, lagras person- och\/eller organisationsuppgifter till n\u00e5gon av parterna beg\u00e4r annat. Undantaget skall styrkas genom samtycke.<\/p>\n\n\n\n<h3 class=\"wp-block-heading\">Vad har du f\u00f6r r\u00e4ttigheter?<\/h3>\n\n\n\n<p><strong>Registerutdrag<\/strong><\/p>\n\n\n\n<p>Du har r\u00e4tt att p\u00e5 beg\u00e4ran f\u00e5 information om vilka personuppgifter Barnmissionen behandlar om dig. Din beg\u00e4ran ska vara egenh\u00e4ndigt undertecknad samt inneh\u00e5lla uppgift om namn och personnummer. Detta beh\u00f6ver vi f\u00f6r att s\u00e4kerst\u00e4lla att vi l\u00e4mnar ut uppgifterna till r\u00e4tt person.<\/p>\n\n\n\n<p><strong>R\u00e4tt till r\u00e4ttelse<\/strong><\/p>\n\n\n\n<p>Om dina uppgifter \u00e4r felaktiga, ofullst\u00e4ndiga eller irrelevanta, kan du beg\u00e4ra att f\u00e5 dem r\u00e4ttade.<\/p>\n\n\n\n<p><strong>R\u00e4tt till radering, begr\u00e4nsning av behandling m.m.<\/strong><\/p>\n\n\n\n<p>Du har r\u00e4tt att beg\u00e4ra att Barnmissionen raderar dina personuppgifter, begr\u00e4nsar behandlingen av dina personuppgifter eller \u00f6verf\u00f6r dina personuppgifter till annan personuppgiftsansvarig samt r\u00e4tt att inv\u00e4nda mot behandlingen av dina personuppgifter. S\u00e5dan r\u00e4tt omfattar dock inte behandling av personuppgifter som sker p\u00e5 grund av r\u00e4ttslig skyldighet s\u00e5som behandling p\u00e5 grund av bokf\u00f6ringslagen.<\/p>\n\n\n\n<p><strong>Vart ska du v\u00e4nda dig?<\/strong><\/p>\n\n\n\n<p>Beg\u00e4ran om registerutdrag, information eller r\u00e4ttning av felaktiga uppgifter m.m. skickar du till:<\/p>\n\n\n\n<p>Barnmissionen<br>Str\u00f6mgatan 14<br>212 25 Malm\u00f6<\/p>\n\n\n\n<p>Om du beg\u00e4rt ett registerutdrag kommer informationen att skickas till din folkbokf\u00f6ringsadress.<\/p>\n\n\n\n<p>Du har vidare r\u00e4tt att i f\u00f6rekommande fall inge klagom\u00e5l till Datainspektionen som \u00e4r tillsynsmyndighet f\u00f6r behandling av personuppgifter.<\/p>\n\n\n\n<h3 class=\"wp-block-heading\">S\u00e5 h\u00e4r skyddas dina personuppgifter<\/h3>\n\n\n\n<p>Barnmissionen v\u00e4rnar din integritet. Barnmissionen vidtar alla l\u00e4mpliga tekniska och organisatoriska \u00e5tg\u00e4rder som kr\u00e4vs i varje enskilt fall f\u00f6r att skydda dina personuppgifter fr\u00e5n obeh\u00f6rig \u00e5tkomst och anv\u00e4ndning samt i \u00f6vrigt f\u00f6r att s\u00e4kerst\u00e4lla att behandlingen sker enligt g\u00e4llande lagstiftning.<\/p>\n\n\n\n<p>Dina personuppgifter lagras i en databas som kr\u00e4ver tv\u00e5stegsinloggning av personal med anpassad beh\u00f6righetsniv\u00e5. Vissa uppgifter \u00e4r krypterade f\u00f6r att ytterligare st\u00e4rka ditt integritetsskydd.<\/p>\n\n\n\n<h3 class=\"wp-block-heading\">Uppdatering av denna integritetspolicy<\/h3>\n\n\n\n<p>Barnmissionen kan vidta \u00e4ndringar av inneh\u00e5llet i denna integritetspolicy. En ny version blir g\u00e4llande n\u00e4r den g\u00f6rs tillg\u00e4nglig p\u00e5 Barnmissionens webbsida.<\/p>\n\n\n\n<h3 class=\"wp-block-heading\">Kontaktinformation<\/h3>\n\n\n\n<p>Tveka inte att kontakta oss om du har n\u00e5gra fr\u00e5gor om v\u00e5r behandling av dina personuppgifter.<\/p>\n\n\n\n<p><strong>V\u00e5ra kontaktuppgifter:<\/strong><br>Barnmissionen<br>Str\u00f6mgatan 14<br>212 25 Malm\u00f6<br>Tel: 040-689 30 40<br>E-post: info@barnmissionen.se<\/p>\n\n\n\n<p><em>Denna integritetspolicy \u00e4r fastst\u00e4lld av styrelsen och g\u00e4llande fr\u00e5n och med publicering p\u00e5 hemsidan.<\/em><\/p>\n\n\n\n<\/div>\n","protected":false},"excerpt":{"rendered":"<p>\u2013 S\u00c5 H\u00c4R BEHANDLAR VI DINA PERSONUPPGIFTER Barnmissionens behandling av personuppgifter sker enligt g\u00e4llande lagstiftning. Det inneb\u00e4r bland annat att Barnmissionen skyddar dina personuppgifter med n\u00f6dv\u00e4ndiga \u00e5tg\u00e4rder och att du alltid har r\u00e4tt att kontakta oss f\u00f6r att f\u00e5 reda p\u00e5 vilka personuppgifter vi har sparade om dig. Du kan l\u00e4sa mer om dina r\u00e4ttigheter [&hellip;]<\/p>\n","protected":false},"author":1,"featured_media":0,"parent":0,"menu_order":0,"comment_status":"closed","ping_status":"open","template":"","meta":{"footnotes":""},"class_list":["post-3","page","type-page","status-publish","hentry"],"_links":{"self":[{"href":"https:\/\/barnmissionen.se\/shop\/wp-json\/wp\/v2\/pages\/3","targetHints":{"allow":["GET"]}}],"collection":[{"href":"https:\/\/barnmissionen.se\/shop\/wp-json\/wp\/v2\/pages"}],"about":[{"href":"https:\/\/barnmissionen.se\/shop\/wp-json\/wp\/v2\/types\/page"}],"author":[{"embeddable":true,"href":"https:\/\/barnmissionen.se\/shop\/wp-json\/wp\/v2\/users\/1"}],"replies":[{"embeddable":true,"href":"https:\/\/barnmissionen.se\/shop\/wp-json\/wp\/v2\/comments?post=3"}],"version-history":[{"count":3,"href":"https:\/\/barnmissionen.se\/shop\/wp-json\/wp\/v2\/pages\/3\/revisions"}],"predecessor-version":[{"id":457,"href":"https:\/\/barnmissionen.se\/shop\/wp-json\/wp\/v2\/pages\/3\/revisions\/457"}],"wp:attachment":[{"href":"https:\/\/barnmissionen.se\/shop\/wp-json\/wp\/v2\/media?parent=3"}],"curies":[{"name":"wp","href":"https:\/\/api.w.org\/{rel}","templated":true}]}}