{"id":397,"date":"2019-07-05T03:43:04","date_gmt":"2019-07-05T01:43:04","guid":{"rendered":"https:\/\/barnmissionen.se\/shop\/?page_id=397"},"modified":"2019-12-01T13:24:25","modified_gmt":"2019-12-01T12:24:25","slug":"sabina-kiskus-berattelse","status":"publish","type":"page","link":"https:\/\/barnmissionen.se\/shop\/sabina-kiskus-berattelse\/","title":{"rendered":"Sabina Kiskus ber\u00e4ttelse"},"content":{"rendered":"\n<div class=\"squeeze\">\n\n\n\n<div class=\"wp-block-image\"><figure class=\"alignleft\"><img loading=\"lazy\" decoding=\"async\" width=\"300\" height=\"225\" src=\"https:\/\/barnmissionen.se\/shop\/wp-content\/uploads\/2019\/07\/Sabina-Kisku-300x225.jpg\" alt=\"\" class=\"wp-image-398\"\/><\/figure><\/div>\n\n\n\n<p>Mitt namn \u00e4r Sabina Kisku och jag \u00e4r gift med Bhadu Soren. Jag har fyra s\u00f6ner och en dotter. Min \u00e4ldste son arbetar som dagl\u00f6nare och mina andra barn g\u00e5r i skolan. Det har varit mycket sv\u00e5rt f\u00f6r oss att klara vardagen eftersom vi inte haft tillr\u00e4ckligt med inkomster. Min man arbetar som vakt p\u00e5 en riskvarn och jag arbetar som dagl\u00f6nare utan regelbunden inkomst.<br>Jag trodde aldrig att min familj en dag skulle f\u00e5 uppleva ett mirakel. N\u00e4r vi som familj blev utvalda att f\u00e5 tv\u00e5 getter som en g\u00e5va s\u00e5 var det f\u00f6r mig som om jag dr\u00f6mde. Mina \u00f6gon var t\u00e5rfyllda n\u00e4r jag fick mina getter, aldrig har jag varit med om att n\u00e5gon kan ge till andra utan anledning. Ibland n\u00e4r vi har det riktigt sv\u00e5rt s\u00e5 m\u00e5ste vi l\u00e5na pengar av penningutl\u00e5nare men de vill alltid ha tillbaka pengarna med h\u00f6g r\u00e4nta och n\u00e4r vi inte kan betala tillbaka f\u00f6rlora vi b\u00e5de hem, mark och materiella tillg\u00e5ngar. Jag har sett m\u00e5nga drabbas av det i mitt liv. Det h\u00e4r \u00e4r f\u00f6rsta g\u00e5ngen jag har varit med om att n\u00e5gon ger bort n\u00e5got utan att kr\u00e4va n\u00e5got tillbaka.<\/p>\n\n\n\n<p>N\u00e4r jag fick mina getter s\u00e5 best\u00e4mde jag mig f\u00f6r en utmaning, att vi skulle f\u00f6rs\u00f6ka f\u00f6da upp fler getter. Nu har jag \u00e4ntligen f\u00e5tt tv\u00e5 killingar och vi har nu fyra getter. Hela min familj hj\u00e4lps \u00e5t att ta hand om getterna och ta dem p\u00e5 bete. Getmj\u00f6lken har varit till stor hj\u00e4lp f\u00f6r att ge n\u00e4ring till min yngsta dotter.<br>Jag vill tacka de m\u00e4nniskor som har gett oss getterna. Jag vet inte vilka det \u00e4r men jag tror att Gud kommer att hj\u00e4lpa dem och v\u00e4lsigna dem eftersom de har v\u00e4lsignat oss som familj.<\/p>\n\n\n\n<\/div>\n","protected":false},"excerpt":{"rendered":"<p>Mitt namn \u00e4r Sabina Kisku och jag \u00e4r gift med Bhadu Soren. Jag har fyra s\u00f6ner och en dotter. Min \u00e4ldste son arbetar som dagl\u00f6nare och mina andra barn g\u00e5r i skolan. Det har varit mycket sv\u00e5rt f\u00f6r oss att klara vardagen eftersom vi inte haft tillr\u00e4ckligt med inkomster. Min man arbetar som vakt p\u00e5 [&hellip;]<\/p>\n","protected":false},"author":1,"featured_media":0,"parent":0,"menu_order":0,"comment_status":"closed","ping_status":"closed","template":"","meta":{"footnotes":""},"class_list":["post-397","page","type-page","status-publish","hentry"],"_links":{"self":[{"href":"https:\/\/barnmissionen.se\/shop\/wp-json\/wp\/v2\/pages\/397","targetHints":{"allow":["GET"]}}],"collection":[{"href":"https:\/\/barnmissionen.se\/shop\/wp-json\/wp\/v2\/pages"}],"about":[{"href":"https:\/\/barnmissionen.se\/shop\/wp-json\/wp\/v2\/types\/page"}],"author":[{"embeddable":true,"href":"https:\/\/barnmissionen.se\/shop\/wp-json\/wp\/v2\/users\/1"}],"replies":[{"embeddable":true,"href":"https:\/\/barnmissionen.se\/shop\/wp-json\/wp\/v2\/comments?post=397"}],"version-history":[{"count":2,"href":"https:\/\/barnmissionen.se\/shop\/wp-json\/wp\/v2\/pages\/397\/revisions"}],"predecessor-version":[{"id":451,"href":"https:\/\/barnmissionen.se\/shop\/wp-json\/wp\/v2\/pages\/397\/revisions\/451"}],"wp:attachment":[{"href":"https:\/\/barnmissionen.se\/shop\/wp-json\/wp\/v2\/media?parent=397"}],"curies":[{"name":"wp","href":"https:\/\/api.w.org\/{rel}","templated":true}]}}