{"id":405,"date":"2019-07-05T03:46:47","date_gmt":"2019-07-05T01:46:47","guid":{"rendered":"https:\/\/barnmissionen.se\/shop\/?page_id=405"},"modified":"2019-12-01T13:24:22","modified_gmt":"2019-12-01T12:24:22","slug":"kon-ger-framtidshopp","status":"publish","type":"page","link":"https:\/\/barnmissionen.se\/shop\/kon-ger-framtidshopp\/","title":{"rendered":"Kon ger Framtidshopp"},"content":{"rendered":"\n<div class=\"squeeze\">\n\n\n\n<div class=\"wp-block-image\"><figure class=\"alignleft\"><img loading=\"lazy\" decoding=\"async\" width=\"300\" height=\"225\" src=\"https:\/\/barnmissionen.se\/shop\/wp-content\/uploads\/2019\/07\/shopna-300x225.jpg\" alt=\"\" class=\"wp-image-406\"\/><\/figure><\/div>\n\n\n\n<p>Shopna Ekka bor p\u00e5 landsbygden i Bangladesh med sin man Pathraj och deras tv\u00e5 d\u00f6ttrar Eshita och Eti. Pathraj har ingen fast inkomst utan jobbar som dagsarbetare, sj\u00e4lv \u00e4r Shopna hemmafru. Att ha r\u00e5d till mat och utbildning f\u00f6r barnen \u00e4r d\u00e4rf\u00f6r dagliga utmaningar. Men nu har famlijen f\u00e5tt en ko som f\u00f6r\u00e4ndrar allt.&nbsp;<\/p>\n\n\n\n<p>\u2013 Att kunna k\u00f6pa en ko hade jag aldrig ens dr\u00f6mt om, s\u00e4ger Shopna Ekka.<br>\u2013 Men nu har jag f\u00e5tt en, och jag tj\u00e4nar redan pengar genom att s\u00e4lja g\u00f6dsel till en bonde som bor i n\u00e4rheten.<\/p>\n\n\n\n<p>F\u00f6r pengarna kan hon k\u00f6pa mat till familjen \u2013 och fram\u00f6ver kommer fler f\u00f6rdelar.<br>\u2013 En dag kommer den h\u00e4r kon f\u00f6r\u00f6ka sig och bli en inkomstk\u00e4lla till min familj, s\u00e4ger hon.<\/p>\n\n\n\n<p>Mary Minakkhi, Verksamhetsansvarig Barnmissionen Bangladesh<\/p>\n\n\n\n<\/div>\n","protected":false},"excerpt":{"rendered":"<p>Shopna Ekka bor p\u00e5 landsbygden i Bangladesh med sin man Pathraj och deras tv\u00e5 d\u00f6ttrar Eshita och Eti. Pathraj har ingen fast inkomst utan jobbar som dagsarbetare, sj\u00e4lv \u00e4r Shopna hemmafru. Att ha r\u00e5d till mat och utbildning f\u00f6r barnen \u00e4r d\u00e4rf\u00f6r dagliga utmaningar. Men nu har famlijen f\u00e5tt en ko som f\u00f6r\u00e4ndrar allt.&nbsp; \u2013 [&hellip;]<\/p>\n","protected":false},"author":1,"featured_media":0,"parent":0,"menu_order":0,"comment_status":"closed","ping_status":"closed","template":"","meta":{"footnotes":""},"class_list":["post-405","page","type-page","status-publish","hentry"],"_links":{"self":[{"href":"https:\/\/barnmissionen.se\/shop\/wp-json\/wp\/v2\/pages\/405","targetHints":{"allow":["GET"]}}],"collection":[{"href":"https:\/\/barnmissionen.se\/shop\/wp-json\/wp\/v2\/pages"}],"about":[{"href":"https:\/\/barnmissionen.se\/shop\/wp-json\/wp\/v2\/types\/page"}],"author":[{"embeddable":true,"href":"https:\/\/barnmissionen.se\/shop\/wp-json\/wp\/v2\/users\/1"}],"replies":[{"embeddable":true,"href":"https:\/\/barnmissionen.se\/shop\/wp-json\/wp\/v2\/comments?post=405"}],"version-history":[{"count":2,"href":"https:\/\/barnmissionen.se\/shop\/wp-json\/wp\/v2\/pages\/405\/revisions"}],"predecessor-version":[{"id":449,"href":"https:\/\/barnmissionen.se\/shop\/wp-json\/wp\/v2\/pages\/405\/revisions\/449"}],"wp:attachment":[{"href":"https:\/\/barnmissionen.se\/shop\/wp-json\/wp\/v2\/media?parent=405"}],"curies":[{"name":"wp","href":"https:\/\/api.w.org\/{rel}","templated":true}]}}