{"id":409,"date":"2019-07-05T03:47:55","date_gmt":"2019-07-05T01:47:55","guid":{"rendered":"https:\/\/barnmissionen.se\/shop\/?page_id=409"},"modified":"2019-12-01T13:24:22","modified_gmt":"2019-12-01T12:24:22","slug":"getter-hojer-livskvaliten","status":"publish","type":"page","link":"https:\/\/barnmissionen.se\/shop\/getter-hojer-livskvaliten\/","title":{"rendered":"Getter H\u00f6jer Livskvalit\u00e9n"},"content":{"rendered":"\n<div class=\"squeeze\">\n\n\n\n<div class=\"wp-block-image\"><figure class=\"alignleft\"><img loading=\"lazy\" decoding=\"async\" width=\"300\" height=\"225\" src=\"https:\/\/barnmissionen.se\/shop\/wp-content\/uploads\/2019\/07\/maliyala-300x225.jpg\" alt=\"\" class=\"wp-image-410\"\/><\/figure><\/div>\n\n\n\n<p>10-\u00e5riga Maliyala f\u00f6ddes med HIV och har v\u00e4xt upp med sin mamma p\u00e5 den zambiska landsbygden. Han tr\u00e4ffade aldrig sin pappa som dog v\u00e4ldigt tidigt, och uppv\u00e4xten har av flera anledningar varit sv\u00e5r. Eftersom b\u00e5de Maliyala och hans mamma \u00e4r HIV-positiva vill sl\u00e4ktingar inte ha med dem att g\u00f6ra \u2013 s\u00e5 den lilla familjen har f\u00e5tt klara sig sj\u00e4lv. I skolan gjorde Maliyala alltid bra ifr\u00e5n sig, men utmaningarna ledde till att han hoppade av och stannade hemma ist\u00e4llet.<\/p>\n\n\n\n<p>N\u00e4r Barnmissionen fick h\u00f6ra om familjen fick de hj\u00e4lp med r\u00e5dgivning och tv\u00e5 getter. Maliyala fick en skoluniform och b\u00f6rjade g\u00e5 i skolan igen. De tv\u00e5 getterna kommer s\u00e5sm\u00e5ningom ge viktiga inkomster till familjen, och det faktum att Maliyala nu \u00e4r tillbaka i skolan ger honom helt andra f\u00f6ruts\u00e4ttningar f\u00f6r framtiden.<\/p>\n\n\n\n<p>Det var s\u00e5 h\u00e4rligt att f\u00e5 se deras leenden och gl\u00e4dje \u00f6ver st\u00f6det som de har f\u00e5tt!<\/p>\n\n\n\n<p>Jessy Mpupulwa, Verksamhetsansvarig Barnmissionen Zambia<\/p>\n\n\n\n<\/div>\n","protected":false},"excerpt":{"rendered":"<p>10-\u00e5riga Maliyala f\u00f6ddes med HIV och har v\u00e4xt upp med sin mamma p\u00e5 den zambiska landsbygden. Han tr\u00e4ffade aldrig sin pappa som dog v\u00e4ldigt tidigt, och uppv\u00e4xten har av flera anledningar varit sv\u00e5r. Eftersom b\u00e5de Maliyala och hans mamma \u00e4r HIV-positiva vill sl\u00e4ktingar inte ha med dem att g\u00f6ra \u2013 s\u00e5 den lilla familjen har [&hellip;]<\/p>\n","protected":false},"author":1,"featured_media":0,"parent":0,"menu_order":0,"comment_status":"closed","ping_status":"closed","template":"","meta":{"footnotes":""},"class_list":["post-409","page","type-page","status-publish","hentry"],"_links":{"self":[{"href":"https:\/\/barnmissionen.se\/shop\/wp-json\/wp\/v2\/pages\/409","targetHints":{"allow":["GET"]}}],"collection":[{"href":"https:\/\/barnmissionen.se\/shop\/wp-json\/wp\/v2\/pages"}],"about":[{"href":"https:\/\/barnmissionen.se\/shop\/wp-json\/wp\/v2\/types\/page"}],"author":[{"embeddable":true,"href":"https:\/\/barnmissionen.se\/shop\/wp-json\/wp\/v2\/users\/1"}],"replies":[{"embeddable":true,"href":"https:\/\/barnmissionen.se\/shop\/wp-json\/wp\/v2\/comments?post=409"}],"version-history":[{"count":2,"href":"https:\/\/barnmissionen.se\/shop\/wp-json\/wp\/v2\/pages\/409\/revisions"}],"predecessor-version":[{"id":447,"href":"https:\/\/barnmissionen.se\/shop\/wp-json\/wp\/v2\/pages\/409\/revisions\/447"}],"wp:attachment":[{"href":"https:\/\/barnmissionen.se\/shop\/wp-json\/wp\/v2\/media?parent=409"}],"curies":[{"name":"wp","href":"https:\/\/api.w.org\/{rel}","templated":true}]}}