{"id":413,"date":"2019-07-05T03:50:43","date_gmt":"2019-07-05T01:50:43","guid":{"rendered":"https:\/\/barnmissionen.se\/shop\/?page_id=413"},"modified":"2019-12-01T13:24:22","modified_gmt":"2019-12-01T12:24:22","slug":"grisar-finansierar-skolgang-i-uganda","status":"publish","type":"page","link":"https:\/\/barnmissionen.se\/shop\/grisar-finansierar-skolgang-i-uganda\/","title":{"rendered":"Grisar finansierar skolg\u00e5ng i Uganda"},"content":{"rendered":"\n<div class=\"squeeze\">\n\n\n\n<div class=\"wp-block-image\"><figure class=\"alignleft\"><img loading=\"lazy\" decoding=\"async\" width=\"300\" height=\"225\" src=\"https:\/\/barnmissionen.se\/shop\/wp-content\/uploads\/2019\/07\/Esther800-klippt-2-300x225.jpg\" alt=\"\" class=\"wp-image-414\"\/><\/figure><\/div>\n\n\n\n<p>Esther arbetar som l\u00e4rare i Uganda och f\u00e5r en l\u00f6n p\u00e5 motsvarande 1&nbsp;000 svenska kronor varje m\u00e5nad. Men familjen best\u00e5r \u00e4ven av hennes make och fem barn och att f\u00e5 ekonomin att g\u00e5 ihop \u00e4r inte s\u00e5 l\u00e4tt.<\/p>\n\n\n\n<p>2014 fick Esther tv\u00e5 grisar, en sugga och en galt, fr\u00e5n givare i Barnmissionens webbshop. Sedan dess har hon lyckats utveckla sin lilla \u201dfarm\u201d.<\/p>\n\n\n\n<p>Fr\u00e5n b\u00f6rjan var det bara ett litet skjul till grisarna, men idag har hon byggt tv\u00e5 st\u00f6rre inh\u00e4gnader. P\u00e5 tomten har hon en egen vattenpump och hon har kunnat dra ledningar s\u00e5 att grisarna f\u00e5r vatten direkt in i sina inh\u00e4gnader. Esther har ocks\u00e5 planterat banantr\u00e4d och b\u00f6rjat odla. Idag har hon en arbetare anst\u00e4lld f\u00f6r att sk\u00f6ta djur och odlingar.<\/p>\n\n\n\n<p>Grisarna f\u00e5r kultingar en till tv\u00e5 g\u00e5nger per \u00e5r och vill det sig v\u00e4l kan det bli upp till tolv kultingar per g\u00e5ng. Esther s\u00e4ljer av sm\u00e5grisarna och anv\u00e4nder pengarna till familjens behov. Bland annat har hennes yngsta dotter kunnat b\u00f6rja i en b\u00e4ttre skola.<\/p>\n\n\n\n<p><em>Annica Larsson, Barnmissionen<\/em><\/p>\n\n\n\n<\/div>\n","protected":false},"excerpt":{"rendered":"<p>Esther arbetar som l\u00e4rare i Uganda och f\u00e5r en l\u00f6n p\u00e5 motsvarande 1&nbsp;000 svenska kronor varje m\u00e5nad. Men familjen best\u00e5r \u00e4ven av hennes make och fem barn och att f\u00e5 ekonomin att g\u00e5 ihop \u00e4r inte s\u00e5 l\u00e4tt. 2014 fick Esther tv\u00e5 grisar, en sugga och en galt, fr\u00e5n givare i Barnmissionens webbshop. Sedan dess [&hellip;]<\/p>\n","protected":false},"author":1,"featured_media":0,"parent":0,"menu_order":0,"comment_status":"closed","ping_status":"closed","template":"","meta":{"footnotes":""},"class_list":["post-413","page","type-page","status-publish","hentry"],"_links":{"self":[{"href":"https:\/\/barnmissionen.se\/shop\/wp-json\/wp\/v2\/pages\/413","targetHints":{"allow":["GET"]}}],"collection":[{"href":"https:\/\/barnmissionen.se\/shop\/wp-json\/wp\/v2\/pages"}],"about":[{"href":"https:\/\/barnmissionen.se\/shop\/wp-json\/wp\/v2\/types\/page"}],"author":[{"embeddable":true,"href":"https:\/\/barnmissionen.se\/shop\/wp-json\/wp\/v2\/users\/1"}],"replies":[{"embeddable":true,"href":"https:\/\/barnmissionen.se\/shop\/wp-json\/wp\/v2\/comments?post=413"}],"version-history":[{"count":2,"href":"https:\/\/barnmissionen.se\/shop\/wp-json\/wp\/v2\/pages\/413\/revisions"}],"predecessor-version":[{"id":448,"href":"https:\/\/barnmissionen.se\/shop\/wp-json\/wp\/v2\/pages\/413\/revisions\/448"}],"wp:attachment":[{"href":"https:\/\/barnmissionen.se\/shop\/wp-json\/wp\/v2\/media?parent=413"}],"curies":[{"name":"wp","href":"https:\/\/api.w.org\/{rel}","templated":true}]}}