{"id":417,"date":"2019-07-05T03:52:46","date_gmt":"2019-07-05T01:52:46","guid":{"rendered":"https:\/\/barnmissionen.se\/shop\/?page_id=417"},"modified":"2019-12-01T13:24:25","modified_gmt":"2019-12-01T12:24:25","slug":"tank-vad-tva-getter-kan-betyda","status":"publish","type":"page","link":"https:\/\/barnmissionen.se\/shop\/tank-vad-tva-getter-kan-betyda\/","title":{"rendered":"T\u00e4nk vad tv\u00e5 getter kan betyda!"},"content":{"rendered":"\n<div class=\"squeeze\">\n\n\n\n<div class=\"wp-block-image\"><figure class=\"alignleft\"><img loading=\"lazy\" decoding=\"async\" width=\"300\" height=\"200\" src=\"https:\/\/barnmissionen.se\/shop\/wp-content\/uploads\/2019\/07\/IMG_9604-Sandi-Peter-300x200.jpg\" alt=\"\" class=\"wp-image-418\"\/><\/figure><\/div>\n\n\n\n<p>Sandi Peter i Uganda har \u00e5tta barn varav fem g\u00e5r i skolan. Det var n\u00e4stan om\u00f6jligt att klara ekonomiskt.<\/p>\n\n\n\n<p>2011 fick familjen tv\u00e5 getter fr\u00e5n givare i Barnmissionens webbshop. Getterna har f\u00f6r\u00f6kat sig och efter hand som nya getter f\u00f6tts har Sandi Peter s\u00e5lt av djur f\u00f6r att betala barnens skolg\u00e5ng. Efter n\u00e5got \u00e5r kunde han k\u00f6pa en kalv.<\/p>\n\n\n\n<p>Idag har familjen tre kor, varav den \u00e4ldsta \u00e4r dr\u00e4ktig och v\u00e4ntar en ny kalv. Komj\u00f6lken s\u00e4ljer han f\u00f6r att \u00e4ven f\u00e5 pengar till odling. Numera hyr han en bit mark d\u00e4r han odlar kassava och lite kaffeb\u00f6nor.<\/p>\n\n\n\n<p>Sandi Peters familj har f\u00e5tt helt nya m\u00f6jligheter att klara sitt uppeh\u00e4lle. Men allt b\u00f6rjade med tv\u00e5 getter.<\/p>\n\n\n\n<p>F\u00f6r 230 kronor kan du k\u00f6pa en get i Barnmissionens webbshop&nbsp;<a href=\"https:\/\/barnmissionen.se\/shop\">www.barnmissionen.se\/shop<\/a>&nbsp;&nbsp;och f\u00f6rvandla livet f\u00f6r en familj, samtidigt som du sj\u00e4lv l\u00f6ser dina julklappsbekymmer. Du namnger geten och f\u00e5r ett fint g\u00e5vointyg som du kan ge bort i present.<\/p>\n\n\n\n<div class=\"wp-block-image\"><figure class=\"aligncenter\"><img loading=\"lazy\" decoding=\"async\" width=\"300\" height=\"200\" src=\"https:\/\/barnmissionen.se\/shop\/wp-content\/uploads\/2019\/07\/IMG_9613-Sandi-Peter-300x200.jpg\" alt=\"\" class=\"wp-image-420\"\/><\/figure><\/div>\n\n\n\n<\/div>\n","protected":false},"excerpt":{"rendered":"<p>Sandi Peter i Uganda har \u00e5tta barn varav fem g\u00e5r i skolan. Det var n\u00e4stan om\u00f6jligt att klara ekonomiskt. 2011 fick familjen tv\u00e5 getter fr\u00e5n givare i Barnmissionens webbshop. Getterna har f\u00f6r\u00f6kat sig och efter hand som nya getter f\u00f6tts har Sandi Peter s\u00e5lt av djur f\u00f6r att betala barnens skolg\u00e5ng. Efter n\u00e5got \u00e5r kunde [&hellip;]<\/p>\n","protected":false},"author":1,"featured_media":0,"parent":0,"menu_order":0,"comment_status":"closed","ping_status":"closed","template":"","meta":{"footnotes":""},"class_list":["post-417","page","type-page","status-publish","hentry"],"_links":{"self":[{"href":"https:\/\/barnmissionen.se\/shop\/wp-json\/wp\/v2\/pages\/417","targetHints":{"allow":["GET"]}}],"collection":[{"href":"https:\/\/barnmissionen.se\/shop\/wp-json\/wp\/v2\/pages"}],"about":[{"href":"https:\/\/barnmissionen.se\/shop\/wp-json\/wp\/v2\/types\/page"}],"author":[{"embeddable":true,"href":"https:\/\/barnmissionen.se\/shop\/wp-json\/wp\/v2\/users\/1"}],"replies":[{"embeddable":true,"href":"https:\/\/barnmissionen.se\/shop\/wp-json\/wp\/v2\/comments?post=417"}],"version-history":[{"count":5,"href":"https:\/\/barnmissionen.se\/shop\/wp-json\/wp\/v2\/pages\/417\/revisions"}],"predecessor-version":[{"id":453,"href":"https:\/\/barnmissionen.se\/shop\/wp-json\/wp\/v2\/pages\/417\/revisions\/453"}],"wp:attachment":[{"href":"https:\/\/barnmissionen.se\/shop\/wp-json\/wp\/v2\/media?parent=417"}],"curies":[{"name":"wp","href":"https:\/\/api.w.org\/{rel}","templated":true}]}}