{"id":10,"date":"2019-06-19T05:43:46","date_gmt":"2019-06-19T03:43:46","guid":{"rendered":"https:\/\/barnmissionen.se\/shop\/?post_type=product&#038;p=10"},"modified":"2025-12-03T15:17:12","modified_gmt":"2025-12-03T14:17:12","slug":"leksaker","status":"publish","type":"product","link":"https:\/\/barnmissionen.se\/shop\/produkt\/leksaker\/","title":{"rendered":"Leksaker"},"content":{"rendered":"<h2>Varf\u00f6r ska jag ge bort leksaker?<\/h2>\n<p>Alla barn \u00e4lskar att leka! Genom lek och sportaktiviteter skapas v\u00e4nskap och sammanh\u00e5llning mellan barnen.<\/p>\n<p>Leksaker som fotbollar och hopprep sk\u00e4nker enkel gl\u00e4dje d\u00e4r den beh\u00f6vs som mest. Barnmissionen utrustar barnhem och skolor med leksaker och idrottsutrustning i Bangladesh, Filippinerna och flera afrikanska l\u00e4nder. Det blir en present som ger gl\u00e4dje!<\/p>\n<p>Om behovet av leksaker \u00e4r uppn\u00e5tt eller efterfr\u00e5gan fr\u00e5n v\u00e5ra partner minskar, f\u00f6rbeh\u00e5ller sig Barnmissionen r\u00e4tten att omf\u00f6rdela medlen inom ramarna f\u00f6r det samlade arbetet.<\/p>\n","protected":false},"excerpt":{"rendered":"<p>Ge bort leksaker till barn och sprid gl\u00e4dje. Du f\u00e5r ett fint g\u00e5vointyg.<\/p>\n","protected":false},"featured_media":268,"template":"","meta":[],"product_brand":[],"product_cat":[16],"product_tag":[],"class_list":{"0":"post-10","1":"product","2":"type-product","3":"status-publish","4":"has-post-thumbnail","6":"product_cat-gavor","8":"first","9":"instock","10":"downloadable","11":"shipping-taxable","12":"purchasable","13":"product-type-simple"},"_links":{"self":[{"href":"https:\/\/barnmissionen.se\/shop\/wp-json\/wp\/v2\/product\/10","targetHints":{"allow":["GET"]}}],"collection":[{"href":"https:\/\/barnmissionen.se\/shop\/wp-json\/wp\/v2\/product"}],"about":[{"href":"https:\/\/barnmissionen.se\/shop\/wp-json\/wp\/v2\/types\/product"}],"wp:featuredmedia":[{"embeddable":true,"href":"https:\/\/barnmissionen.se\/shop\/wp-json\/wp\/v2\/media\/268"}],"wp:attachment":[{"href":"https:\/\/barnmissionen.se\/shop\/wp-json\/wp\/v2\/media?parent=10"}],"wp:term":[{"taxonomy":"product_brand","embeddable":true,"href":"https:\/\/barnmissionen.se\/shop\/wp-json\/wp\/v2\/product_brand?post=10"},{"taxonomy":"product_cat","embeddable":true,"href":"https:\/\/barnmissionen.se\/shop\/wp-json\/wp\/v2\/product_cat?post=10"},{"taxonomy":"product_tag","embeddable":true,"href":"https:\/\/barnmissionen.se\/shop\/wp-json\/wp\/v2\/product_tag?post=10"}],"curies":[{"name":"wp","href":"https:\/\/api.w.org\/{rel}","templated":true}]}}