{"id":12058,"date":"2025-12-03T15:12:16","date_gmt":"2025-12-03T14:12:16","guid":{"rendered":"https:\/\/barnmissionen.se\/shop\/?post_type=product&#038;p=12058"},"modified":"2025-12-10T07:17:57","modified_gmt":"2025-12-10T06:17:57","slug":"symaskin","status":"publish","type":"product","link":"https:\/\/barnmissionen.se\/shop\/produkt\/symaskin\/","title":{"rendered":"Symaskin"},"content":{"rendered":"<h2><strong>Varf\u00f6r ska jag ge bort en symaskin?<\/strong><\/h2>\n<p>Barnmissionen utbildar s\u00f6mmerskor s\u00e5 att de kan starta upp en enkel verksamhet och f\u00f6rs\u00f6rja sin familj.<\/p>\n<p>Utbildningarna fungerar mycket bra. Men de nyutbildade s\u00f6mmerskorna beh\u00f6ver hj\u00e4lp f\u00f6r att starta upp sin verksamhet. D\u00e4r \u00e4r en symaskin fantastisk. N\u00e4r du ger en enkel trampsymaskin till en nyutbildad s\u00f6mmerska kan hon arbeta i sitt hem med att sy kl\u00e4der till m\u00e4nniskor i n\u00e4romr\u00e5det.<\/p>\n<p>Barnmissionen utbildar s\u00f6mmerskor i flera l\u00e4nder, bland annat Pakistan, Uganda, Kenya och Burkina Faso.<\/p>\n<p>Om behovet av symaskiner \u00e4r uppn\u00e5tt eller efterfr\u00e5gan minskar, f\u00f6rbeh\u00e5ller sig Barnmissionen r\u00e4tten att omf\u00f6rdela medlen inom ramarna f\u00f6r det samlade arbetet.<\/p>\n<p>&nbsp;<\/p>\n<p>&nbsp;<\/p>\n","protected":false},"excerpt":{"rendered":"<p>Ge bort en symaskin, s\u00e5 att en s\u00f6mmerska kan f\u00f6rs\u00f6rja sin familj. Du f\u00e5r ett fint g\u00e5vointyg.<\/p>\n","protected":false},"featured_media":12065,"template":"","meta":[],"product_brand":[],"product_cat":[16],"product_tag":[],"class_list":{"0":"post-12058","1":"product","2":"type-product","3":"status-publish","4":"has-post-thumbnail","6":"product_cat-gavor","8":"first","9":"instock","10":"downloadable","11":"shipping-taxable","12":"purchasable","13":"product-type-simple"},"_links":{"self":[{"href":"https:\/\/barnmissionen.se\/shop\/wp-json\/wp\/v2\/product\/12058","targetHints":{"allow":["GET"]}}],"collection":[{"href":"https:\/\/barnmissionen.se\/shop\/wp-json\/wp\/v2\/product"}],"about":[{"href":"https:\/\/barnmissionen.se\/shop\/wp-json\/wp\/v2\/types\/product"}],"wp:featuredmedia":[{"embeddable":true,"href":"https:\/\/barnmissionen.se\/shop\/wp-json\/wp\/v2\/media\/12065"}],"wp:attachment":[{"href":"https:\/\/barnmissionen.se\/shop\/wp-json\/wp\/v2\/media?parent=12058"}],"wp:term":[{"taxonomy":"product_brand","embeddable":true,"href":"https:\/\/barnmissionen.se\/shop\/wp-json\/wp\/v2\/product_brand?post=12058"},{"taxonomy":"product_cat","embeddable":true,"href":"https:\/\/barnmissionen.se\/shop\/wp-json\/wp\/v2\/product_cat?post=12058"},{"taxonomy":"product_tag","embeddable":true,"href":"https:\/\/barnmissionen.se\/shop\/wp-json\/wp\/v2\/product_tag?post=12058"}],"curies":[{"name":"wp","href":"https:\/\/api.w.org\/{rel}","templated":true}]}}