{"id":14,"date":"2019-06-19T05:53:24","date_gmt":"2019-06-19T03:53:24","guid":{"rendered":"https:\/\/barnmissionen.se\/shop\/?post_type=product&#038;p=14"},"modified":"2025-12-03T15:25:02","modified_gmt":"2025-12-03T14:25:02","slug":"gris","status":"publish","type":"product","link":"https:\/\/barnmissionen.se\/shop\/produkt\/gris\/","title":{"rendered":"Gris"},"content":{"rendered":"<h2>Varf\u00f6r ska jag ge bort en gris?<\/h2>\n<p>N\u00e4r en fattig familj f\u00e5r en gris f\u00e5r de samtidigt helt nya f\u00f6ruts\u00e4ttningar till sj\u00e4lvf\u00f6rs\u00f6rjning och sj\u00e4lvst\u00e4ndighet. Griskultingarna kan s\u00e4ljas vidare och ge pengar till mat, mediciner och skolavgifter. Grisk\u00f6ttet blir till n\u00e4ringsrik mat f\u00f6r hela familjen. Grisen ger ocks\u00e5 g\u00f6dsel, som i sin tur leder till st\u00f6rre sk\u00f6rdar i jordbruket. Mottagaren f\u00e5r ocks\u00e5 en enkel utbildning i djurh\u00e5llning. Grisen blir en present som f\u00f6r\u00e4ndrar liv!<\/p>\n<p>Priset p\u00e5 grisar varierar mellan olika l\u00e4nder. Det pris vi angett \u00e4r d\u00e4rf\u00f6r ett riktpris. Ibland kan en gris kosta mer och d\u00e5 kan tv\u00e5 givare gemensamt betala f\u00f6r en gris.<\/p>\n<p>Om behovet av grisar \u00e4r uppn\u00e5tt eller efterfr\u00e5gan fr\u00e5n v\u00e5ra partner minskar, f\u00f6rbeh\u00e5ller sig Barnmissionen r\u00e4tten att omf\u00f6rdela medlen inom ramarna f\u00f6r det samlade arbetet.<\/p>\n<p>&nbsp;<\/p>\n","protected":false},"excerpt":{"rendered":"<p>Ge bort en gris till en familj och f\u00f6r\u00e4ndra familjens liv. Du f\u00e5r ett fint g\u00e5vointyg.<\/p>\n","protected":false},"featured_media":6479,"template":"","meta":[],"product_brand":[],"product_cat":[16],"product_tag":[],"class_list":{"0":"post-14","1":"product","2":"type-product","3":"status-publish","4":"has-post-thumbnail","6":"product_cat-gavor","8":"first","9":"instock","10":"downloadable","11":"shipping-taxable","12":"purchasable","13":"product-type-simple"},"_links":{"self":[{"href":"https:\/\/barnmissionen.se\/shop\/wp-json\/wp\/v2\/product\/14","targetHints":{"allow":["GET"]}}],"collection":[{"href":"https:\/\/barnmissionen.se\/shop\/wp-json\/wp\/v2\/product"}],"about":[{"href":"https:\/\/barnmissionen.se\/shop\/wp-json\/wp\/v2\/types\/product"}],"wp:featuredmedia":[{"embeddable":true,"href":"https:\/\/barnmissionen.se\/shop\/wp-json\/wp\/v2\/media\/6479"}],"wp:attachment":[{"href":"https:\/\/barnmissionen.se\/shop\/wp-json\/wp\/v2\/media?parent=14"}],"wp:term":[{"taxonomy":"product_brand","embeddable":true,"href":"https:\/\/barnmissionen.se\/shop\/wp-json\/wp\/v2\/product_brand?post=14"},{"taxonomy":"product_cat","embeddable":true,"href":"https:\/\/barnmissionen.se\/shop\/wp-json\/wp\/v2\/product_cat?post=14"},{"taxonomy":"product_tag","embeddable":true,"href":"https:\/\/barnmissionen.se\/shop\/wp-json\/wp\/v2\/product_tag?post=14"}],"curies":[{"name":"wp","href":"https:\/\/api.w.org\/{rel}","templated":true}]}}