{"id":21,"date":"2019-06-19T06:02:45","date_gmt":"2019-06-19T04:02:45","guid":{"rendered":"https:\/\/barnmissionen.se\/shop\/?post_type=product&#038;p=21"},"modified":"2026-01-27T14:56:18","modified_gmt":"2026-01-27T13:56:18","slug":"latrin","status":"publish","type":"product","link":"https:\/\/barnmissionen.se\/shop\/produkt\/latrin\/","title":{"rendered":"Latrin"},"content":{"rendered":"<h2>Varf\u00f6r ska jag ge bort en latrin?<\/h2>\n<p>En riktig latrin \u00e4r ett grundl\u00e4ggande behov, b\u00e5de f\u00f6r individen och f\u00f6r milj\u00f6n. Den skapar f\u00f6ruts\u00e4ttningar f\u00f6r att h\u00e5lla en god hygien och undvika sjukdomar. Genom att bekosta bygget av en latrin bidrar du till f\u00f6rb\u00e4ttrad h\u00e4lsa f\u00f6r barn och familjer i Lokichogio, nordv\u00e4stra Kenya.<\/p>\n<p>N\u00e4r det finns f\u00f6ruts\u00e4ttningar att bygga en ny latrin gr\u00e4ver man ett anpassat h\u00e5l, sedan gjuts en platta av betong runt h\u00e5let och ett hus av st\u00e5l och pl\u00e5t monteras ihop. Hela konstruktionen kan enkelt lyftas och flyttas f\u00f6r att \u00e5teranv\u00e4ndas n\u00e4r h\u00e5let i marken fyllts upp. D\u00e4r planteras sedan ett tr\u00e4d.<\/p>\n<p>Det blir en present som f\u00f6r\u00e4ndrar liv!<\/p>\n<p>Om behovet av latriner \u00e4r uppn\u00e5tt eller efterfr\u00e5gan minskar, f\u00f6rbeh\u00e5ller sig Barnmissionen r\u00e4tten att omf\u00f6rdela medlen inom ramarna f\u00f6r arbetet i Lokichogio.<\/p>\n","protected":false},"excerpt":{"rendered":"<p>Ge bort en latrin och f\u00f6r\u00e4ndra livet f\u00f6r m\u00e5nga. Du f\u00e5r ett fint g\u00e5vointyg.<\/p>\n","protected":false},"featured_media":42,"template":"","meta":[],"product_brand":[],"product_cat":[16],"product_tag":[],"class_list":{"0":"post-21","1":"product","2":"type-product","3":"status-publish","4":"has-post-thumbnail","6":"product_cat-gavor","8":"first","9":"instock","10":"downloadable","11":"shipping-taxable","12":"purchasable","13":"product-type-simple"},"_links":{"self":[{"href":"https:\/\/barnmissionen.se\/shop\/wp-json\/wp\/v2\/product\/21","targetHints":{"allow":["GET"]}}],"collection":[{"href":"https:\/\/barnmissionen.se\/shop\/wp-json\/wp\/v2\/product"}],"about":[{"href":"https:\/\/barnmissionen.se\/shop\/wp-json\/wp\/v2\/types\/product"}],"wp:featuredmedia":[{"embeddable":true,"href":"https:\/\/barnmissionen.se\/shop\/wp-json\/wp\/v2\/media\/42"}],"wp:attachment":[{"href":"https:\/\/barnmissionen.se\/shop\/wp-json\/wp\/v2\/media?parent=21"}],"wp:term":[{"taxonomy":"product_brand","embeddable":true,"href":"https:\/\/barnmissionen.se\/shop\/wp-json\/wp\/v2\/product_brand?post=21"},{"taxonomy":"product_cat","embeddable":true,"href":"https:\/\/barnmissionen.se\/shop\/wp-json\/wp\/v2\/product_cat?post=21"},{"taxonomy":"product_tag","embeddable":true,"href":"https:\/\/barnmissionen.se\/shop\/wp-json\/wp\/v2\/product_tag?post=21"}],"curies":[{"name":"wp","href":"https:\/\/api.w.org\/{rel}","templated":true}]}}