{"id":25,"date":"2019-06-19T06:08:24","date_gmt":"2019-06-19T04:08:24","guid":{"rendered":"https:\/\/barnmissionen.se\/shop\/?post_type=product&#038;p=25"},"modified":"2025-02-25T14:52:43","modified_gmt":"2025-02-25T13:52:43","slug":"ko","status":"publish","type":"product","link":"https:\/\/barnmissionen.se\/shop\/produkt\/ko\/","title":{"rendered":"Ko"},"content":{"rendered":"<h2>Varf\u00f6r ska jag ge bort en ko?<\/h2>\n<p>F\u00f6r en fattig och utsatt familj kan en ko fungera som en bank. Det \u00e4r en tillg\u00e5ng som ger avkastning, b\u00e5de genom mj\u00f6lken och genom kalvar som kan s\u00e4ljas. Mj\u00f6lken blir ett n\u00e4ringsrikt tillskott till familjens kost och \u00f6verskottet s\u00e4ljs f\u00f6r att bekosta barnens skolg\u00e5ng samt mat och mediciner.<\/p>\n<p>Kor k\u00f6ps in lokalt och delas ut till fattiga familjer som lever i extrem fattigdom, bland annat i afrikanska l\u00e4nder, i Bangladesh och Moldavien. Mottagaren f\u00e5r ocks\u00e5 en enkel utbildning i djurh\u00e5llning. Korna f\u00f6r\u00e4ndrar familjens hela livssituation och blir en present som f\u00f6r\u00e4ndrar liv!<\/p>\n<p>Priset p\u00e5 kor varierar stort mellan olika l\u00e4nder. Det pris vi angett \u00e4r d\u00e4rf\u00f6r ett riktpris. Ibland kan en ko kosta mer och d\u00e5 kan tv\u00e5 givare gemensamt betala f\u00f6r en ko.<\/p>\n<p>Om behovet av kor \u00e4r uppn\u00e5tt eller efterfr\u00e5gan fr\u00e5n v\u00e5ra partner minskar, f\u00f6rbeh\u00e5ller sig Barnmissionen r\u00e4tten att omf\u00f6rdela medlen inom ramarna f\u00f6r det samlade arbetet.<\/p>\n","protected":false},"excerpt":{"rendered":"<p>Ge bort en ko och f\u00f6r\u00e4ndra livet f\u00f6r en familj. Du namnger kon och f\u00e5r ett fint namnbevis.<\/p>\n","protected":false},"featured_media":38,"template":"","meta":[],"product_brand":[],"product_cat":[16,30],"product_tag":[],"class_list":{"0":"post-25","1":"product","2":"type-product","3":"status-publish","4":"has-post-thumbnail","6":"product_cat-gavor","7":"product_cat-ko","9":"first","10":"instock","11":"downloadable","12":"shipping-taxable","13":"purchasable","14":"product-type-simple"},"_links":{"self":[{"href":"https:\/\/barnmissionen.se\/shop\/wp-json\/wp\/v2\/product\/25","targetHints":{"allow":["GET"]}}],"collection":[{"href":"https:\/\/barnmissionen.se\/shop\/wp-json\/wp\/v2\/product"}],"about":[{"href":"https:\/\/barnmissionen.se\/shop\/wp-json\/wp\/v2\/types\/product"}],"wp:featuredmedia":[{"embeddable":true,"href":"https:\/\/barnmissionen.se\/shop\/wp-json\/wp\/v2\/media\/38"}],"wp:attachment":[{"href":"https:\/\/barnmissionen.se\/shop\/wp-json\/wp\/v2\/media?parent=25"}],"wp:term":[{"taxonomy":"product_brand","embeddable":true,"href":"https:\/\/barnmissionen.se\/shop\/wp-json\/wp\/v2\/product_brand?post=25"},{"taxonomy":"product_cat","embeddable":true,"href":"https:\/\/barnmissionen.se\/shop\/wp-json\/wp\/v2\/product_cat?post=25"},{"taxonomy":"product_tag","embeddable":true,"href":"https:\/\/barnmissionen.se\/shop\/wp-json\/wp\/v2\/product_tag?post=25"}],"curies":[{"name":"wp","href":"https:\/\/api.w.org\/{rel}","templated":true}]}}