{"id":26,"date":"2019-06-19T06:09:35","date_gmt":"2019-06-19T04:09:35","guid":{"rendered":"https:\/\/barnmissionen.se\/shop\/?post_type=product&#038;p=26"},"modified":"2025-02-25T14:30:29","modified_gmt":"2025-02-25T13:30:29","slug":"myggnat","status":"publish","type":"product","link":"https:\/\/barnmissionen.se\/shop\/produkt\/myggnat\/","title":{"rendered":"Myggn\u00e4t"},"content":{"rendered":"<h2>Varf\u00f6r ska jag ge bort myggn\u00e4t?<\/h2>\n<p>Malaria \u00e4r en utbredd och farlig febersjukdom som sprids genom myggbett. 300 miljoner m\u00e4nniskor smittas \u00e5rligen av febersjukdomen och en miljon d\u00f6r av infektionen.<\/p>\n<p>Ett enkelt s\u00e4tt att minska risken f\u00f6r malaria \u00e4r att s\u00e4tta upp myggn\u00e4t \u00f6ver sovplatser. Myggn\u00e4tet ger familjer i Afrika och Asien ett livsavg\u00f6rande och enkelt skydd. Det blir en present som r\u00e4ddar liv!<\/p>\n<p>Om behovet av myggn\u00e4t \u00e4r uppn\u00e5tt eller efterfr\u00e5gan fr\u00e5n v\u00e5ra partner minskar, f\u00f6rbeh\u00e5ller sig Barnmissionen r\u00e4tten att omf\u00f6rdela medlen inom ramarna f\u00f6r det samlade arbetet.<\/p>\n","protected":false},"excerpt":{"rendered":"<p>Ge bort myggn\u00e4t i malariadrabbade omr\u00e5den och r\u00e4dda liv. Du f\u00e5r ett fint g\u00e5vointyg.<\/p>\n","protected":false},"featured_media":37,"template":"","meta":[],"product_brand":[],"product_cat":[16],"product_tag":[],"class_list":{"0":"post-26","1":"product","2":"type-product","3":"status-publish","4":"has-post-thumbnail","6":"product_cat-gavor","8":"first","9":"instock","10":"downloadable","11":"shipping-taxable","12":"purchasable","13":"product-type-simple"},"_links":{"self":[{"href":"https:\/\/barnmissionen.se\/shop\/wp-json\/wp\/v2\/product\/26","targetHints":{"allow":["GET"]}}],"collection":[{"href":"https:\/\/barnmissionen.se\/shop\/wp-json\/wp\/v2\/product"}],"about":[{"href":"https:\/\/barnmissionen.se\/shop\/wp-json\/wp\/v2\/types\/product"}],"wp:featuredmedia":[{"embeddable":true,"href":"https:\/\/barnmissionen.se\/shop\/wp-json\/wp\/v2\/media\/37"}],"wp:attachment":[{"href":"https:\/\/barnmissionen.se\/shop\/wp-json\/wp\/v2\/media?parent=26"}],"wp:term":[{"taxonomy":"product_brand","embeddable":true,"href":"https:\/\/barnmissionen.se\/shop\/wp-json\/wp\/v2\/product_brand?post=26"},{"taxonomy":"product_cat","embeddable":true,"href":"https:\/\/barnmissionen.se\/shop\/wp-json\/wp\/v2\/product_cat?post=26"},{"taxonomy":"product_tag","embeddable":true,"href":"https:\/\/barnmissionen.se\/shop\/wp-json\/wp\/v2\/product_tag?post=26"}],"curies":[{"name":"wp","href":"https:\/\/api.w.org\/{rel}","templated":true}]}}