{"id":28,"date":"2019-06-19T06:11:47","date_gmt":"2019-06-19T04:11:47","guid":{"rendered":"https:\/\/barnmissionen.se\/shop\/?post_type=product&#038;p=28"},"modified":"2026-01-27T14:58:55","modified_gmt":"2026-01-27T13:58:55","slug":"klanning-och-shorts","status":"publish","type":"product","link":"https:\/\/barnmissionen.se\/shop\/produkt\/klanning-och-shorts\/","title":{"rendered":"Kl\u00e4nning och shorts"},"content":{"rendered":"<h2>Varf\u00f6r ska jag ge bort kl\u00e4nning och shorts?<\/h2>\n<p>Att f\u00e5 nya kl\u00e4der \u00e4r alltid en stor gl\u00e4dje f\u00f6r barn \u2013 och det \u00e4r n\u00e5got alldeles speciellt f\u00f6r barn som inte f\u00e5r den m\u00f6jligheten s\u00e5 ofta.<\/p>\n<p>Genom att ge en kl\u00e4nning och ett par shorts till barn i Lokichogio, nordv\u00e4stra Kenya, har du ocks\u00e5 bidragit till att skr\u00e4ddaren som syr kl\u00e4derna f\u00e5r en inkomst. Dessutom hj\u00e4lper \u00f6verskottet till att st\u00f6tta Barnmissionens syprojekt som erbjuder vidareutbildning f\u00f6r skr\u00e4ddare. Det blir en present som ger gl\u00e4dje!<\/p>\n<p>Om behovet av kl\u00e4nning och shorts \u00e4r uppn\u00e5tt eller efterfr\u00e5gan minskar, f\u00f6rbeh\u00e5ller sig Barnmissionen r\u00e4tten att omf\u00f6rdela medlen inom ramarna f\u00f6r arbetet i Lokichogio.<\/p>\n","protected":false},"excerpt":{"rendered":"<p>Ge bort nya kl\u00e4der och sprid gl\u00e4dje. Du f\u00e5r ett fint g\u00e5vointyg.<\/p>\n","protected":false},"featured_media":35,"template":"","meta":[],"product_brand":[],"product_cat":[16],"product_tag":[],"class_list":{"0":"post-28","1":"product","2":"type-product","3":"status-publish","4":"has-post-thumbnail","6":"product_cat-gavor","8":"first","9":"instock","10":"downloadable","11":"shipping-taxable","12":"purchasable","13":"product-type-simple"},"_links":{"self":[{"href":"https:\/\/barnmissionen.se\/shop\/wp-json\/wp\/v2\/product\/28","targetHints":{"allow":["GET"]}}],"collection":[{"href":"https:\/\/barnmissionen.se\/shop\/wp-json\/wp\/v2\/product"}],"about":[{"href":"https:\/\/barnmissionen.se\/shop\/wp-json\/wp\/v2\/types\/product"}],"wp:featuredmedia":[{"embeddable":true,"href":"https:\/\/barnmissionen.se\/shop\/wp-json\/wp\/v2\/media\/35"}],"wp:attachment":[{"href":"https:\/\/barnmissionen.se\/shop\/wp-json\/wp\/v2\/media?parent=28"}],"wp:term":[{"taxonomy":"product_brand","embeddable":true,"href":"https:\/\/barnmissionen.se\/shop\/wp-json\/wp\/v2\/product_brand?post=28"},{"taxonomy":"product_cat","embeddable":true,"href":"https:\/\/barnmissionen.se\/shop\/wp-json\/wp\/v2\/product_cat?post=28"},{"taxonomy":"product_tag","embeddable":true,"href":"https:\/\/barnmissionen.se\/shop\/wp-json\/wp\/v2\/product_tag?post=28"}],"curies":[{"name":"wp","href":"https:\/\/api.w.org\/{rel}","templated":true}]}}