{"id":6837,"date":"2022-11-09T11:17:41","date_gmt":"2022-11-09T10:17:41","guid":{"rendered":"https:\/\/barnmissionen.se\/shop\/?post_type=product&#038;p=6837"},"modified":"2023-11-13T10:22:03","modified_gmt":"2023-11-13T09:22:03","slug":"love-ukraine-armband","status":"publish","type":"product","link":"https:\/\/barnmissionen.se\/shop\/produkt\/love-ukraine-armband\/","title":{"rendered":"Love Ukraine-armband"},"content":{"rendered":"<h2>Varf\u00f6r ska jag k\u00f6pa ett Love Ukraine-armband?<\/h2>\n<p>Sverige och Ukraina har mycket gemensamt, bland annat f\u00e4rgerna i v\u00e5ra flaggor. Love Ukraine-armbandet ger dig en m\u00f6jlighet att visa ditt st\u00f6d f\u00f6r det ukrainska krigsdrabbade folket.<\/p>\n<p>Genom att k\u00f6pa Love Ukraine-armbandet med bl\u00e5gula plastp\u00e4rlor f\u00f6r 60 kronor st\u00f6djer du Barnmissionens humanit\u00e4ra arbete i Ukraina med 45 kronor och arbetsl\u00f6sa kvinnor i Kenya som f\u00e5r 5 kronor f\u00f6r att tillverka armbandet. 10 kronor g\u00e5r till fraktkostnader.<\/p>\n<p>Nu \u00e4r det popul\u00e4ra armbandet tillbaka i lager.<\/p>\n","protected":false},"excerpt":{"rendered":"<p>K\u00f6p ett Love Ukraine-armband och visa ditt st\u00f6d f\u00f6r det ukrainska folket!<\/p>\n","protected":false},"featured_media":6843,"template":"","meta":[],"product_brand":[],"product_cat":[16],"product_tag":[],"class_list":{"0":"post-6837","1":"product","2":"type-product","3":"status-publish","4":"has-post-thumbnail","6":"product_cat-gavor","8":"first","9":"instock","10":"virtual","11":"purchasable","12":"product-type-simple"},"_links":{"self":[{"href":"https:\/\/barnmissionen.se\/shop\/wp-json\/wp\/v2\/product\/6837","targetHints":{"allow":["GET"]}}],"collection":[{"href":"https:\/\/barnmissionen.se\/shop\/wp-json\/wp\/v2\/product"}],"about":[{"href":"https:\/\/barnmissionen.se\/shop\/wp-json\/wp\/v2\/types\/product"}],"wp:featuredmedia":[{"embeddable":true,"href":"https:\/\/barnmissionen.se\/shop\/wp-json\/wp\/v2\/media\/6843"}],"wp:attachment":[{"href":"https:\/\/barnmissionen.se\/shop\/wp-json\/wp\/v2\/media?parent=6837"}],"wp:term":[{"taxonomy":"product_brand","embeddable":true,"href":"https:\/\/barnmissionen.se\/shop\/wp-json\/wp\/v2\/product_brand?post=6837"},{"taxonomy":"product_cat","embeddable":true,"href":"https:\/\/barnmissionen.se\/shop\/wp-json\/wp\/v2\/product_cat?post=6837"},{"taxonomy":"product_tag","embeddable":true,"href":"https:\/\/barnmissionen.se\/shop\/wp-json\/wp\/v2\/product_tag?post=6837"}],"curies":[{"name":"wp","href":"https:\/\/api.w.org\/{rel}","templated":true}]}}