{"id":8613,"date":"2023-11-08T14:56:05","date_gmt":"2023-11-08T13:56:05","guid":{"rendered":"https:\/\/barnmissionen.se\/shop\/?post_type=product&#038;p=8613"},"modified":"2025-12-02T11:49:24","modified_gmt":"2025-12-02T10:49:24","slug":"kamin","status":"publish","type":"product","link":"https:\/\/barnmissionen.se\/shop\/produkt\/kamin\/","title":{"rendered":"Kamin"},"content":{"rendered":"<h2>Varf\u00f6r ska jag ge bort en kamin?<\/h2>\n<p>I krigets Ukraina sl\u00e5s infrastrukturen st\u00e4ndigt ut. D\u00e5 kan en enkel kamin vara enormt viktig. Kaminen \u00e4r gjord i st\u00e5l och v\u00e4ger 20 kilo. Kokplattorna kan anv\u00e4ndas till matlagning utomhus. Under vintern f\u00f6rl\u00e4ngs skorstenen s\u00e5 att r\u00f6ken leds ut. D\u00e5 kan den \u00e4ven v\u00e4rma hus, l\u00e4genheter och skyddsrum.<\/p>\n<p>Kaminerna produceras p\u00e5 plats i Ukraina och distribueras till beh\u00f6vande familjer.<\/p>\n<p>Om behovet av kaminer \u00e4r uppn\u00e5tt eller efterfr\u00e5gan minskar, f\u00f6rbeh\u00e5ller sig Barnmissionen r\u00e4tten att omf\u00f6rdela medlen inom ramarna f\u00f6r det samlade arbetet.<\/p>\n","protected":false},"excerpt":{"rendered":"<p>Ge bort en kamin och hj\u00e4lp en krigsdrabbad familj i Ukraina. Du f\u00e5r ett fint g\u00e5vointyg.<\/p>\n","protected":false},"featured_media":8916,"template":"","meta":[],"product_brand":[],"product_cat":[16],"product_tag":[],"class_list":{"0":"post-8613","1":"product","2":"type-product","3":"status-publish","4":"has-post-thumbnail","6":"product_cat-gavor","8":"first","9":"instock","10":"downloadable","11":"shipping-taxable","12":"purchasable","13":"product-type-simple"},"_links":{"self":[{"href":"https:\/\/barnmissionen.se\/shop\/wp-json\/wp\/v2\/product\/8613","targetHints":{"allow":["GET"]}}],"collection":[{"href":"https:\/\/barnmissionen.se\/shop\/wp-json\/wp\/v2\/product"}],"about":[{"href":"https:\/\/barnmissionen.se\/shop\/wp-json\/wp\/v2\/types\/product"}],"wp:featuredmedia":[{"embeddable":true,"href":"https:\/\/barnmissionen.se\/shop\/wp-json\/wp\/v2\/media\/8916"}],"wp:attachment":[{"href":"https:\/\/barnmissionen.se\/shop\/wp-json\/wp\/v2\/media?parent=8613"}],"wp:term":[{"taxonomy":"product_brand","embeddable":true,"href":"https:\/\/barnmissionen.se\/shop\/wp-json\/wp\/v2\/product_brand?post=8613"},{"taxonomy":"product_cat","embeddable":true,"href":"https:\/\/barnmissionen.se\/shop\/wp-json\/wp\/v2\/product_cat?post=8613"},{"taxonomy":"product_tag","embeddable":true,"href":"https:\/\/barnmissionen.se\/shop\/wp-json\/wp\/v2\/product_tag?post=8613"}],"curies":[{"name":"wp","href":"https:\/\/api.w.org\/{rel}","templated":true}]}}